{"id":1128,"date":"2026-04-28T17:14:07","date_gmt":"2026-04-28T15:14:07","guid":{"rendered":"https:\/\/fundcapp.org\/es\/?page_id=1128"},"modified":"2026-04-28T17:21:30","modified_gmt":"2026-04-28T15:21:30","slug":"aviso-legal","status":"publish","type":"page","link":"https:\/\/fundcapp.org\/es\/aviso-legal\/","title":{"rendered":"Aviso Legal"},"content":{"rendered":"\t\t<div data-elementor-type=\"wp-page\" data-elementor-id=\"1128\" class=\"elementor elementor-1128\" data-elementor-post-type=\"page\">\n\t\t\t\t<div class=\"elementor-element elementor-element-19919dc e-flex e-con-boxed e-con e-parent\" data-id=\"19919dc\" data-element_type=\"container\" data-e-type=\"container\" data-settings=\"{&quot;background_background&quot;:&quot;classic&quot;,&quot;jet_parallax_layout_list&quot;:[]}\">\n\t\t\t\t\t<div class=\"e-con-inner\">\n\t\t\t\t<div class=\"elementor-element elementor-element-97b25e4 elementor-widget elementor-widget-heading\" data-id=\"97b25e4\" data-element_type=\"widget\" data-e-type=\"widget\" data-widget_type=\"heading.default\">\n\t\t\t\t\t<p class=\"elementor-heading-title elementor-size-default\">Aviso Legal<\/p>\t\t\t\t<\/div>\n\t\t\t\t\t<\/div>\n\t\t\t\t<\/div>\n\t\t<div class=\"elementor-element elementor-element-0964481 e-flex e-con-boxed e-con e-parent\" data-id=\"0964481\" data-element_type=\"container\" data-e-type=\"container\" data-settings=\"{&quot;jet_parallax_layout_list&quot;:[]}\">\n\t\t\t\t\t<div class=\"e-con-inner\">\n\t\t<div class=\"elementor-element elementor-element-bfa3027 e-con-full e-flex e-con e-child\" data-id=\"bfa3027\" data-element_type=\"container\" data-e-type=\"container\" data-settings=\"{&quot;jet_parallax_layout_list&quot;:[]}\">\n\t\t\t\t<\/div>\n\t\t<div class=\"elementor-element elementor-element-ffee156 e-con-full e-flex e-con e-child\" data-id=\"ffee156\" data-element_type=\"container\" data-e-type=\"container\" data-settings=\"{&quot;jet_parallax_layout_list&quot;:[]}\">\n\t\t\t\t<div class=\"elementor-element elementor-element-330f51c elementor-widget elementor-widget-text-editor\" data-id=\"330f51c\" data-element_type=\"widget\" data-e-type=\"widget\" data-widget_type=\"text-editor.default\">\n\t\t\t\t\t\t\t\t\t<p>El presente aviso legal regula el uso del sitio web\u00a0<strong>www.fundcapp.org<\/strong>\u00a0(en adelante, el \u201cSitio Web\u201d) de\u00a0<strong>FUNDACION COMITE DE APOYO AL PUEBLO PALESTINO\u00a0<\/strong>con CIF\u00a0<strong>G97983126\u00a0<\/strong>con domicilio en\u00a0<strong>Calle Sellent 3 bj de Valencia 46019 (Valencia), email info@fundcapp.org\u00a0<\/strong>e Inscrita en el\u00a0<strong>Registro de Fundaciones de competencia estatal por Resoluci\u00f3n de 26 de octubre de 2018, siendo el N\u00ba de Registro asignado el 2116<\/strong><\/p><p><strong>LEGISLACION<\/strong><strong><br \/><\/strong>Con car\u00e1cter general las relaciones entre FUNDCAPP con los Usuarios de sus servicios telem\u00e1ticos, presentes en este sitio web, se encuentran sometidas a la legislaci\u00f3n y jurisdicci\u00f3n espa\u00f1ola. En concreto Ley Org\u00e1nica 34\/2002, de 11 de Julio, de Servicios de la Sociedad de la Informaci\u00f3n y de Comercio Electr\u00f3nico, el Reglamento General de Protecci\u00f3n de Datos de la Uni\u00f3n Europea 2016\/679 de 27 de abril de 2016 relativo a la protecci\u00f3n de las personas f\u00edsicas en lo que respecta al tratamiento de datos personales y a la libre circulaci\u00f3n de estos datos y Ley Org\u00e1nica 3\/2018, de 5 de diciembre, de Protecci\u00f3n de Datos de Car\u00e1cter Personal y Garant\u00eda de los Derechos Digitales.<\/p><p><strong>USO Y ACCESO DE USUARIOS<\/strong><\/p><p>El Usuario queda informado, y acepta, que el acceso a la presente web no supone, en modo alguno, el inicio de una relaci\u00f3n comercial con FUNDCAPP o cualquiera de sus distribuidores.<\/p><p><strong>PROPIEDAD INTELECTUAL E INDUSTRIAL<\/strong><\/p><p>Los derechos de propiedad intelectual del contenido de las p\u00e1ginas web, su dise\u00f1o gr\u00e1fico y c\u00f3digos son titularidad de FUNDCAPP y, por tanto, queda prohibida su reproducci\u00f3n, distribuci\u00f3n, comunicaci\u00f3n p\u00fablica, transformaci\u00f3n o cualquier otra actividad que se pueda realizar con los contenidos de sus p\u00e1ginas web ni aun citando las fuentes, salvo consentimiento por escrito de FUNDCAPP<\/p><p><strong>RESERVA DE DERECHOS<\/strong><\/p><p>FUNDCAPP podr\u00e1, cuando lo considere conveniente, realizar correcciones, mejoras o modificaciones en la estructura, dise\u00f1o web, as\u00ed como cualquier informaci\u00f3n contenida en la p\u00e1gina, modificar o eliminar productos, las condiciones de acceso o incluso de uso de la web de forma unilateral y sin previo aviso sin que ello de lugar, ni derecho a ninguna reclamaci\u00f3n o indemnizaci\u00f3n, ni implique reconocimiento de responsabilidad alguna.<\/p><p>FUNDCAPP se reserva el derecho para interrumpir, suspender o terminar la prestaci\u00f3n del servicio del sitio web o de cualquiera de los servicios que lo integran.<\/p><p><strong>EXCLUSI\u00d3N DE GARANT\u00cdAS Y RESPONSABILIDAD<\/strong><\/p><p>FUNDCAPP no otorga ninguna garant\u00eda ni se hace responsable por los da\u00f1os y perjuicios de cualquier naturaleza que se pudiera derivar de:<\/p><ul><li>la falta de disponibilidad y continuidad t\u00e9cnica o del funcionamiento de la p\u00e1gina.<\/li><li>de la existencia de virus, programas maliciosos o lesivos en los contenidos,<\/li><li>de la falta de utilidad, adecuaci\u00f3n o validez de la web, servicios, contenidos con el objeto de responder a las necesidades, actividades o expectativas de los usuarios.<\/li><li>Del uso negligente o il\u00edcito de la web en general que no respeten las normas definidas en el presente aviso legal, a la buena fe, orden p\u00fablico.<\/li><li>Errores<\/li><\/ul><p>La presente web se centra en la promoci\u00f3n y venta de los productos ofertados en el mismo. FUNDCAPP se compromete a respetar la veracidad de los datos<\/p><p>Con respecto a la existencia de errores o imprecisiones en el Sitio Web y debido a que los contenidos han sido redactados de acuerdo a la buena fe y ser\u00e1n subsanados por FUNDCAPP a la mayor brevedad posible y tan pronto como tenga conocimiento de ello.<\/p><p><strong>POL\u00cdTICA DE ENLACES<\/strong><\/p><p>La Web puede incluir \u201clinks\u201d o enlaces de texto o gr\u00e1ficos hacia otras p\u00e1ginas web y contenidos ubicados fuera del sitio web. Los mismos son propiedad de terceros.<\/p><p>www.fundcapp.org utiliza dichos \u201clinks\u201d con el objeto de proporcionar mayor informaci\u00f3n al Usuario. Debido a que son completamente ajenos a FUNDCAPP, \u00e9sta no se responsabiliza en ning\u00fan caso de las mencionadas p\u00e1ginas web, de sus contenidos ni de las consecuencias que pueda acarrear al Usuario el acceso a dichos enlaces.<\/p><p>Asimismo, FUNDCAPP s\u00f3lo autoriza a terceras personas interesadas a que establezcan \u201clinks\u201d desde sus p\u00e1ginas web siempre y cuando cumplan con las obligaciones establecidas en el presente Aviso Legal.<\/p><p>Particularmente el \u201clink\u201d ha de posibilitar que la web se muestre en su totalidad dentro de la pantalla del navegador sin que los contenidos se muestren a trav\u00e9s de marcos o \u201cframes\u201d.<\/p><p>No obstante, lo anterior, FUNDCAPP se reserva el derecho a exigir a dichas terceras personas que retiren inmediatamente los \u201clinks\u201d hacia el Sitio Web cuando as\u00ed lo estime conveniente.<\/p><p>El establecimiento de un \u201clink\u201d no implicar\u00e1 en ning\u00fan caso la existencia de relaciones entre el tercero que incluye el mismo y FUNDCAPP, ni el conocimiento y aceptaci\u00f3n por parte de FUNDCAPP, de los servicios y contenidos ofrecidos en dicha p\u00e1gina web.<\/p><p>FUNDCAPP no asume ning\u00fan tipo de responsabilidad, por los da\u00f1os y perjuicios de toda clase que pudieran derivarse del acceso, mantenimiento, uso, calidad, licitud, fiabilidad, contenidos, informaciones, comunicaciones, opiniones, productos etc., ofrecidos en las webs que no est\u00e1n gestionadas por FUNDCAPP.<\/p><p>Aquellas personas que se propongan establecer hiperenlaces entre su p\u00e1gina Web y la P\u00e1gina deber\u00e1n observar y cumplir las condiciones siguientes:<\/p><p>No ser\u00e1 necesaria autorizaci\u00f3n previa cuando el Hiperenlace permita \u00fanicamente el acceso a la p\u00e1gina de inicio, pero no podr\u00e1 reproducirla de ninguna forma. Cualquier otra forma de Hiperenlace requerir\u00e1 la autorizaci\u00f3n expresa e inequ\u00edvoca por escrito por parte de FUNDCAPP<\/p><p>No se crear\u00e1n \u201cmarcos\u201d (\u201cframes\u201d) con las p\u00e1ginas Web ni sobre las p\u00e1ginas Web de FUNDCAPP<\/p><p>No se realizar\u00e1n manifestaciones o indicaciones falsas, inexactas, u ofensivas sobre FUNDCAPP sus directivos, sus empleados o colaboradores, o de las personas que se relacionen en la P\u00e1gina por cualquier motivo, o de los Usuarios de las P\u00e1gina, o de los Contenidos suministrados.<\/p><p>No se declarar\u00e1 ni se dar\u00e1 a entender que FUNDCAPP ha autorizado el Hiperenlace o que ha supervisado o asumido de cualquier forma los Contenidos ofrecidos o puestos a disposici\u00f3n de la p\u00e1gina Web en la que se establece el Hiperenlace.<\/p><p>La p\u00e1gina Web en la que se establezca el Hiperenlace solo podr\u00e1 contener lo estrictamente necesario para identificar el destino del Hiperenlace.<\/p><p>La p\u00e1gina Web en la que se establezca el Hiperenlace no contendr\u00e1 informaciones o contenidos il\u00edcitos, contrarios a la moral y a las buenas costumbres generalmente aceptadas y al orden p\u00fablico, as\u00ed como tampoco contendr\u00e1 contenidos contrarios a cualesquiera derechos de terceros.<\/p><p><strong>COMUNICACIONES COMERCIALES Y PROMOCIONALES.<\/strong><\/p><p>Una de las finalidades para las que FUNDCAPP trata los datos personales proporcionados por los Usuarios es para remitirles comunicaciones por correo electr\u00f3nico, whatsapp o SMS con informaci\u00f3n relativa a productos, servicios, promociones y ofertas, seg\u00fan los casos en base al inter\u00e9s leg\u00edtimo o a su consentimiento.<\/p><p>En caso de que el Usuario desee dejar de recibir este tipo de comunicaciones por parte de FUNDCAPP o revocar el consentimiento otorgado, puede enviar la solicitud mediante correo electr\u00f3nico a info@fundcapp.org con el Asunto BAJA, adjuntado copia de documento v\u00e1lido de identidad.<\/p><p><strong>REDES SOCIALES<\/strong><\/p><p>La presente web utilizar\u00e1, Redes sociales y comunidades virtuales que se utilizar\u00e1n como medios de comunicaci\u00f3n y promoci\u00f3n de los productos y servicios de FUNDCAPP. Las redes sociales y comunidades virtuales entre las que se podr\u00e1 hacer uso son las siguientes: Facebook, twitter, linkedin, Youtube, Instagram sin perjuicio de que pueda utilizar otras en un futuro. Los objetivos espec\u00edficos a trav\u00e9s de los cuales se usan dichos medios son el apoyo medi\u00e1tico y difusi\u00f3n de los servicios de FUNDCAPP.<\/p><p>Con respecto a la informaci\u00f3n de los contenidos de las redes sociales FUNDCAPP no se hace responsable en ning\u00fan caso de la veracidad, exactitud, adecuaci\u00f3n, idoneidad, y actualizaci\u00f3n de la informaci\u00f3n suministrada a trav\u00e9s de las mismas.<\/p><p>Los contenidos establecidos en las redes sociales son exclusivamente informativos, por lo que no se responsabiliza de las decisiones tomadas por el Usuario a partir de las mismas, ni de los da\u00f1os y perjuicios producidos en el Usuario o en terceros con base en esta informaci\u00f3n.<\/p><p>FUNDCAPP procurar\u00e1 fomentar la calidad de las informaciones a trav\u00e9s de la subsanaci\u00f3n de errores en datos recibidos, as\u00ed como, en la administraci\u00f3n de los sitios, y posibilitar\u00e1 que terceros usuarios puedan reportar denuncias sobre comentarios ofensivos e improcedentes que no tengan que ver con los temas tratados, fotos publicadas o v\u00eddeos igualmente no relacionados con los temas a los que se destina las anteriores Redes sociales y Comunidades.<\/p><p>En estos casos, FUNDCAPP como administrador de las redes, tendr\u00e1 la potestad de borrar toda informaci\u00f3n que no se ajuste a la calidad, objeto y buen servicio informativo y l\u00fadico de las redes sociales. No obstante, pese a la intenci\u00f3n de procurar la m\u00e1xima calidad de contenidos, no se har\u00e1 responsable de las informaciones referidas.<\/p><p>Se informa que el acceso a las redes sociales y comunidades de los que la web hace uso para los objetivos anteriormente descritos requiere de un servicio \/suministro por parte de otros prestadores de servicios de la sociedad de la informaci\u00f3n. FUNDCAPP no puede en ning\u00fan momento responsabilizarse de la fiabilidad, calidad, continuidad y funcionamiento de las mismas, y por tanto no puede impedir su suspenso, cancelaci\u00f3n o inaccesibilidad por causas ajenas a FUNDCAPP.<\/p><p>FUNDCAPP no se responsabilizar\u00e1 de los da\u00f1os o perjuicios que sufra el Usuario por motivos que provengan de fallos o desconexiones en las redes sociales, y que puedan producir p\u00e9rdidas de informaci\u00f3n, suspensiones, cancelaciones o interrupciones del servicio durante la prestaci\u00f3n del mismo o con car\u00e1cter previo.<\/p><p>Las redes sociales y las comunidades pueden permitir el acceso a enlaces y otras p\u00e1ginas web. Atendiendo a la Ley 34\/2002, de 11 de julio, de servicios de la sociedad de la informaci\u00f3n y de comercio electr\u00f3nico, FUNDCAPP act\u00faa como prestador de servicios de intermediaci\u00f3n, por lo que s\u00f3lo ser\u00e1 responsable de los contenidos y servicios suministrados en los Sitios Enlazados, en la medida en que tenga conocimiento efectivo de su ilicitud y no haya actuado con la diligencia debida para retirarlos. Si la persona usuaria considera que alguno de los Sitios Enlazados incluye contenidos il\u00edcitos o inadecuados, podr\u00e1 comunic\u00e1rselo a FUNDCAPP mediante el mail establecido al principio del presente aviso legal, procediendo diligentemente a retirar dichos enlaces. FUNDCAPP en ning\u00fan caso se hace responsable de los contenidos y servicios ofrecidos en los Sitios Enlazados, por lo que no responde de los da\u00f1os producidos por su ilicitud, calidad, desactualizaci\u00f3n, indisponibilidad, error o inutilidad.<\/p><p><strong>PUBLICACIONES<\/strong><\/p><p>El usuario, una vez unido a la red social de FUNDCAPP, en calidad de seguidor podr\u00e1 publicar en \u00e9sta \u00faltima comentarios, enlaces, im\u00e1genes o fotograf\u00edas o cualquier otro tipo de contenido multimedia soportado por la Red Social. El usuario, en todos los casos, debe ser el titular de los mismos, gozar de los derechos de autor y de propiedad intelectual o contar con el consentimiento de los terceros afectados. Se proh\u00edbe expresamente cualquier publicaci\u00f3n en la p\u00e1gina, ya sean textos, gr\u00e1ficos, fotograf\u00edas, v\u00eddeos, etc. que atenten o sean susceptibles de atentar contra la moral, la \u00e9tica, el buen gusto o el decoro, y\/o que infrinjan, violen o quebranten los derechos de propiedad intelectual o industrial, el derecho a la imagen o la Ley. En estos casos, FUNDCAPP se reserva el derecho a retirar de inmediato el contenido, pudiendo solicitar el bloqueo permanente de la persona usuaria.<\/p><p>FUNDCAPP no se har\u00e1 responsable de los contenidos que libremente ha publicado un usuario.<\/p><p>El usuario debe tener presente que sus publicaciones ser\u00e1n conocidas por los otros usuarios, por lo que \u00e9l mismo es el principal responsable de su privacidad.<\/p><p>Las im\u00e1genes que puedan publicarse en la p\u00e1gina no ser\u00e1n almacenadas en ning\u00fan fichero por parte de FUNDCAPP, pero s\u00ed que permanecer\u00e1n en la Red Social.<\/p><p><strong>PUBLICIDAD<\/strong><\/p><p>FUNDCAPP utilizar\u00e1 la Red Social para publicitar sus productos y servicios, en todo caso, si decide tratar sus datos de contacto para realizar acciones directas de prospecci\u00f3n comercial, ser\u00e1 siempre, cumpliendo con las exigencias legales de la RGPD y de la LSSI-CE.<\/p><p>No se considerar\u00e1 publicidad el hecho de recomendar a otros usuarios la p\u00e1gina de FUNDCAPP para que tambi\u00e9n ellos puedan disfrutar de las promociones o estar informados de su actividad.<\/p><p>A continuaci\u00f3n, detallamos el enlace a la pol\u00edtica de privacidad de la Red Social:<\/p><p>Facebook:\u00a0<a href=\"https:\/\/www.facebook.com\/privacy\/explanation\" target=\"_blank\" rel=\"noopener\">https:\/\/www.facebook.com\/privacy\/explanation<\/a><br \/>LinkedIn:\u00a0<a href=\"https:\/\/www.linkedin.com\/legal\/privacy-policy\" target=\"_blank\" rel=\"noopener\">https:\/\/www.linkedin.com\/legal\/privacy-policy<\/a><br \/>Twitter:\u00a0<a href=\"https:\/\/twitter.com\/privacy\" target=\"_blank\" rel=\"noopener\">https:\/\/twitter.com\/privacy<\/a><br \/>Google+:\u00a0<a href=\"https:\/\/www.google.com\/intl\/es_ALL\/+\/policy\/\" target=\"_blank\" rel=\"noopener\">https:\/\/www.google.com\/intl\/es_ALL\/+\/policy\/<\/a><\/p><p style=\"text-align: right;\"><em>\u00daltima revisi\u00f3n: 2 marzo 2022<\/em><\/p>\t\t\t\t\t\t\t\t<\/div>\n\t\t\t\t<\/div>\n\t\t<div class=\"elementor-element elementor-element-8655d97 e-con-full e-flex e-con e-child\" data-id=\"8655d97\" data-element_type=\"container\" data-e-type=\"container\" data-settings=\"{&quot;jet_parallax_layout_list&quot;:[]}\">\n\t\t\t\t<\/div>\n\t\t\t\t\t<\/div>\n\t\t\t\t<\/div>\n\t\t\t\t<\/div>\n\t\t","protected":false},"excerpt":{"rendered":"<p>Aviso Legal El presente aviso legal regula el uso del sitio web\u00a0www.fundcapp.org\u00a0(en adelante, el \u201cSitio Web\u201d) de\u00a0FUNDACION COMITE DE APOYO AL PUEBLO PALESTINO\u00a0con CIF\u00a0G97983126\u00a0con domicilio en\u00a0Calle Sellent 3 bj de Valencia 46019 (Valencia), email info@fundcapp.org\u00a0e Inscrita en el\u00a0Registro de Fundaciones de competencia estatal por Resoluci\u00f3n de 26 de octubre de 2018, siendo el N\u00ba de &#8230; <a title=\"Aviso Legal\" class=\"read-more\" href=\"https:\/\/fundcapp.org\/es\/aviso-legal\/\" aria-label=\"Leer m\u00e1s sobre Aviso Legal\">Leer m\u00e1s<\/a><\/p>\n","protected":false},"author":1,"featured_media":0,"parent":0,"menu_order":0,"comment_status":"closed","ping_status":"closed","template":"elementor_header_footer","meta":{"give_campaign_id":0,"footnotes":""},"class_list":["post-1128","page","type-page","status-publish"],"yoast_head":"<!-- This site is optimized with the Yoast SEO Premium plugin v27.5 (Yoast SEO v27.5) - https:\/\/yoast.com\/product\/yoast-seo-premium-wordpress\/ -->\n<title>Aviso Legal - Fundaci\u00f3n Comit\u00e9 de Apoyo al Pueblo Palestino<\/title>\n<meta name=\"robots\" content=\"index, follow, max-snippet:-1, max-image-preview:large, max-video-preview:-1\" \/>\n<link rel=\"canonical\" href=\"https:\/\/fundcapp.org\/es\/aviso-legal\/\" \/>\n<meta property=\"og:locale\" content=\"es_ES\" \/>\n<meta property=\"og:type\" content=\"article\" \/>\n<meta property=\"og:title\" content=\"Aviso Legal\" \/>\n<meta property=\"og:description\" content=\"Aviso Legal El presente aviso legal regula el uso del sitio web\u00a0www.fundcapp.org\u00a0(en adelante, el \u201cSitio Web\u201d) de\u00a0FUNDACION COMITE DE APOYO AL PUEBLO PALESTINO\u00a0con CIF\u00a0G97983126\u00a0con domicilio en\u00a0Calle Sellent 3 bj de Valencia 46019 (Valencia), email info@fundcapp.org\u00a0e Inscrita en el\u00a0Registro de Fundaciones de competencia estatal por Resoluci\u00f3n de 26 de octubre de 2018, siendo el N\u00ba de ... Leer m\u00e1s\" \/>\n<meta property=\"og:url\" content=\"https:\/\/fundcapp.org\/es\/aviso-legal\/\" \/>\n<meta property=\"og:site_name\" content=\"Fundaci\u00f3n Comit\u00e9 de Apoyo al Pueblo Palestino\" \/>\n<meta property=\"article:modified_time\" content=\"2026-04-28T15:21:30+00:00\" \/>\n<meta name=\"twitter:card\" content=\"summary_large_image\" \/>\n<meta name=\"twitter:label1\" content=\"Tiempo de lectura\" \/>\n\t<meta name=\"twitter:data1\" content=\"11 minutos\" \/>\n<script type=\"application\/ld+json\" class=\"yoast-schema-graph\">{\"@context\":\"https:\\\/\\\/schema.org\",\"@graph\":[{\"@type\":\"WebPage\",\"@id\":\"https:\\\/\\\/fundcapp.org\\\/es\\\/aviso-legal\\\/\",\"url\":\"https:\\\/\\\/fundcapp.org\\\/es\\\/aviso-legal\\\/\",\"name\":\"Aviso Legal - Fundaci\u00f3n Comit\u00e9 de Apoyo al Pueblo Palestino\",\"isPartOf\":{\"@id\":\"https:\\\/\\\/fundcapp.org\\\/es\\\/#website\"},\"datePublished\":\"2026-04-28T15:14:07+00:00\",\"dateModified\":\"2026-04-28T15:21:30+00:00\",\"breadcrumb\":{\"@id\":\"https:\\\/\\\/fundcapp.org\\\/es\\\/aviso-legal\\\/#breadcrumb\"},\"inLanguage\":\"es\",\"potentialAction\":[{\"@type\":\"ReadAction\",\"target\":[\"https:\\\/\\\/fundcapp.org\\\/es\\\/aviso-legal\\\/\"]}]},{\"@type\":\"BreadcrumbList\",\"@id\":\"https:\\\/\\\/fundcapp.org\\\/es\\\/aviso-legal\\\/#breadcrumb\",\"itemListElement\":[{\"@type\":\"ListItem\",\"position\":1,\"name\":\"Home\",\"item\":\"https:\\\/\\\/fundcapp.org\\\/es\\\/\"},{\"@type\":\"ListItem\",\"position\":2,\"name\":\"Aviso Legal\"}]},{\"@type\":\"WebSite\",\"@id\":\"https:\\\/\\\/fundcapp.org\\\/es\\\/#website\",\"url\":\"https:\\\/\\\/fundcapp.org\\\/es\\\/\",\"name\":\"Fundaci\u00f3n Comit\u00e9 de Apoyo al Pueblo Palestino\",\"description\":\"\",\"publisher\":{\"@id\":\"https:\\\/\\\/fundcapp.org\\\/es\\\/#organization\"},\"potentialAction\":[{\"@type\":\"SearchAction\",\"target\":{\"@type\":\"EntryPoint\",\"urlTemplate\":\"https:\\\/\\\/fundcapp.org\\\/es\\\/?s={search_term_string}\"},\"query-input\":{\"@type\":\"PropertyValueSpecification\",\"valueRequired\":true,\"valueName\":\"search_term_string\"}}],\"inLanguage\":\"es\"},{\"@type\":\"Organization\",\"@id\":\"https:\\\/\\\/fundcapp.org\\\/es\\\/#organization\",\"name\":\"Fundaci\u00f3n Comit\u00e9 de Apoyo al Pueblo Palestino\",\"url\":\"https:\\\/\\\/fundcapp.org\\\/es\\\/\",\"logo\":{\"@type\":\"ImageObject\",\"inLanguage\":\"es\",\"@id\":\"https:\\\/\\\/fundcapp.org\\\/es\\\/#\\\/schema\\\/logo\\\/image\\\/\",\"url\":\"https:\\\/\\\/fundcapp.org\\\/es\\\/wp-content\\\/uploads\\\/2026\\\/01\\\/CAPPLogo.png\",\"contentUrl\":\"https:\\\/\\\/fundcapp.org\\\/es\\\/wp-content\\\/uploads\\\/2026\\\/01\\\/CAPPLogo.png\",\"width\":138,\"height\":100,\"caption\":\"Fundaci\u00f3n Comit\u00e9 de Apoyo al Pueblo Palestino\"},\"image\":{\"@id\":\"https:\\\/\\\/fundcapp.org\\\/es\\\/#\\\/schema\\\/logo\\\/image\\\/\"}}]}<\/script>\n<!-- \/ Yoast SEO Premium plugin. -->","yoast_head_json":{"title":"Aviso Legal - Fundaci\u00f3n Comit\u00e9 de Apoyo al Pueblo Palestino","robots":{"index":"index","follow":"follow","max-snippet":"max-snippet:-1","max-image-preview":"max-image-preview:large","max-video-preview":"max-video-preview:-1"},"canonical":"https:\/\/fundcapp.org\/es\/aviso-legal\/","og_locale":"es_ES","og_type":"article","og_title":"Aviso Legal","og_description":"Aviso Legal El presente aviso legal regula el uso del sitio web\u00a0www.fundcapp.org\u00a0(en adelante, el \u201cSitio Web\u201d) de\u00a0FUNDACION COMITE DE APOYO AL PUEBLO PALESTINO\u00a0con CIF\u00a0G97983126\u00a0con domicilio en\u00a0Calle Sellent 3 bj de Valencia 46019 (Valencia), email info@fundcapp.org\u00a0e Inscrita en el\u00a0Registro de Fundaciones de competencia estatal por Resoluci\u00f3n de 26 de octubre de 2018, siendo el N\u00ba de ... Leer m\u00e1s","og_url":"https:\/\/fundcapp.org\/es\/aviso-legal\/","og_site_name":"Fundaci\u00f3n Comit\u00e9 de Apoyo al Pueblo Palestino","article_modified_time":"2026-04-28T15:21:30+00:00","twitter_card":"summary_large_image","twitter_misc":{"Tiempo de lectura":"11 minutos"},"schema":{"@context":"https:\/\/schema.org","@graph":[{"@type":"WebPage","@id":"https:\/\/fundcapp.org\/es\/aviso-legal\/","url":"https:\/\/fundcapp.org\/es\/aviso-legal\/","name":"Aviso Legal - Fundaci\u00f3n Comit\u00e9 de Apoyo al Pueblo Palestino","isPartOf":{"@id":"https:\/\/fundcapp.org\/es\/#website"},"datePublished":"2026-04-28T15:14:07+00:00","dateModified":"2026-04-28T15:21:30+00:00","breadcrumb":{"@id":"https:\/\/fundcapp.org\/es\/aviso-legal\/#breadcrumb"},"inLanguage":"es","potentialAction":[{"@type":"ReadAction","target":["https:\/\/fundcapp.org\/es\/aviso-legal\/"]}]},{"@type":"BreadcrumbList","@id":"https:\/\/fundcapp.org\/es\/aviso-legal\/#breadcrumb","itemListElement":[{"@type":"ListItem","position":1,"name":"Home","item":"https:\/\/fundcapp.org\/es\/"},{"@type":"ListItem","position":2,"name":"Aviso Legal"}]},{"@type":"WebSite","@id":"https:\/\/fundcapp.org\/es\/#website","url":"https:\/\/fundcapp.org\/es\/","name":"Fundaci\u00f3n Comit\u00e9 de Apoyo al Pueblo Palestino","description":"","publisher":{"@id":"https:\/\/fundcapp.org\/es\/#organization"},"potentialAction":[{"@type":"SearchAction","target":{"@type":"EntryPoint","urlTemplate":"https:\/\/fundcapp.org\/es\/?s={search_term_string}"},"query-input":{"@type":"PropertyValueSpecification","valueRequired":true,"valueName":"search_term_string"}}],"inLanguage":"es"},{"@type":"Organization","@id":"https:\/\/fundcapp.org\/es\/#organization","name":"Fundaci\u00f3n Comit\u00e9 de Apoyo al Pueblo Palestino","url":"https:\/\/fundcapp.org\/es\/","logo":{"@type":"ImageObject","inLanguage":"es","@id":"https:\/\/fundcapp.org\/es\/#\/schema\/logo\/image\/","url":"https:\/\/fundcapp.org\/es\/wp-content\/uploads\/2026\/01\/CAPPLogo.png","contentUrl":"https:\/\/fundcapp.org\/es\/wp-content\/uploads\/2026\/01\/CAPPLogo.png","width":138,"height":100,"caption":"Fundaci\u00f3n Comit\u00e9 de Apoyo al Pueblo Palestino"},"image":{"@id":"https:\/\/fundcapp.org\/es\/#\/schema\/logo\/image\/"}}]}},"campaignId":"","_links":{"self":[{"href":"https:\/\/fundcapp.org\/es\/wp-json\/wp\/v2\/pages\/1128","targetHints":{"allow":["GET"]}}],"collection":[{"href":"https:\/\/fundcapp.org\/es\/wp-json\/wp\/v2\/pages"}],"about":[{"href":"https:\/\/fundcapp.org\/es\/wp-json\/wp\/v2\/types\/page"}],"author":[{"embeddable":true,"href":"https:\/\/fundcapp.org\/es\/wp-json\/wp\/v2\/users\/1"}],"replies":[{"embeddable":true,"href":"https:\/\/fundcapp.org\/es\/wp-json\/wp\/v2\/comments?post=1128"}],"version-history":[{"count":4,"href":"https:\/\/fundcapp.org\/es\/wp-json\/wp\/v2\/pages\/1128\/revisions"}],"predecessor-version":[{"id":1133,"href":"https:\/\/fundcapp.org\/es\/wp-json\/wp\/v2\/pages\/1128\/revisions\/1133"}],"wp:attachment":[{"href":"https:\/\/fundcapp.org\/es\/wp-json\/wp\/v2\/media?parent=1128"}],"curies":[{"name":"wp","href":"https:\/\/api.w.org\/{rel}","templated":true}]}}