{"id":1159,"date":"2026-04-28T18:43:03","date_gmt":"2026-04-28T16:43:03","guid":{"rendered":"https:\/\/fundcapp.org\/es\/?page_id=1159"},"modified":"2026-04-28T18:46:24","modified_gmt":"2026-04-28T16:46:24","slug":"terminos-y-condiciones","status":"publish","type":"page","link":"https:\/\/fundcapp.org\/es\/terminos-y-condiciones\/","title":{"rendered":"T\u00e9rminos y Condiciones"},"content":{"rendered":"\t\t<div data-elementor-type=\"wp-page\" data-elementor-id=\"1159\" class=\"elementor elementor-1159\" data-elementor-post-type=\"page\">\n\t\t\t\t<div class=\"elementor-element elementor-element-63fec7a e-flex e-con-boxed e-con e-parent\" data-id=\"63fec7a\" data-element_type=\"container\" data-e-type=\"container\" data-settings=\"{&quot;background_background&quot;:&quot;classic&quot;,&quot;jet_parallax_layout_list&quot;:[]}\">\n\t\t\t\t\t<div class=\"e-con-inner\">\n\t\t\t\t<div class=\"elementor-element elementor-element-7b031b0 elementor-widget elementor-widget-heading\" data-id=\"7b031b0\" data-element_type=\"widget\" data-e-type=\"widget\" data-widget_type=\"heading.default\">\n\t\t\t\t\t<p class=\"elementor-heading-title elementor-size-default\">T\u00e9rminos y Condiciones<\/p>\t\t\t\t<\/div>\n\t\t\t\t\t<\/div>\n\t\t\t\t<\/div>\n\t\t<div class=\"elementor-element elementor-element-8506a2c e-flex e-con-boxed e-con e-parent\" data-id=\"8506a2c\" data-element_type=\"container\" data-e-type=\"container\" data-settings=\"{&quot;jet_parallax_layout_list&quot;:[]}\">\n\t\t\t\t\t<div class=\"e-con-inner\">\n\t\t<div class=\"elementor-element elementor-element-72a8381 e-con-full e-flex e-con e-child\" data-id=\"72a8381\" data-element_type=\"container\" data-e-type=\"container\" data-settings=\"{&quot;jet_parallax_layout_list&quot;:[]}\">\n\t\t\t\t<\/div>\n\t\t<div class=\"elementor-element elementor-element-b2dc938 e-con-full e-flex e-con e-child\" data-id=\"b2dc938\" data-element_type=\"container\" data-e-type=\"container\" data-settings=\"{&quot;jet_parallax_layout_list&quot;:[]}\">\n\t\t\t\t<div class=\"elementor-element elementor-element-ad292ff elementor-widget elementor-widget-text-editor\" data-id=\"ad292ff\" data-element_type=\"widget\" data-e-type=\"widget\" data-widget_type=\"text-editor.default\">\n\t\t\t\t\t\t\t\t\t<div class=\"elementor-element elementor-element-978003b elementor-widget elementor-widget-text-editor\" data-id=\"978003b\" data-element_type=\"widget\" data-widget_type=\"text-editor.default\"><div class=\"elementor-widget-container\"><div class=\"elementor-text-editor elementor-clearfix\"><p>www.fundcapp.org es un sitio web operado por la\u00a0<strong>Fundaci\u00f3n Comit\u00e9 de Apoyo al Pueblo Palestino<\/strong>.<\/p><p>La Fundaci\u00f3n comit\u00e9 de apoyo al pueblo palestino fue constituida con fecha dieciocho de diciembre de 2007 y consta inscrita en el Registro de Fundaciones de competencia estatal por Resoluci\u00f3n de 26 de octubre de 2018, siendo el N\u00ba de Registro asignado el 2116. La inscripci\u00f3n conlleva el reconocimiento del inter\u00e9s general de sus fines y se encuentra incluida entre las reguladas en el art\u00edculo 16 de la Ley 49\/2002 de r\u00e9gimen fiscal de las entidades sin fines lucrativos y de los incentivos fiscales al mecenazgo. Y como empresa con el C.I.F.: G97983126, y tenemos nuestro domicilio social en C\/ Sellent N\u00ba3 bajo. C\u00f3digo postal 46019, Valencia, Espa\u00f1a.<\/p><p>Nosotros procesamos y tratamos informaci\u00f3n sobre usted de acuerdo con nuestra pol\u00edtica de privacidad. Al utilizar el Sitio, usted acepta dicho tratamiento<\/p><p>Los sitios web de Fundaci\u00f3n comit\u00e9 de apoyo al pueblo palestino, proporcionan facilidades internacionales para las donaciones que se hagan en m\u00faltiples monedas. Esto permite que los donantes de cualquier pa\u00eds puedan hacer una donaci\u00f3n a Fundaci\u00f3n comit\u00e9 de apoyo al pueblo palestino en cualquiera de nuestros sitios web, y para que la donaci\u00f3n se haga autom\u00e1ticamente a, y este gestionada por la organizaci\u00f3n local de Fundaci\u00f3n comit\u00e9 de apoyo al pueblo palestino (si usted no es de un pa\u00eds que tiene una oficina de Fundaci\u00f3n comit\u00e9 de apoyo al pueblo palestino, su donaci\u00f3n, y la relaci\u00f3n en curso, ser\u00e1 gestionada por la organizaci\u00f3n Fundaci\u00f3n comit\u00e9 de apoyo al pueblo palestino miembro responsable de los donantes en su pa\u00eds). La organizaci\u00f3n responsable de Fundaci\u00f3n comit\u00e9 de apoyo al pueblo palestino va a ser identificada en la p\u00e1gina de confirmaci\u00f3n de la donaci\u00f3n que va a realizar y tambi\u00e9n ver en el correo electr\u00f3nico de confirmaci\u00f3n de la transacci\u00f3n que usted va a recibir.<\/p><p><em>El usuario con car\u00e1cter previo a la formalizaci\u00f3n de la donaci\u00f3n a\u00a0<\/em>La Fundaci\u00f3n comit\u00e9 de apoyo al pueblo palestino\u00a0<em>deber\u00e1 registrar sus datos y circunstancias personales necesarios para la formalizaci\u00f3n de la misma (nombre y apellidos o raz\u00f3n social, y direcci\u00f3n de correo electr\u00f3nico). Aunque tiene la posibilidad de realizar una donaci\u00f3n an\u00f3nima.<\/em><\/p><p><strong>Se establecen los siguientes sistemas de pago para las donaciones:<\/strong><\/p><ul><li><strong>Paypal<\/strong><\/li><li><strong>Pasarela de Pago \u2013 Tarjeta Visa Mastercard<\/strong><\/li><li><strong>Prepago:<\/strong>\u00a0mediante domiciliaci\u00f3n bancaria<\/li><li><strong>Bizum<\/strong>.<\/li><\/ul><p>Si ha realizado una donaci\u00f3n puede descargarse la documentaci\u00f3n para desgrav\u00e1rsela de su renta, para lo que se le solicitaran los datos necesarios para emitir el certificado\u00a0<em>(nombre y apellidos o raz\u00f3n social, DNI\/NIF, domicilio, direcci\u00f3n de correo electr\u00f3nico, n\u00famero de tel\u00e9fono).<\/em><\/p><p>Tiene derecho a desistir de donaci\u00f3n realizada, en un plazo de 14 d\u00edas naturales sin necesidad de justificaci\u00f3n. El plazo de desistimiento expirar\u00e1 a los 14 d\u00edas naturales del d\u00eda en que usted o un tercero autorizado ejerci\u00f3 la donaci\u00f3n. Para ejercer el derecho de desistimiento, deber\u00e1 notificarnos su decisi\u00f3n de desistir de la donaci\u00f3n enviando un e-mail a la direcci\u00f3n\u00a0<strong><a href=\"mailto:info@fundcapp.org\" target=\"_blank\" rel=\"noopener\">info@fundcapp.org<\/a><\/strong>\u00a0o enviando una solicitud por escrito acompa\u00f1ada de la fotocopia de su DNI y recibo de su donaci\u00f3n dirigida a Fundaci\u00f3n comit\u00e9 de apoyo al pueblo palestino, C\/ Sellent, 3 bajo, 46019, Valencia, Espa\u00f1a. Para cumplir el plazo de desistimiento, basta con que la comunicaci\u00f3n relativa al ejercicio por tu parte de este derecho sea enviada antes de que venza el plazo correspondiente. (14 D\u00edas naturales) .<\/p><p><strong>Consecuencias del desistimiento:<\/strong><\/p><p>En caso de desistimiento por su parte, le devolveremos todos los pagos literalmente recibidos que haya efectuado en nuestra p\u00e1gina online, relacionados con la donaci\u00f3n cancelada de su parte, sin ninguna demora indebida y, en todo caso, a m\u00e1s tardar 14 d\u00edas naturales a partir de la fecha en la que se nos informe de su decisi\u00f3n de desistir de la presente donaci\u00f3n. Procederemos a efectuar dicho reembolso utilizando el mismo medio de pago empleado que usted realizo para la transacci\u00f3n inicial, a no ser que hayas dispuesto expresamente lo contrario; en todo caso, no incurrir\u00e1 en ning\u00fan gasto como consecuencia del reembolso.<\/p><p>Fundaci\u00f3n comit\u00e9 de apoyo al pueblo palestino no se hace responsable de gastos a\u00f1adidos derivados de la operaci\u00f3n de pago online que realiz\u00f3. (comisiones, recargos, etc.)<\/p><p>Que la divisa en la que su donaci\u00f3n llegar\u00e1 a nosotros ser\u00e1 en Euros y la entidad ser\u00e1 la encargada de realizar el cambio de divisa por usted, con el valor de cambio vigente en cada entidad y puede variar.<\/p><\/div><\/div><\/div><div class=\"elementor-element elementor-element-a46e739 elementor-widget elementor-widget-text-editor\" data-id=\"a46e739\" data-element_type=\"widget\" data-widget_type=\"text-editor.default\"><div class=\"elementor-widget-container\"><div class=\"elementor-text-editor elementor-clearfix\"><p style=\"text-align: right;\"><em>\u00daltima revisi\u00f3n: 2 marzo 2022<\/em><\/p><\/div><\/div><\/div>\t\t\t\t\t\t\t\t<\/div>\n\t\t\t\t<\/div>\n\t\t<div class=\"elementor-element elementor-element-81dffb0 e-con-full e-flex e-con e-child\" data-id=\"81dffb0\" data-element_type=\"container\" data-e-type=\"container\" data-settings=\"{&quot;jet_parallax_layout_list&quot;:[]}\">\n\t\t\t\t<\/div>\n\t\t\t\t\t<\/div>\n\t\t\t\t<\/div>\n\t\t\t\t<\/div>\n\t\t","protected":false},"excerpt":{"rendered":"<p>T\u00e9rminos y Condiciones www.fundcapp.org es un sitio web operado por la\u00a0Fundaci\u00f3n Comit\u00e9 de Apoyo al Pueblo Palestino. La Fundaci\u00f3n comit\u00e9 de apoyo al pueblo palestino fue constituida con fecha dieciocho de diciembre de 2007 y consta inscrita en el Registro de Fundaciones de competencia estatal por Resoluci\u00f3n de 26 de octubre de 2018, siendo el &#8230; <a title=\"T\u00e9rminos y Condiciones\" class=\"read-more\" href=\"https:\/\/fundcapp.org\/es\/terminos-y-condiciones\/\" aria-label=\"Leer m\u00e1s sobre T\u00e9rminos y Condiciones\">Leer m\u00e1s<\/a><\/p>\n","protected":false},"author":1,"featured_media":0,"parent":0,"menu_order":0,"comment_status":"closed","ping_status":"closed","template":"elementor_header_footer","meta":{"give_campaign_id":0,"footnotes":""},"class_list":["post-1159","page","type-page","status-publish"],"yoast_head":"<!-- This site is optimized with the Yoast SEO Premium plugin v27.5 (Yoast SEO v27.5) - https:\/\/yoast.com\/product\/yoast-seo-premium-wordpress\/ -->\n<title>T\u00e9rminos y Condiciones - Fundaci\u00f3n Comit\u00e9 de Apoyo al Pueblo Palestino<\/title>\n<meta name=\"robots\" content=\"index, follow, max-snippet:-1, max-image-preview:large, max-video-preview:-1\" \/>\n<link rel=\"canonical\" href=\"https:\/\/fundcapp.org\/es\/terminos-y-condiciones\/\" \/>\n<meta property=\"og:locale\" content=\"es_ES\" \/>\n<meta property=\"og:type\" content=\"article\" \/>\n<meta property=\"og:title\" content=\"T\u00e9rminos y Condiciones\" \/>\n<meta property=\"og:description\" content=\"T\u00e9rminos y Condiciones www.fundcapp.org es un sitio web operado por la\u00a0Fundaci\u00f3n Comit\u00e9 de Apoyo al Pueblo Palestino. La Fundaci\u00f3n comit\u00e9 de apoyo al pueblo palestino fue constituida con fecha dieciocho de diciembre de 2007 y consta inscrita en el Registro de Fundaciones de competencia estatal por Resoluci\u00f3n de 26 de octubre de 2018, siendo el ... Leer m\u00e1s\" \/>\n<meta property=\"og:url\" content=\"https:\/\/fundcapp.org\/es\/terminos-y-condiciones\/\" \/>\n<meta property=\"og:site_name\" content=\"Fundaci\u00f3n Comit\u00e9 de Apoyo al Pueblo Palestino\" \/>\n<meta property=\"article:modified_time\" content=\"2026-04-28T16:46:24+00:00\" \/>\n<meta name=\"twitter:card\" content=\"summary_large_image\" \/>\n<meta name=\"twitter:label1\" content=\"Tiempo de lectura\" \/>\n\t<meta name=\"twitter:data1\" content=\"4 minutos\" \/>\n<script type=\"application\/ld+json\" class=\"yoast-schema-graph\">{\"@context\":\"https:\\\/\\\/schema.org\",\"@graph\":[{\"@type\":\"WebPage\",\"@id\":\"https:\\\/\\\/fundcapp.org\\\/es\\\/terminos-y-condiciones\\\/\",\"url\":\"https:\\\/\\\/fundcapp.org\\\/es\\\/terminos-y-condiciones\\\/\",\"name\":\"T\u00e9rminos y Condiciones - Fundaci\u00f3n Comit\u00e9 de Apoyo al Pueblo Palestino\",\"isPartOf\":{\"@id\":\"https:\\\/\\\/fundcapp.org\\\/es\\\/#website\"},\"datePublished\":\"2026-04-28T16:43:03+00:00\",\"dateModified\":\"2026-04-28T16:46:24+00:00\",\"breadcrumb\":{\"@id\":\"https:\\\/\\\/fundcapp.org\\\/es\\\/terminos-y-condiciones\\\/#breadcrumb\"},\"inLanguage\":\"es\",\"potentialAction\":[{\"@type\":\"ReadAction\",\"target\":[\"https:\\\/\\\/fundcapp.org\\\/es\\\/terminos-y-condiciones\\\/\"]}]},{\"@type\":\"BreadcrumbList\",\"@id\":\"https:\\\/\\\/fundcapp.org\\\/es\\\/terminos-y-condiciones\\\/#breadcrumb\",\"itemListElement\":[{\"@type\":\"ListItem\",\"position\":1,\"name\":\"Home\",\"item\":\"https:\\\/\\\/fundcapp.org\\\/es\\\/\"},{\"@type\":\"ListItem\",\"position\":2,\"name\":\"T\u00e9rminos y Condiciones\"}]},{\"@type\":\"WebSite\",\"@id\":\"https:\\\/\\\/fundcapp.org\\\/es\\\/#website\",\"url\":\"https:\\\/\\\/fundcapp.org\\\/es\\\/\",\"name\":\"Fundaci\u00f3n Comit\u00e9 de Apoyo al Pueblo Palestino\",\"description\":\"\",\"publisher\":{\"@id\":\"https:\\\/\\\/fundcapp.org\\\/es\\\/#organization\"},\"potentialAction\":[{\"@type\":\"SearchAction\",\"target\":{\"@type\":\"EntryPoint\",\"urlTemplate\":\"https:\\\/\\\/fundcapp.org\\\/es\\\/?s={search_term_string}\"},\"query-input\":{\"@type\":\"PropertyValueSpecification\",\"valueRequired\":true,\"valueName\":\"search_term_string\"}}],\"inLanguage\":\"es\"},{\"@type\":\"Organization\",\"@id\":\"https:\\\/\\\/fundcapp.org\\\/es\\\/#organization\",\"name\":\"Fundaci\u00f3n Comit\u00e9 de Apoyo al Pueblo Palestino\",\"url\":\"https:\\\/\\\/fundcapp.org\\\/es\\\/\",\"logo\":{\"@type\":\"ImageObject\",\"inLanguage\":\"es\",\"@id\":\"https:\\\/\\\/fundcapp.org\\\/es\\\/#\\\/schema\\\/logo\\\/image\\\/\",\"url\":\"https:\\\/\\\/fundcapp.org\\\/es\\\/wp-content\\\/uploads\\\/2026\\\/01\\\/CAPPLogo.png\",\"contentUrl\":\"https:\\\/\\\/fundcapp.org\\\/es\\\/wp-content\\\/uploads\\\/2026\\\/01\\\/CAPPLogo.png\",\"width\":138,\"height\":100,\"caption\":\"Fundaci\u00f3n Comit\u00e9 de Apoyo al Pueblo Palestino\"},\"image\":{\"@id\":\"https:\\\/\\\/fundcapp.org\\\/es\\\/#\\\/schema\\\/logo\\\/image\\\/\"}}]}<\/script>\n<!-- \/ Yoast SEO Premium plugin. -->","yoast_head_json":{"title":"T\u00e9rminos y Condiciones - Fundaci\u00f3n Comit\u00e9 de Apoyo al Pueblo Palestino","robots":{"index":"index","follow":"follow","max-snippet":"max-snippet:-1","max-image-preview":"max-image-preview:large","max-video-preview":"max-video-preview:-1"},"canonical":"https:\/\/fundcapp.org\/es\/terminos-y-condiciones\/","og_locale":"es_ES","og_type":"article","og_title":"T\u00e9rminos y Condiciones","og_description":"T\u00e9rminos y Condiciones www.fundcapp.org es un sitio web operado por la\u00a0Fundaci\u00f3n Comit\u00e9 de Apoyo al Pueblo Palestino. La Fundaci\u00f3n comit\u00e9 de apoyo al pueblo palestino fue constituida con fecha dieciocho de diciembre de 2007 y consta inscrita en el Registro de Fundaciones de competencia estatal por Resoluci\u00f3n de 26 de octubre de 2018, siendo el ... Leer m\u00e1s","og_url":"https:\/\/fundcapp.org\/es\/terminos-y-condiciones\/","og_site_name":"Fundaci\u00f3n Comit\u00e9 de Apoyo al Pueblo Palestino","article_modified_time":"2026-04-28T16:46:24+00:00","twitter_card":"summary_large_image","twitter_misc":{"Tiempo de lectura":"4 minutos"},"schema":{"@context":"https:\/\/schema.org","@graph":[{"@type":"WebPage","@id":"https:\/\/fundcapp.org\/es\/terminos-y-condiciones\/","url":"https:\/\/fundcapp.org\/es\/terminos-y-condiciones\/","name":"T\u00e9rminos y Condiciones - Fundaci\u00f3n Comit\u00e9 de Apoyo al Pueblo Palestino","isPartOf":{"@id":"https:\/\/fundcapp.org\/es\/#website"},"datePublished":"2026-04-28T16:43:03+00:00","dateModified":"2026-04-28T16:46:24+00:00","breadcrumb":{"@id":"https:\/\/fundcapp.org\/es\/terminos-y-condiciones\/#breadcrumb"},"inLanguage":"es","potentialAction":[{"@type":"ReadAction","target":["https:\/\/fundcapp.org\/es\/terminos-y-condiciones\/"]}]},{"@type":"BreadcrumbList","@id":"https:\/\/fundcapp.org\/es\/terminos-y-condiciones\/#breadcrumb","itemListElement":[{"@type":"ListItem","position":1,"name":"Home","item":"https:\/\/fundcapp.org\/es\/"},{"@type":"ListItem","position":2,"name":"T\u00e9rminos y Condiciones"}]},{"@type":"WebSite","@id":"https:\/\/fundcapp.org\/es\/#website","url":"https:\/\/fundcapp.org\/es\/","name":"Fundaci\u00f3n Comit\u00e9 de Apoyo al Pueblo Palestino","description":"","publisher":{"@id":"https:\/\/fundcapp.org\/es\/#organization"},"potentialAction":[{"@type":"SearchAction","target":{"@type":"EntryPoint","urlTemplate":"https:\/\/fundcapp.org\/es\/?s={search_term_string}"},"query-input":{"@type":"PropertyValueSpecification","valueRequired":true,"valueName":"search_term_string"}}],"inLanguage":"es"},{"@type":"Organization","@id":"https:\/\/fundcapp.org\/es\/#organization","name":"Fundaci\u00f3n Comit\u00e9 de Apoyo al Pueblo Palestino","url":"https:\/\/fundcapp.org\/es\/","logo":{"@type":"ImageObject","inLanguage":"es","@id":"https:\/\/fundcapp.org\/es\/#\/schema\/logo\/image\/","url":"https:\/\/fundcapp.org\/es\/wp-content\/uploads\/2026\/01\/CAPPLogo.png","contentUrl":"https:\/\/fundcapp.org\/es\/wp-content\/uploads\/2026\/01\/CAPPLogo.png","width":138,"height":100,"caption":"Fundaci\u00f3n Comit\u00e9 de Apoyo al Pueblo Palestino"},"image":{"@id":"https:\/\/fundcapp.org\/es\/#\/schema\/logo\/image\/"}}]}},"campaignId":"","_links":{"self":[{"href":"https:\/\/fundcapp.org\/es\/wp-json\/wp\/v2\/pages\/1159","targetHints":{"allow":["GET"]}}],"collection":[{"href":"https:\/\/fundcapp.org\/es\/wp-json\/wp\/v2\/pages"}],"about":[{"href":"https:\/\/fundcapp.org\/es\/wp-json\/wp\/v2\/types\/page"}],"author":[{"embeddable":true,"href":"https:\/\/fundcapp.org\/es\/wp-json\/wp\/v2\/users\/1"}],"replies":[{"embeddable":true,"href":"https:\/\/fundcapp.org\/es\/wp-json\/wp\/v2\/comments?post=1159"}],"version-history":[{"count":4,"href":"https:\/\/fundcapp.org\/es\/wp-json\/wp\/v2\/pages\/1159\/revisions"}],"predecessor-version":[{"id":1165,"href":"https:\/\/fundcapp.org\/es\/wp-json\/wp\/v2\/pages\/1159\/revisions\/1165"}],"wp:attachment":[{"href":"https:\/\/fundcapp.org\/es\/wp-json\/wp\/v2\/media?parent=1159"}],"curies":[{"name":"wp","href":"https:\/\/api.w.org\/{rel}","templated":true}]}}