{"id":1167,"date":"2026-04-28T18:48:38","date_gmt":"2026-04-28T16:48:38","guid":{"rendered":"https:\/\/fundcapp.org\/es\/?page_id=1167"},"modified":"2026-04-28T18:52:20","modified_gmt":"2026-04-28T16:52:20","slug":"canal-de-denuncias","status":"publish","type":"page","link":"https:\/\/fundcapp.org\/es\/canal-de-denuncias\/","title":{"rendered":"Canal de Denuncias"},"content":{"rendered":"\t\t<div data-elementor-type=\"wp-page\" data-elementor-id=\"1167\" class=\"elementor elementor-1167\" data-elementor-post-type=\"page\">\n\t\t\t\t<div class=\"elementor-element elementor-element-4a3e22b e-flex e-con-boxed e-con e-parent\" data-id=\"4a3e22b\" data-element_type=\"container\" data-e-type=\"container\" data-settings=\"{&quot;background_background&quot;:&quot;classic&quot;,&quot;jet_parallax_layout_list&quot;:[]}\">\n\t\t\t\t\t<div class=\"e-con-inner\">\n\t\t\t\t<div class=\"elementor-element elementor-element-7ded237 elementor-widget elementor-widget-heading\" data-id=\"7ded237\" data-element_type=\"widget\" data-e-type=\"widget\" data-widget_type=\"heading.default\">\n\t\t\t\t\t<p class=\"elementor-heading-title elementor-size-default\">Canal de Denuncias<\/p>\t\t\t\t<\/div>\n\t\t\t\t\t<\/div>\n\t\t\t\t<\/div>\n\t\t<div class=\"elementor-element elementor-element-605c3b9 e-flex e-con-boxed e-con e-parent\" data-id=\"605c3b9\" data-element_type=\"container\" data-e-type=\"container\" data-settings=\"{&quot;jet_parallax_layout_list&quot;:[]}\">\n\t\t\t\t\t<div class=\"e-con-inner\">\n\t\t<div class=\"elementor-element elementor-element-efb9fee e-con-full e-flex e-con e-child\" data-id=\"efb9fee\" data-element_type=\"container\" data-e-type=\"container\" data-settings=\"{&quot;jet_parallax_layout_list&quot;:[]}\">\n\t\t\t\t<\/div>\n\t\t<div class=\"elementor-element elementor-element-bf06a9e e-con-full e-flex e-con e-child\" data-id=\"bf06a9e\" data-element_type=\"container\" data-e-type=\"container\" data-settings=\"{&quot;jet_parallax_layout_list&quot;:[]}\">\n\t\t\t\t<div class=\"elementor-element elementor-element-c7507a0 elementor-widget elementor-widget-text-editor\" data-id=\"c7507a0\" data-element_type=\"widget\" data-e-type=\"widget\" data-widget_type=\"text-editor.default\">\n\t\t\t\t\t\t\t\t\t<p>Cualquier persona que se relaciona con FUNDACION COMITE DE APOYO AL PUEBLO PALESTINO, en adelante FUNDCAPP podr\u00e1 denunciar las conductas constitutivas de infracci\u00f3n del ordenamiento jur\u00eddico y de los deberes y obligaciones que derivan de los Protocolos, C\u00f3digos y Pol\u00edticas aprobadas por el FUNDCAPP.<\/p><p>Por ello, el FUNDCAPP ha implantado un Canal interno de Denuncias que permite seguimiento, detecci\u00f3n y correcci\u00f3n de malas pr\u00e1cticas realizadas por el personal y la empresa.<\/p><p>La existencia de dicho canal no impide la presentaci\u00f3n de denuncias por otros canales externos tanto de \u00e1mbito estatal como auton\u00f3mico existentes o que puedan implementarse por las Administraciones competentes para proteger a los denunciantes conforme a lo dispuesto en la Directiva 2019\/1937 de protecci\u00f3n del denunciante.<\/p><p>Todo empleado, proveedor, cliente y\/o miembro del \u00f3rgano de la direcci\u00f3n del FUNDCAPP que tenga conocimiento de cualquier incumplimiento de la normativa legal vigente, que contravengan los compromisos recogidos en el C\u00f3digo \u00c9tico o que vulneren las pol\u00edticas, normas o procedimientos de la entidad, tienen el deber de denunciar tales conductas a trav\u00e9s del Canal de Denuncias de manera diligente.<\/p><p>El Canal de Denuncias se articula como una herramienta confidencial y cuya utilizaci\u00f3n no conllevar\u00e1 represalias, remiti\u00e9ndonos a tal efecto a cuanto resulte de aplicaci\u00f3n de la Directiva (UE) 2019\/1937 del Parlamento Europeo y del Consejo, de 23 de octubre de 2019 relativa a la protecci\u00f3n de las personas que informen sobre infracciones del Derecho de la Uni\u00f3n y a la legislaci\u00f3n de desarrollo que se apruebe por el Estado.<\/p><p>A tal efecto, el FUNDCAPP pone a disposici\u00f3n de dichas personas las siguientes v\u00edas de comunicaci\u00f3n:<\/p><ul><li>Plataforma\u00a0<strong>web<\/strong>fundcapp.org<\/li><li>Direcci\u00f3n de\u00a0<strong>correo electr\u00f3nico<\/strong>: info@fundcapp.org<\/li><li>N\u00famero de\u00a0<strong>tel\u00e9fono<\/strong>: 963664121<\/li><li><strong>Direcci\u00f3n postal<\/strong>: Calle Sellent 3 bj de Valencia 46019 (Valencia).<\/li><\/ul><p>Forma de presentaci\u00f3n de denuncias:<\/p><p>Las denuncias pueden llevarse a cabo bien de forma\u00a0<strong>an\u00f3nima o con identidad reservada<\/strong>\u00a0desde nuestra web en www.fundcapp.org<\/p><p>Tambi\u00e9n podr\u00e1 presentarse denuncia por\u00a0<strong>escrito<\/strong>\u00a0a trav\u00e9s de correo postal o email; o de forma\u00a0<strong>verbal<\/strong>\u00a0por v\u00eda telef\u00f3nica o sistema de mensajer\u00eda de voz. Las denuncias que se realicen a trav\u00e9s de estas v\u00edas deber\u00e1n contener, como m\u00ednimo, los siguientes elementos:<\/p><ul><li><strong>Identidad<\/strong>\u00a0del denunciado\/a: nombre y apellidos, as\u00ed como aquellos otros datos que se conozcan y se consideren relevantes para la identificaci\u00f3n del\/de la presunto\/a infractor\/a.<\/li><li><strong>Motivo<\/strong>\u00a0de la denuncia: descripci\u00f3n de los hechos o circunstancias que a criterio del\/de la denunciante constituyen un incumplimiento o irregularidad.<\/li><li><strong>Evidencias<\/strong>\u00a0concretas que den soporte a la denuncia: todos aquellos documentos de los que se disponga que soporten la creencia de la comisi\u00f3n de la irregularidad descrita en el motivo de la denuncia.<\/li><li>En su caso, el denunciante podr\u00e1 indicar un domicilio, correo electr\u00f3nico o lugar seguro a los efectos de recibir notificaciones. Asimismo, en cualquier momento podr\u00e1 el denunciante renunciar expresamente a la recepci\u00f3n de cualquier comunicaci\u00f3n respecto de las actuaciones realizadas a consecuencia de la denuncia.<\/li><\/ul>\t\t\t\t\t\t\t\t<\/div>\n\t\t\t\t<div class=\"elementor-element elementor-element-e175433 elementor-align-center elementor-widget elementor-widget-button\" data-id=\"e175433\" data-element_type=\"widget\" data-e-type=\"widget\" data-widget_type=\"button.default\">\n\t\t\t\t\t\t\t\t\t\t<a class=\"elementor-button elementor-button-link elementor-size-sm\" href=\"https:\/\/www.etcanaldenuncias.com\/canal.aspx?proyecto=FUNDCAPP&#038;idioma=espa%C3%B1ol\" target=\"_blank\" rel=\"nofollow\">\n\t\t\t\t\t\t<span class=\"elementor-button-content-wrapper\">\n\t\t\t\t\t\t\t\t\t<span class=\"elementor-button-text\">Acceder al canal de denuncias<\/span>\n\t\t\t\t\t<\/span>\n\t\t\t\t\t<\/a>\n\t\t\t\t\t\t\t\t<\/div>\n\t\t\t\t<\/div>\n\t\t<div class=\"elementor-element elementor-element-fd8877f e-con-full e-flex e-con e-child\" data-id=\"fd8877f\" data-element_type=\"container\" data-e-type=\"container\" data-settings=\"{&quot;jet_parallax_layout_list&quot;:[]}\">\n\t\t\t\t<\/div>\n\t\t\t\t\t<\/div>\n\t\t\t\t<\/div>\n\t\t\t\t<\/div>\n\t\t","protected":false},"excerpt":{"rendered":"<p>Canal de Denuncias Cualquier persona que se relaciona con FUNDACION COMITE DE APOYO AL PUEBLO PALESTINO, en adelante FUNDCAPP podr\u00e1 denunciar las conductas constitutivas de infracci\u00f3n del ordenamiento jur\u00eddico y de los deberes y obligaciones que derivan de los Protocolos, C\u00f3digos y Pol\u00edticas aprobadas por el FUNDCAPP. Por ello, el FUNDCAPP ha implantado un Canal &#8230; <a title=\"Canal de Denuncias\" class=\"read-more\" href=\"https:\/\/fundcapp.org\/es\/canal-de-denuncias\/\" aria-label=\"Leer m\u00e1s sobre Canal de Denuncias\">Leer m\u00e1s<\/a><\/p>\n","protected":false},"author":1,"featured_media":0,"parent":0,"menu_order":0,"comment_status":"closed","ping_status":"closed","template":"elementor_header_footer","meta":{"give_campaign_id":0,"footnotes":""},"class_list":["post-1167","page","type-page","status-publish"],"yoast_head":"<!-- This site is optimized with the Yoast SEO Premium plugin v27.5 (Yoast SEO v27.5) - https:\/\/yoast.com\/product\/yoast-seo-premium-wordpress\/ -->\n<title>Canal de Denuncias - Fundaci\u00f3n Comit\u00e9 de Apoyo al Pueblo Palestino<\/title>\n<meta name=\"robots\" content=\"index, follow, max-snippet:-1, max-image-preview:large, max-video-preview:-1\" \/>\n<link rel=\"canonical\" href=\"https:\/\/fundcapp.org\/es\/canal-de-denuncias\/\" \/>\n<meta property=\"og:locale\" content=\"es_ES\" \/>\n<meta property=\"og:type\" content=\"article\" \/>\n<meta property=\"og:title\" content=\"Canal de Denuncias\" \/>\n<meta property=\"og:description\" content=\"Canal de Denuncias Cualquier persona que se relaciona con FUNDACION COMITE DE APOYO AL PUEBLO PALESTINO, en adelante FUNDCAPP podr\u00e1 denunciar las conductas constitutivas de infracci\u00f3n del ordenamiento jur\u00eddico y de los deberes y obligaciones que derivan de los Protocolos, C\u00f3digos y Pol\u00edticas aprobadas por el FUNDCAPP. Por ello, el FUNDCAPP ha implantado un Canal ... Leer m\u00e1s\" \/>\n<meta property=\"og:url\" content=\"https:\/\/fundcapp.org\/es\/canal-de-denuncias\/\" \/>\n<meta property=\"og:site_name\" content=\"Fundaci\u00f3n Comit\u00e9 de Apoyo al Pueblo Palestino\" \/>\n<meta property=\"article:modified_time\" content=\"2026-04-28T16:52:20+00:00\" \/>\n<meta name=\"twitter:card\" content=\"summary_large_image\" \/>\n<meta name=\"twitter:label1\" content=\"Tiempo de lectura\" \/>\n\t<meta name=\"twitter:data1\" content=\"3 minutos\" \/>\n<script type=\"application\/ld+json\" class=\"yoast-schema-graph\">{\"@context\":\"https:\\\/\\\/schema.org\",\"@graph\":[{\"@type\":\"WebPage\",\"@id\":\"https:\\\/\\\/fundcapp.org\\\/es\\\/canal-de-denuncias\\\/\",\"url\":\"https:\\\/\\\/fundcapp.org\\\/es\\\/canal-de-denuncias\\\/\",\"name\":\"Canal de Denuncias - Fundaci\u00f3n Comit\u00e9 de Apoyo al Pueblo Palestino\",\"isPartOf\":{\"@id\":\"https:\\\/\\\/fundcapp.org\\\/es\\\/#website\"},\"datePublished\":\"2026-04-28T16:48:38+00:00\",\"dateModified\":\"2026-04-28T16:52:20+00:00\",\"breadcrumb\":{\"@id\":\"https:\\\/\\\/fundcapp.org\\\/es\\\/canal-de-denuncias\\\/#breadcrumb\"},\"inLanguage\":\"es\",\"potentialAction\":[{\"@type\":\"ReadAction\",\"target\":[\"https:\\\/\\\/fundcapp.org\\\/es\\\/canal-de-denuncias\\\/\"]}]},{\"@type\":\"BreadcrumbList\",\"@id\":\"https:\\\/\\\/fundcapp.org\\\/es\\\/canal-de-denuncias\\\/#breadcrumb\",\"itemListElement\":[{\"@type\":\"ListItem\",\"position\":1,\"name\":\"Home\",\"item\":\"https:\\\/\\\/fundcapp.org\\\/es\\\/\"},{\"@type\":\"ListItem\",\"position\":2,\"name\":\"Canal de Denuncias\"}]},{\"@type\":\"WebSite\",\"@id\":\"https:\\\/\\\/fundcapp.org\\\/es\\\/#website\",\"url\":\"https:\\\/\\\/fundcapp.org\\\/es\\\/\",\"name\":\"Fundaci\u00f3n Comit\u00e9 de Apoyo al Pueblo Palestino\",\"description\":\"\",\"publisher\":{\"@id\":\"https:\\\/\\\/fundcapp.org\\\/es\\\/#organization\"},\"potentialAction\":[{\"@type\":\"SearchAction\",\"target\":{\"@type\":\"EntryPoint\",\"urlTemplate\":\"https:\\\/\\\/fundcapp.org\\\/es\\\/?s={search_term_string}\"},\"query-input\":{\"@type\":\"PropertyValueSpecification\",\"valueRequired\":true,\"valueName\":\"search_term_string\"}}],\"inLanguage\":\"es\"},{\"@type\":\"Organization\",\"@id\":\"https:\\\/\\\/fundcapp.org\\\/es\\\/#organization\",\"name\":\"Fundaci\u00f3n Comit\u00e9 de Apoyo al Pueblo Palestino\",\"url\":\"https:\\\/\\\/fundcapp.org\\\/es\\\/\",\"logo\":{\"@type\":\"ImageObject\",\"inLanguage\":\"es\",\"@id\":\"https:\\\/\\\/fundcapp.org\\\/es\\\/#\\\/schema\\\/logo\\\/image\\\/\",\"url\":\"https:\\\/\\\/fundcapp.org\\\/es\\\/wp-content\\\/uploads\\\/2026\\\/01\\\/CAPPLogo.png\",\"contentUrl\":\"https:\\\/\\\/fundcapp.org\\\/es\\\/wp-content\\\/uploads\\\/2026\\\/01\\\/CAPPLogo.png\",\"width\":138,\"height\":100,\"caption\":\"Fundaci\u00f3n Comit\u00e9 de Apoyo al Pueblo Palestino\"},\"image\":{\"@id\":\"https:\\\/\\\/fundcapp.org\\\/es\\\/#\\\/schema\\\/logo\\\/image\\\/\"}}]}<\/script>\n<!-- \/ Yoast SEO Premium plugin. -->","yoast_head_json":{"title":"Canal de Denuncias - Fundaci\u00f3n Comit\u00e9 de Apoyo al Pueblo Palestino","robots":{"index":"index","follow":"follow","max-snippet":"max-snippet:-1","max-image-preview":"max-image-preview:large","max-video-preview":"max-video-preview:-1"},"canonical":"https:\/\/fundcapp.org\/es\/canal-de-denuncias\/","og_locale":"es_ES","og_type":"article","og_title":"Canal de Denuncias","og_description":"Canal de Denuncias Cualquier persona que se relaciona con FUNDACION COMITE DE APOYO AL PUEBLO PALESTINO, en adelante FUNDCAPP podr\u00e1 denunciar las conductas constitutivas de infracci\u00f3n del ordenamiento jur\u00eddico y de los deberes y obligaciones que derivan de los Protocolos, C\u00f3digos y Pol\u00edticas aprobadas por el FUNDCAPP. Por ello, el FUNDCAPP ha implantado un Canal ... Leer m\u00e1s","og_url":"https:\/\/fundcapp.org\/es\/canal-de-denuncias\/","og_site_name":"Fundaci\u00f3n Comit\u00e9 de Apoyo al Pueblo Palestino","article_modified_time":"2026-04-28T16:52:20+00:00","twitter_card":"summary_large_image","twitter_misc":{"Tiempo de lectura":"3 minutos"},"schema":{"@context":"https:\/\/schema.org","@graph":[{"@type":"WebPage","@id":"https:\/\/fundcapp.org\/es\/canal-de-denuncias\/","url":"https:\/\/fundcapp.org\/es\/canal-de-denuncias\/","name":"Canal de Denuncias - Fundaci\u00f3n Comit\u00e9 de Apoyo al Pueblo Palestino","isPartOf":{"@id":"https:\/\/fundcapp.org\/es\/#website"},"datePublished":"2026-04-28T16:48:38+00:00","dateModified":"2026-04-28T16:52:20+00:00","breadcrumb":{"@id":"https:\/\/fundcapp.org\/es\/canal-de-denuncias\/#breadcrumb"},"inLanguage":"es","potentialAction":[{"@type":"ReadAction","target":["https:\/\/fundcapp.org\/es\/canal-de-denuncias\/"]}]},{"@type":"BreadcrumbList","@id":"https:\/\/fundcapp.org\/es\/canal-de-denuncias\/#breadcrumb","itemListElement":[{"@type":"ListItem","position":1,"name":"Home","item":"https:\/\/fundcapp.org\/es\/"},{"@type":"ListItem","position":2,"name":"Canal de Denuncias"}]},{"@type":"WebSite","@id":"https:\/\/fundcapp.org\/es\/#website","url":"https:\/\/fundcapp.org\/es\/","name":"Fundaci\u00f3n Comit\u00e9 de Apoyo al Pueblo Palestino","description":"","publisher":{"@id":"https:\/\/fundcapp.org\/es\/#organization"},"potentialAction":[{"@type":"SearchAction","target":{"@type":"EntryPoint","urlTemplate":"https:\/\/fundcapp.org\/es\/?s={search_term_string}"},"query-input":{"@type":"PropertyValueSpecification","valueRequired":true,"valueName":"search_term_string"}}],"inLanguage":"es"},{"@type":"Organization","@id":"https:\/\/fundcapp.org\/es\/#organization","name":"Fundaci\u00f3n Comit\u00e9 de Apoyo al Pueblo Palestino","url":"https:\/\/fundcapp.org\/es\/","logo":{"@type":"ImageObject","inLanguage":"es","@id":"https:\/\/fundcapp.org\/es\/#\/schema\/logo\/image\/","url":"https:\/\/fundcapp.org\/es\/wp-content\/uploads\/2026\/01\/CAPPLogo.png","contentUrl":"https:\/\/fundcapp.org\/es\/wp-content\/uploads\/2026\/01\/CAPPLogo.png","width":138,"height":100,"caption":"Fundaci\u00f3n Comit\u00e9 de Apoyo al Pueblo Palestino"},"image":{"@id":"https:\/\/fundcapp.org\/es\/#\/schema\/logo\/image\/"}}]}},"campaignId":"","_links":{"self":[{"href":"https:\/\/fundcapp.org\/es\/wp-json\/wp\/v2\/pages\/1167","targetHints":{"allow":["GET"]}}],"collection":[{"href":"https:\/\/fundcapp.org\/es\/wp-json\/wp\/v2\/pages"}],"about":[{"href":"https:\/\/fundcapp.org\/es\/wp-json\/wp\/v2\/types\/page"}],"author":[{"embeddable":true,"href":"https:\/\/fundcapp.org\/es\/wp-json\/wp\/v2\/users\/1"}],"replies":[{"embeddable":true,"href":"https:\/\/fundcapp.org\/es\/wp-json\/wp\/v2\/comments?post=1167"}],"version-history":[{"count":7,"href":"https:\/\/fundcapp.org\/es\/wp-json\/wp\/v2\/pages\/1167\/revisions"}],"predecessor-version":[{"id":1175,"href":"https:\/\/fundcapp.org\/es\/wp-json\/wp\/v2\/pages\/1167\/revisions\/1175"}],"wp:attachment":[{"href":"https:\/\/fundcapp.org\/es\/wp-json\/wp\/v2\/media?parent=1167"}],"curies":[{"name":"wp","href":"https:\/\/api.w.org\/{rel}","templated":true}]}}