{"id":1182,"date":"2026-04-28T19:02:00","date_gmt":"2026-04-28T17:02:00","guid":{"rendered":"https:\/\/fundcapp.org\/es\/?page_id=1182"},"modified":"2026-04-28T19:03:34","modified_gmt":"2026-04-28T17:03:34","slug":"politica-de-cookies","status":"publish","type":"page","link":"https:\/\/fundcapp.org\/es\/politica-de-cookies\/","title":{"rendered":"Pol\u00edtica de Cookies"},"content":{"rendered":"\t\t<div data-elementor-type=\"wp-page\" data-elementor-id=\"1182\" class=\"elementor elementor-1182\" data-elementor-post-type=\"page\">\n\t\t\t\t<div class=\"elementor-element elementor-element-753050c e-flex e-con-boxed e-con e-parent\" data-id=\"753050c\" data-element_type=\"container\" data-e-type=\"container\" data-settings=\"{&quot;background_background&quot;:&quot;classic&quot;,&quot;jet_parallax_layout_list&quot;:[]}\">\n\t\t\t\t\t<div class=\"e-con-inner\">\n\t\t\t\t<div class=\"elementor-element elementor-element-a3b50f7 elementor-widget elementor-widget-heading\" data-id=\"a3b50f7\" data-element_type=\"widget\" data-e-type=\"widget\" data-widget_type=\"heading.default\">\n\t\t\t\t\t<p class=\"elementor-heading-title elementor-size-default\">Pol\u00edtica de Cookies<\/p>\t\t\t\t<\/div>\n\t\t\t\t\t<\/div>\n\t\t\t\t<\/div>\n\t\t<div class=\"elementor-element elementor-element-c8645f1 e-flex e-con-boxed e-con e-parent\" data-id=\"c8645f1\" data-element_type=\"container\" data-e-type=\"container\" data-settings=\"{&quot;jet_parallax_layout_list&quot;:[]}\">\n\t\t\t\t\t<div class=\"e-con-inner\">\n\t\t<div class=\"elementor-element elementor-element-570c2dc e-con-full e-flex e-con e-child\" data-id=\"570c2dc\" data-element_type=\"container\" data-e-type=\"container\" data-settings=\"{&quot;jet_parallax_layout_list&quot;:[]}\">\n\t\t\t\t<\/div>\n\t\t<div class=\"elementor-element elementor-element-ecef2eb e-con-full e-flex e-con e-child\" data-id=\"ecef2eb\" data-element_type=\"container\" data-e-type=\"container\" data-settings=\"{&quot;jet_parallax_layout_list&quot;:[]}\">\n\t\t\t\t<div class=\"elementor-element elementor-element-fdc1bcc elementor-widget elementor-widget-text-editor\" data-id=\"fdc1bcc\" data-element_type=\"widget\" data-e-type=\"widget\" data-widget_type=\"text-editor.default\">\n\t\t\t\t\t\t\t\t\t<div class=\"elementor-element elementor-element-5a9106c elementor-widget elementor-widget-text-editor\" data-id=\"5a9106c\" data-element_type=\"widget\" data-widget_type=\"text-editor.default\"><div class=\"elementor-widget-container\"><div class=\"elementor-text-editor elementor-clearfix\"><p>Utilizamos cookies para facilitar el uso de nuestra p\u00e1gina web. Las\u00a0<strong>cookies son<\/strong>\u00a0peque\u00f1os ficheros de informaci\u00f3n que nos permiten comparar y entender c\u00f3mo nuestros usuarios navegan a trav\u00e9s de nuestra p\u00e1gina web, y de esta manera poder mejorar consecuentemente el proceso de navegaci\u00f3n. Las cookies que utilizamos no almacenan dato personal alguno, ni ning\u00fan tipo de informaci\u00f3n que pueda identificarle. En caso de no querer recibir cookies, por favor configure su navegador de Internet para que las borre del disco duro de su ordenador, las bloquee o le avise en caso de instalaci\u00f3n de las mismas. Para continuar sin cambios en la configuraci\u00f3n de las cookies, simplemente contin\u00fae en la p\u00e1gina web.<\/p><p>Puedes obtener m\u00e1s informaci\u00f3n sobre las cookies y su uso en www.aboutcookies.org.<\/p><p><strong>Los tipos principales de cookies que utilizamos son:<\/strong><\/p><ul><li><strong>Cookies estrictamente necesarias:<\/strong><\/li><\/ul><p>Estas cookies son necesarias para el correcto uso de la p\u00e1gina web, permitiendo el acceso a secciones que cuentan con filtros de seguridad. Sin estas cookies, muchos de los servicios disponibles no estar\u00edan operativos.<\/p><ul><li><strong>Cookies de Navegaci\u00f3n:<\/strong><\/li><\/ul><p>Estas cookies recogen informaci\u00f3n sobre el uso que las visitas hacen de la web, por ejemplo, p\u00e1ginas vistas, errores de carga\u2026 Es informaci\u00f3n gen\u00e9rica y an\u00f3nima, donde no se incluyen datos personales, ni se recoge informaci\u00f3n que identifique a los visitantes; siendo el objetivo \u00faltimo mejorar el funcionamiento de la web.<\/p><ul><li><strong>Cookies Funcionales:<\/strong><\/li><\/ul><p>Estas cookies permiten recordar informaci\u00f3n (como su nombre de usuario, idioma o la regi\u00f3n en la que se encuentra) y caracter\u00edsticas m\u00e1s personales. Por ejemplo, la posibilidad de ofrecer contenido personalizado basado en la informaci\u00f3n y criterios que hayas proporcionado voluntariamente. Estas cookies tambi\u00e9n pueden utilizarse para recordar los cambios realizados en el tama\u00f1o del texto, fuentes y otras partes personalizables de la p\u00e1gina web. Tambi\u00e9n se utilizan para ofrecer algunos servicios solicitados, como ver un video o comentar en un blog. La informaci\u00f3n que recopilan estas cookies puede ser an\u00f3nima y no podr\u00e1 ser seguida su actividad en otras p\u00e1ginas web.<\/p><ul><li><strong>Cookies de Marketing y Trackeo<\/strong><\/li><\/ul><p>Estas cookies tienen por objetivo guardar informaci\u00f3n sobre la navegaci\u00f3n del usuario en las sesiones anteriores. Con esta informaci\u00f3n guardada, el sitio web mostrar\u00e1 por preferencia y por defecto la informaci\u00f3n guardada en el navegador, mostrando la versi\u00f3n del sitio web que mejor se ajusta a los intereses del usuario<\/p><p><strong>Cookies que utilizamos:<\/strong><\/p><\/div><\/div><\/div><div class=\"elementor-element elementor-element-49d2d6d elementor-widget elementor-widget-text-editor\" data-id=\"49d2d6d\" data-element_type=\"widget\" data-widget_type=\"text-editor.default\"><div class=\"elementor-widget-container\"><div class=\"elementor-text-editor elementor-clearfix\"><p>[cmplz-cookies]<\/p><p><strong>Gestiona tus ajustes de consentimiento:<\/strong><\/p><p>[cmplz-manage-consent]<\/p><\/div><\/div><\/div><div class=\"elementor-element elementor-element-a5040d3 elementor-widget elementor-widget-text-editor\" data-id=\"a5040d3\" data-element_type=\"widget\" data-widget_type=\"text-editor.default\"><div class=\"elementor-widget-container\"><div class=\"elementor-text-editor elementor-clearfix\"><p><em><strong>C\u00f3mo administrar las cookies en los ordenadores<\/strong><\/em><\/p><p><em>Usted puede restringir, bloquear o borrar las cookies de cualquier p\u00e1gina web, utilizando su navegador.<\/em><\/p><p><em>En cada navegador la operativa es diferente, la funci\u00f3n de \u2018Ayuda\u201d le mostrar\u00e1 c\u00f3mo hacerlo.<\/em><\/p><ul><li><em><strong>Internet Explorer o Microsoft Edge<\/strong><\/em><em>: windows.microsoft.com\/es-xl\/internet-explorer\/delete-manage-cookies#ie=\u201die-10\u2033<\/em><\/li><li><em><strong>Mozilla FireFox:\u00a0<\/strong><\/em><em>mozilla.org\/es\/kb\/Borrar%20cookies<\/em><\/li><li><em><strong>Chrome<\/strong><\/em><em>: support.google.com\/chrome\/answer\/95647?hl=\u201des\u201d<\/em><\/li><li><em><strong>Safari:\u00a0<\/strong><\/em><em>apple.com\/es\/privacy\/use-of-cookies\/<\/em><\/li><li><strong>Opera:<\/strong>\u00a0http:\/\/help.opera.com\/Linux\/10.60\/es-ES\/cookies.html<\/li><\/ul><p><em>Adem\u00e1s, tambi\u00e9n puede gestionar el almac\u00e9n de cookies en su navegador a trav\u00e9s de herramientas como las siguientes:<\/em><\/p><ul><li><em><strong>Ghostery:\u00a0<\/strong><\/em><em>ghostery.com\/<\/em><\/li><li><em><strong>Your online choices<\/strong><\/em><em>: youronlinechoices.com\/es\/<\/em><\/li><\/ul><p><em><strong>C\u00f3mo deshabilitar las cookies en los ordenadores<\/strong><\/em><\/p><p><em>Usted puede deshabilitar las cookies mediante la instalaci\u00f3n del complemento inhabilitador de google analitycs, en el siguiente enlace encontrar\u00e1 como hacerlo:<\/em><\/p><p><em>https:\/\/blog.hostalia.com\/general\/eliminar-cookies-chrome-firefox-internet-explorer-edge-safari-opera-analytics\/<\/em><\/p><\/div><\/div><\/div><div class=\"elementor-element elementor-element-d4856a3 elementor-widget elementor-widget-text-editor\" data-id=\"d4856a3\" data-element_type=\"widget\" data-widget_type=\"text-editor.default\"><div class=\"elementor-widget-container\"><div class=\"elementor-text-editor elementor-clearfix\"><p style=\"text-align: right;\"><em>\u00daltima revisi\u00f3n: 2 marzo 2022<\/em><\/p><\/div><\/div><\/div>\t\t\t\t\t\t\t\t<\/div>\n\t\t\t\t<\/div>\n\t\t<div class=\"elementor-element elementor-element-25d2542 e-con-full e-flex e-con e-child\" data-id=\"25d2542\" data-element_type=\"container\" data-e-type=\"container\" data-settings=\"{&quot;jet_parallax_layout_list&quot;:[]}\">\n\t\t\t\t<\/div>\n\t\t\t\t\t<\/div>\n\t\t\t\t<\/div>\n\t\t\t\t<\/div>\n\t\t","protected":false},"excerpt":{"rendered":"<p>Pol\u00edtica de Cookies Utilizamos cookies para facilitar el uso de nuestra p\u00e1gina web. Las\u00a0cookies son\u00a0peque\u00f1os ficheros de informaci\u00f3n que nos permiten comparar y entender c\u00f3mo nuestros usuarios navegan a trav\u00e9s de nuestra p\u00e1gina web, y de esta manera poder mejorar consecuentemente el proceso de navegaci\u00f3n. Las cookies que utilizamos no almacenan dato personal alguno, ni &#8230; <a title=\"Pol\u00edtica de Cookies\" class=\"read-more\" href=\"https:\/\/fundcapp.org\/es\/politica-de-cookies\/\" aria-label=\"Leer m\u00e1s sobre Pol\u00edtica de Cookies\">Leer m\u00e1s<\/a><\/p>\n","protected":false},"author":1,"featured_media":0,"parent":0,"menu_order":0,"comment_status":"closed","ping_status":"closed","template":"elementor_header_footer","meta":{"give_campaign_id":0,"footnotes":""},"class_list":["post-1182","page","type-page","status-publish"],"campaignId":"","_links":{"self":[{"href":"https:\/\/fundcapp.org\/es\/wp-json\/wp\/v2\/pages\/1182","targetHints":{"allow":["GET"]}}],"collection":[{"href":"https:\/\/fundcapp.org\/es\/wp-json\/wp\/v2\/pages"}],"about":[{"href":"https:\/\/fundcapp.org\/es\/wp-json\/wp\/v2\/types\/page"}],"author":[{"embeddable":true,"href":"https:\/\/fundcapp.org\/es\/wp-json\/wp\/v2\/users\/1"}],"replies":[{"embeddable":true,"href":"https:\/\/fundcapp.org\/es\/wp-json\/wp\/v2\/comments?post=1182"}],"version-history":[{"count":4,"href":"https:\/\/fundcapp.org\/es\/wp-json\/wp\/v2\/pages\/1182\/revisions"}],"predecessor-version":[{"id":1187,"href":"https:\/\/fundcapp.org\/es\/wp-json\/wp\/v2\/pages\/1182\/revisions\/1187"}],"wp:attachment":[{"href":"https:\/\/fundcapp.org\/es\/wp-json\/wp\/v2\/media?parent=1182"}],"curies":[{"name":"wp","href":"https:\/\/api.w.org\/{rel}","templated":true}]}}