{"id":1338,"date":"2026-05-04T20:09:47","date_gmt":"2026-05-04T18:09:47","guid":{"rendered":"https:\/\/fundcapp.org\/es\/?page_id=1338"},"modified":"2026-05-04T20:24:27","modified_gmt":"2026-05-04T18:24:27","slug":"conectarse","status":"publish","type":"page","link":"https:\/\/fundcapp.org\/es\/conectarse\/","title":{"rendered":"Conectarse"},"content":{"rendered":"\t\t<div data-elementor-type=\"wp-page\" data-elementor-id=\"1338\" class=\"elementor elementor-1338\" data-elementor-post-type=\"page\">\n\t\t\t\t<div class=\"elementor-element elementor-element-3e8dc18 e-flex e-con-boxed e-con e-parent\" data-id=\"3e8dc18\" data-element_type=\"container\" data-e-type=\"container\" data-settings=\"{&quot;background_background&quot;:&quot;classic&quot;,&quot;jet_parallax_layout_list&quot;:[]}\">\n\t\t\t\t\t<div class=\"e-con-inner\">\n\t\t\t\t<div class=\"elementor-element elementor-element-5c69277 elementor-widget elementor-widget-heading\" data-id=\"5c69277\" data-element_type=\"widget\" data-e-type=\"widget\" data-widget_type=\"heading.default\">\n\t\t\t\t\t<p class=\"elementor-heading-title elementor-size-default\">Conectarse<\/p>\t\t\t\t<\/div>\n\t\t\t\t\t<\/div>\n\t\t\t\t<\/div>\n\t\t<div class=\"elementor-element elementor-element-25eb9e5 e-flex e-con-boxed e-con e-parent\" data-id=\"25eb9e5\" data-element_type=\"container\" data-e-type=\"container\" data-settings=\"{&quot;jet_parallax_layout_list&quot;:[]}\">\n\t\t\t\t\t<div class=\"e-con-inner\">\n\t\t<div class=\"elementor-element elementor-element-d7fa742 e-con-full e-flex e-con e-child\" data-id=\"d7fa742\" data-element_type=\"container\" data-e-type=\"container\" data-settings=\"{&quot;background_background&quot;:&quot;classic&quot;,&quot;jet_parallax_layout_list&quot;:[]}\">\n\t\t\t\t<div class=\"elementor-element elementor-element-679418b elementor-widget elementor-widget-heading\" data-id=\"679418b\" data-element_type=\"widget\" data-e-type=\"widget\" data-widget_type=\"heading.default\">\n\t\t\t\t\t<h3 class=\"elementor-heading-title elementor-size-default\">Ingresa<\/h3>\t\t\t\t<\/div>\n\t\t\t\t<div class=\"elementor-element elementor-element-534c8ef elementor-widget elementor-widget-jet-login\" data-id=\"534c8ef\" data-element_type=\"widget\" data-e-type=\"widget\" data-widget_type=\"jet-login.default\">\n\t\t\t\t<div class=\"elementor-widget-container\">\n\t\t\t\t\t<div class=\"elementor-jet-login jet-blocks\"><div class=\"jet-login\"><form name=\"loginform\" id=\"loginform\"  method=\"post\"><p class=\"login-username\">\n\t\t\t\t<label for=\"user_login\">Nombre de usuario<\/label>\n\t\t\t\t<input type=\"text\" name=\"log\" id=\"user_login\" placeholder=\"\" autocomplete=\"username\" class=\"input\" value=\"\" size=\"20\" \/>\n\t\t\t<\/p><p class=\"login-password\">\n\t\t\t\t<label for=\"user_pass\">Contrase\u00f1a<\/label>\n\t\t\t\t<p class=\"login-password__wrapper\"><input type=\"password\" name=\"pwd\" id=\"user_pass\" placeholder=\"\" autocomplete=\"current-password\" spellcheck=\"false\" class=\"input\" value=\"\" size=\"20\" \/>\n\t\t\t<svg xmlns=\"http:\/\/www.w3.org\/2000\/svg\" aria-hidden=\"true\" class=\"e-font-icon-svg e-far-eye password-visibility__icon password-visibility__icon--show show\" viewBox=\"0 0 576 512\">\n\t\t\t\t<path d=\"M288 144a110.94 110.94 0 0 0-31.24 5 55.4 55.4 0 0 1 7.24 27 56 56 0 0 1-56 56 55.4 55.4 0 0 1-27-7.24A111.71 111.71 0 1 0 288 144zm284.52 97.4C518.29 135.59 410.93 64 288 64S57.68 135.64 3.48 241.41a32.35 32.35 0 0 0 0 29.19C57.71 376.41 165.07 448 288 448s230.32-71.64 284.52-177.41a32.35 32.35 0 0 0 0-29.19zM288 400c-98.65 0-189.09-55-237.93-144C98.91 167 189.34 112 288 112s189.09 55 237.93 144C477.1 345 386.66 400 288 400z\"><\/path>\n\t\t\t<\/svg>\n\t\t\t<svg xmlns=\"http:\/\/www.w3.org\/2000\/svg\" aria-hidden=\"true\" class=\"e-font-icon-svg e-far-eye-slash password-visibility__icon password-visibility__icon--hide\" viewBox=\"0 0 640 512\">\n\t\t\t\t<path d=\"M634 471L36 3.51A16 16 0 0 0 13.51 6l-10 12.49A16 16 0 0 0 6 41l598 467.49a16 16 0 0 0 22.49-2.49l10-12.49A16 16 0 0 0 634 471zM296.79 146.47l134.79 105.38C429.36 191.91 380.48 144 320 144a112.26 112.26 0 0 0-23.21 2.47zm46.42 219.07L208.42 260.16C210.65 320.09 259.53 368 320 368a113 113 0 0 0 23.21-2.46zM320 112c98.65 0 189.09 55 237.93 144a285.53 285.53 0 0 1-44 60.2l37.74 29.5a333.7 333.7 0 0 0 52.9-75.11 32.35 32.35 0 0 0 0-29.19C550.29 135.59 442.93 64 320 64c-36.7 0-71.71 7-104.63 18.81l46.41 36.29c18.94-4.3 38.34-7.1 58.22-7.1zm0 288c-98.65 0-189.08-55-237.93-144a285.47 285.47 0 0 1 44.05-60.19l-37.74-29.5a333.6 333.6 0 0 0-52.89 75.1 32.35 32.35 0 0 0 0 29.19C89.72 376.41 197.08 448 320 448c36.7 0 71.71-7.05 104.63-18.81l-46.41-36.28C359.28 397.2 339.89 400 320 400z\"><\/path>\n\t\t\t<\/svg><\/p>\n\t\t\t<\/p><p class=\"login-remember\"><label><input name=\"rememberme\" type=\"checkbox\" id=\"rememberme\" value=\"forever\" \/> Recu\u00e9rdame<\/label><\/p><p class=\"login-submit\">\n\t\t\t\t<input type=\"submit\" name=\"wp-submit\" id=\"wp-submit\" class=\"button button-primary\" value=\"Acceder\" \/>\n\t\t\t\t<input type=\"hidden\" name=\"redirect_to\" value=\"https:\/\/fundcapp.org\/es\/\" \/>\n\t\t\t<\/p><input type=\"hidden\" name=\"jet_login\" value=\"1\"><\/form>\n<a href=\"https:\/\/fundcapp.org\/es\/mi-cuenta\/lost-password\/\" class=\"jet-login-lost-password-link\">\u00bfContrase\u00f1a olvidada?<\/a>\n<\/div><\/div>\t\t\t\t<\/div>\n\t\t\t\t<\/div>\n\t\t\t\t<\/div>\n\t\t<div class=\"elementor-element elementor-element-191f909 e-con-full e-flex e-con e-child\" data-id=\"191f909\" data-element_type=\"container\" data-e-type=\"container\" data-settings=\"{&quot;jet_parallax_layout_list&quot;:[]}\">\n\t\t\t\t<div class=\"elementor-element elementor-element-dcde609 elementor-widget elementor-widget-heading\" data-id=\"dcde609\" data-element_type=\"widget\" data-e-type=\"widget\" data-widget_type=\"heading.default\">\n\t\t\t\t\t<h3 class=\"elementor-heading-title elementor-size-default\">Registro<\/h3>\t\t\t\t<\/div>\n\t\t\t\t<div class=\"elementor-element elementor-element-7c6dc31 elementor-widget elementor-widget-jet-register\" data-id=\"7c6dc31\" data-element_type=\"widget\" data-e-type=\"widget\" data-widget_type=\"jet-register.default\">\n\t\t\t\t<div class=\"elementor-widget-container\">\n\t\t\t\t\t<div class=\"elementor-jet-register jet-blocks\">Registration disabled<\/div>\t\t\t\t<\/div>\n\t\t\t\t<\/div>\n\t\t\t\t<\/div>\n\t\t\t\t\t<\/div>\n\t\t\t\t<\/div>\n\t\t\t\t<\/div>\n\t\t","protected":false},"excerpt":{"rendered":"<p>Conectarse Ingresa Nombre de usuario Contrase\u00f1a Recu\u00e9rdame \u00bfContrase\u00f1a olvidada? Registro Nombre de usuario Correo electr\u00f3nico Contrase\u00f1a Confirme contrase\u00f1a Registrarse<\/p>\n","protected":false},"author":1,"featured_media":0,"parent":0,"menu_order":0,"comment_status":"closed","ping_status":"closed","template":"elementor_header_footer","meta":{"give_campaign_id":0,"footnotes":""},"class_list":["post-1338","page","type-page","status-publish"],"yoast_head":"<!-- This site is optimized with the Yoast SEO Premium plugin v27.5 (Yoast SEO v27.5) - https:\/\/yoast.com\/product\/yoast-seo-premium-wordpress\/ -->\n<title>Conectarse - Fundaci\u00f3n Comit\u00e9 de Apoyo al Pueblo Palestino<\/title>\n<meta name=\"robots\" content=\"index, follow, max-snippet:-1, max-image-preview:large, max-video-preview:-1\" \/>\n<link rel=\"canonical\" href=\"https:\/\/fundcapp.org\/es\/conectarse\/\" \/>\n<meta property=\"og:locale\" content=\"es_ES\" \/>\n<meta property=\"og:type\" content=\"article\" \/>\n<meta property=\"og:title\" content=\"Conectarse\" \/>\n<meta property=\"og:description\" content=\"Conectarse Ingresa Nombre de usuario Contrase\u00f1a Recu\u00e9rdame \u00bfContrase\u00f1a olvidada? Registro Nombre de usuario Correo electr\u00f3nico Contrase\u00f1a Confirme contrase\u00f1a Registrarse\" \/>\n<meta property=\"og:url\" content=\"https:\/\/fundcapp.org\/es\/conectarse\/\" \/>\n<meta property=\"og:site_name\" content=\"Fundaci\u00f3n Comit\u00e9 de Apoyo al Pueblo Palestino\" \/>\n<meta property=\"article:modified_time\" content=\"2026-05-04T18:24:27+00:00\" \/>\n<meta name=\"twitter:card\" content=\"summary_large_image\" \/>\n<meta name=\"twitter:label1\" content=\"Tiempo de lectura\" \/>\n\t<meta name=\"twitter:data1\" content=\"1 minuto\" \/>\n<script type=\"application\/ld+json\" class=\"yoast-schema-graph\">{\"@context\":\"https:\\\/\\\/schema.org\",\"@graph\":[{\"@type\":\"WebPage\",\"@id\":\"https:\\\/\\\/fundcapp.org\\\/es\\\/conectarse\\\/\",\"url\":\"https:\\\/\\\/fundcapp.org\\\/es\\\/conectarse\\\/\",\"name\":\"Conectarse - Fundaci\u00f3n Comit\u00e9 de Apoyo al Pueblo Palestino\",\"isPartOf\":{\"@id\":\"https:\\\/\\\/fundcapp.org\\\/es\\\/#website\"},\"datePublished\":\"2026-05-04T18:09:47+00:00\",\"dateModified\":\"2026-05-04T18:24:27+00:00\",\"breadcrumb\":{\"@id\":\"https:\\\/\\\/fundcapp.org\\\/es\\\/conectarse\\\/#breadcrumb\"},\"inLanguage\":\"es\",\"potentialAction\":[{\"@type\":\"ReadAction\",\"target\":[\"https:\\\/\\\/fundcapp.org\\\/es\\\/conectarse\\\/\"]}]},{\"@type\":\"BreadcrumbList\",\"@id\":\"https:\\\/\\\/fundcapp.org\\\/es\\\/conectarse\\\/#breadcrumb\",\"itemListElement\":[{\"@type\":\"ListItem\",\"position\":1,\"name\":\"Home\",\"item\":\"https:\\\/\\\/fundcapp.org\\\/es\\\/\"},{\"@type\":\"ListItem\",\"position\":2,\"name\":\"Conectarse\"}]},{\"@type\":\"WebSite\",\"@id\":\"https:\\\/\\\/fundcapp.org\\\/es\\\/#website\",\"url\":\"https:\\\/\\\/fundcapp.org\\\/es\\\/\",\"name\":\"Fundaci\u00f3n Comit\u00e9 de Apoyo al Pueblo Palestino\",\"description\":\"\",\"publisher\":{\"@id\":\"https:\\\/\\\/fundcapp.org\\\/es\\\/#organization\"},\"potentialAction\":[{\"@type\":\"SearchAction\",\"target\":{\"@type\":\"EntryPoint\",\"urlTemplate\":\"https:\\\/\\\/fundcapp.org\\\/es\\\/?s={search_term_string}\"},\"query-input\":{\"@type\":\"PropertyValueSpecification\",\"valueRequired\":true,\"valueName\":\"search_term_string\"}}],\"inLanguage\":\"es\"},{\"@type\":\"Organization\",\"@id\":\"https:\\\/\\\/fundcapp.org\\\/es\\\/#organization\",\"name\":\"Fundaci\u00f3n Comit\u00e9 de Apoyo al Pueblo Palestino\",\"url\":\"https:\\\/\\\/fundcapp.org\\\/es\\\/\",\"logo\":{\"@type\":\"ImageObject\",\"inLanguage\":\"es\",\"@id\":\"https:\\\/\\\/fundcapp.org\\\/es\\\/#\\\/schema\\\/logo\\\/image\\\/\",\"url\":\"https:\\\/\\\/fundcapp.org\\\/es\\\/wp-content\\\/uploads\\\/2026\\\/05\\\/cropped-Copia-de-CAPP-Logo-Completo-ESP-Texto-Negro-solo-scaled-1.png\",\"contentUrl\":\"https:\\\/\\\/fundcapp.org\\\/es\\\/wp-content\\\/uploads\\\/2026\\\/05\\\/cropped-Copia-de-CAPP-Logo-Completo-ESP-Texto-Negro-solo-scaled-1.png\",\"width\":1388,\"height\":901,\"caption\":\"Fundaci\u00f3n Comit\u00e9 de Apoyo al Pueblo Palestino\"},\"image\":{\"@id\":\"https:\\\/\\\/fundcapp.org\\\/es\\\/#\\\/schema\\\/logo\\\/image\\\/\"}}]}<\/script>\n<!-- \/ Yoast SEO Premium plugin. -->","yoast_head_json":{"title":"Conectarse - Fundaci\u00f3n Comit\u00e9 de Apoyo al Pueblo Palestino","robots":{"index":"index","follow":"follow","max-snippet":"max-snippet:-1","max-image-preview":"max-image-preview:large","max-video-preview":"max-video-preview:-1"},"canonical":"https:\/\/fundcapp.org\/es\/conectarse\/","og_locale":"es_ES","og_type":"article","og_title":"Conectarse","og_description":"Conectarse Ingresa Nombre de usuario Contrase\u00f1a Recu\u00e9rdame \u00bfContrase\u00f1a olvidada? Registro Nombre de usuario Correo electr\u00f3nico Contrase\u00f1a Confirme contrase\u00f1a Registrarse","og_url":"https:\/\/fundcapp.org\/es\/conectarse\/","og_site_name":"Fundaci\u00f3n Comit\u00e9 de Apoyo al Pueblo Palestino","article_modified_time":"2026-05-04T18:24:27+00:00","twitter_card":"summary_large_image","twitter_misc":{"Tiempo de lectura":"1 minuto"},"schema":{"@context":"https:\/\/schema.org","@graph":[{"@type":"WebPage","@id":"https:\/\/fundcapp.org\/es\/conectarse\/","url":"https:\/\/fundcapp.org\/es\/conectarse\/","name":"Conectarse - Fundaci\u00f3n Comit\u00e9 de Apoyo al Pueblo Palestino","isPartOf":{"@id":"https:\/\/fundcapp.org\/es\/#website"},"datePublished":"2026-05-04T18:09:47+00:00","dateModified":"2026-05-04T18:24:27+00:00","breadcrumb":{"@id":"https:\/\/fundcapp.org\/es\/conectarse\/#breadcrumb"},"inLanguage":"es","potentialAction":[{"@type":"ReadAction","target":["https:\/\/fundcapp.org\/es\/conectarse\/"]}]},{"@type":"BreadcrumbList","@id":"https:\/\/fundcapp.org\/es\/conectarse\/#breadcrumb","itemListElement":[{"@type":"ListItem","position":1,"name":"Home","item":"https:\/\/fundcapp.org\/es\/"},{"@type":"ListItem","position":2,"name":"Conectarse"}]},{"@type":"WebSite","@id":"https:\/\/fundcapp.org\/es\/#website","url":"https:\/\/fundcapp.org\/es\/","name":"Fundaci\u00f3n Comit\u00e9 de Apoyo al Pueblo Palestino","description":"","publisher":{"@id":"https:\/\/fundcapp.org\/es\/#organization"},"potentialAction":[{"@type":"SearchAction","target":{"@type":"EntryPoint","urlTemplate":"https:\/\/fundcapp.org\/es\/?s={search_term_string}"},"query-input":{"@type":"PropertyValueSpecification","valueRequired":true,"valueName":"search_term_string"}}],"inLanguage":"es"},{"@type":"Organization","@id":"https:\/\/fundcapp.org\/es\/#organization","name":"Fundaci\u00f3n Comit\u00e9 de Apoyo al Pueblo Palestino","url":"https:\/\/fundcapp.org\/es\/","logo":{"@type":"ImageObject","inLanguage":"es","@id":"https:\/\/fundcapp.org\/es\/#\/schema\/logo\/image\/","url":"https:\/\/fundcapp.org\/es\/wp-content\/uploads\/2026\/05\/cropped-Copia-de-CAPP-Logo-Completo-ESP-Texto-Negro-solo-scaled-1.png","contentUrl":"https:\/\/fundcapp.org\/es\/wp-content\/uploads\/2026\/05\/cropped-Copia-de-CAPP-Logo-Completo-ESP-Texto-Negro-solo-scaled-1.png","width":1388,"height":901,"caption":"Fundaci\u00f3n Comit\u00e9 de Apoyo al Pueblo Palestino"},"image":{"@id":"https:\/\/fundcapp.org\/es\/#\/schema\/logo\/image\/"}}]}},"campaignId":"","_links":{"self":[{"href":"https:\/\/fundcapp.org\/es\/wp-json\/wp\/v2\/pages\/1338","targetHints":{"allow":["GET"]}}],"collection":[{"href":"https:\/\/fundcapp.org\/es\/wp-json\/wp\/v2\/pages"}],"about":[{"href":"https:\/\/fundcapp.org\/es\/wp-json\/wp\/v2\/types\/page"}],"author":[{"embeddable":true,"href":"https:\/\/fundcapp.org\/es\/wp-json\/wp\/v2\/users\/1"}],"replies":[{"embeddable":true,"href":"https:\/\/fundcapp.org\/es\/wp-json\/wp\/v2\/comments?post=1338"}],"version-history":[{"count":10,"href":"https:\/\/fundcapp.org\/es\/wp-json\/wp\/v2\/pages\/1338\/revisions"}],"predecessor-version":[{"id":1350,"href":"https:\/\/fundcapp.org\/es\/wp-json\/wp\/v2\/pages\/1338\/revisions\/1350"}],"wp:attachment":[{"href":"https:\/\/fundcapp.org\/es\/wp-json\/wp\/v2\/media?parent=1338"}],"curies":[{"name":"wp","href":"https:\/\/api.w.org\/{rel}","templated":true}]}}