{"id":1468,"date":"2026-05-05T18:00:10","date_gmt":"2026-05-05T16:00:10","guid":{"rendered":"https:\/\/fundcapp.org\/es\/?page_id=1468"},"modified":"2026-05-05T18:12:40","modified_gmt":"2026-05-05T16:12:40","slug":"auditorias","status":"publish","type":"page","link":"https:\/\/fundcapp.org\/es\/auditorias\/","title":{"rendered":"Auditor\u00edas"},"content":{"rendered":"\t\t<div data-elementor-type=\"wp-page\" data-elementor-id=\"1468\" class=\"elementor elementor-1468\" data-elementor-post-type=\"page\">\n\t\t\t\t<div class=\"elementor-element elementor-element-f1d5b82 e-flex e-con-boxed e-con e-parent\" data-id=\"f1d5b82\" data-element_type=\"container\" data-e-type=\"container\" data-settings=\"{&quot;background_background&quot;:&quot;classic&quot;,&quot;jet_parallax_layout_list&quot;:[]}\">\n\t\t\t\t\t<div class=\"e-con-inner\">\n\t\t\t\t<div class=\"elementor-element elementor-element-b8702d3 elementor-widget elementor-widget-heading\" data-id=\"b8702d3\" data-element_type=\"widget\" data-e-type=\"widget\" data-widget_type=\"heading.default\">\n\t\t\t\t\t<p class=\"elementor-heading-title elementor-size-default\">Auditor\u00edas<\/p>\t\t\t\t<\/div>\n\t\t\t\t\t<\/div>\n\t\t\t\t<\/div>\n\t\t<div class=\"elementor-element elementor-element-e975e0c e-flex e-con-boxed e-con e-parent\" data-id=\"e975e0c\" data-element_type=\"container\" data-e-type=\"container\" data-settings=\"{&quot;jet_parallax_layout_list&quot;:[]}\">\n\t\t\t\t\t<div class=\"e-con-inner\">\n\t\t<div class=\"elementor-element elementor-element-d6f473c e-con-full e-flex e-con e-child\" data-id=\"d6f473c\" data-element_type=\"container\" data-e-type=\"container\" data-settings=\"{&quot;jet_parallax_layout_list&quot;:[]}\">\n\t\t\t\t<div class=\"elementor-element elementor-element-fd51e32 elementor-widget elementor-widget-shortcode\" data-id=\"fd51e32\" data-element_type=\"widget\" data-e-type=\"widget\" data-widget_type=\"shortcode.default\">\n\t\t\t\t\t\t\t<div class=\"elementor-shortcode\"><div class=\"_df_book df-lite\" id=\"df_1384\"  _slug=\"informe-auditoria-2021\" data-title=\"informe-auditoria-2021\" wpoptions=\"true\" thumbtype=\"\" ><\/div><script class=\"df-shortcode-script\" nowprocket type=\"application\/javascript\">window.option_df_1384 = {\"outline\":[],\"backgroundColor\":\"#FFFFFF\",\"autoEnableOutline\":\"false\",\"autoEnableThumbnail\":\"false\",\"overwritePDFOutline\":\"false\",\"direction\":\"1\",\"pageSize\":\"0\",\"source\":\"https:\\\/\\\/fundcapp.org\\\/es\\\/wp-content\\\/uploads\\\/2026\\\/05\\\/Informe-auditoria-Fundacion-CAPP-2021-FINAL.pdf\",\"wpOptions\":\"true\"}; if(window.DFLIP && window.DFLIP.parseBooks){window.DFLIP.parseBooks();}<\/script><\/div>\n\t\t\t\t\t\t<\/div>\n\t\t\t\t<\/div>\n\t\t<div class=\"elementor-element elementor-element-715c575 e-con-full e-flex e-con e-child\" data-id=\"715c575\" data-element_type=\"container\" data-e-type=\"container\" data-settings=\"{&quot;jet_parallax_layout_list&quot;:[]}\">\n\t\t\t\t<div class=\"elementor-element elementor-element-f516332 elementor-widget elementor-widget-shortcode\" data-id=\"f516332\" data-element_type=\"widget\" data-e-type=\"widget\" data-widget_type=\"shortcode.default\">\n\t\t\t\t\t\t\t<div class=\"elementor-shortcode\"><div class=\"_df_book df-lite\" id=\"df_1388\"  _slug=\"informe-auditoria-2022\" data-title=\"informe-auditoria-2022\" wpoptions=\"true\" thumb=\"https:\/\/fundcapp.org\/es\/wp-content\/uploads\/2026\/05\/Informe-de-auditoria-de-cuentas-anuales-abriviadas-2022-portada.jpg\" thumbtype=\"\" ><\/div><script class=\"df-shortcode-script\" nowprocket type=\"application\/javascript\">window.option_df_1388 = {\"outline\":[],\"backgroundColor\":\"#FFFFFF\",\"autoEnableOutline\":\"false\",\"autoEnableThumbnail\":\"false\",\"overwritePDFOutline\":\"false\",\"direction\":\"1\",\"pageSize\":\"0\",\"source\":\"https:\\\/\\\/fundcapp.org\\\/es\\\/wp-content\\\/uploads\\\/2026\\\/05\\\/AUDITORIA-20222-FINAL-1.pdf\",\"wpOptions\":\"true\"}; if(window.DFLIP && window.DFLIP.parseBooks){window.DFLIP.parseBooks();}<\/script><\/div>\n\t\t\t\t\t\t<\/div>\n\t\t\t\t<\/div>\n\t\t\t\t\t<\/div>\n\t\t\t\t<\/div>\n\t\t<div class=\"elementor-element elementor-element-410a807 e-flex e-con-boxed e-con e-parent\" data-id=\"410a807\" data-element_type=\"container\" data-e-type=\"container\" data-settings=\"{&quot;jet_parallax_layout_list&quot;:[]}\">\n\t\t\t\t\t<div class=\"e-con-inner\">\n\t\t<div class=\"elementor-element elementor-element-a20c123 e-con-full e-flex e-con e-child\" data-id=\"a20c123\" data-element_type=\"container\" data-e-type=\"container\" data-settings=\"{&quot;jet_parallax_layout_list&quot;:[]}\">\n\t\t\t\t<div class=\"elementor-element elementor-element-79ccd85 elementor-widget elementor-widget-shortcode\" data-id=\"79ccd85\" data-element_type=\"widget\" data-e-type=\"widget\" data-widget_type=\"shortcode.default\">\n\t\t\t\t\t\t\t<div class=\"elementor-shortcode\"><div class=\"_df_book df-lite\" id=\"df_1407\"  _slug=\"informe-auditoria-2023\" data-title=\"informe-auditoria-2023\" wpoptions=\"true\" thumbtype=\"\" ><\/div><script class=\"df-shortcode-script\" nowprocket type=\"application\/javascript\">window.option_df_1407 = {\"outline\":[],\"backgroundColor\":\"#FFFFFF\",\"autoEnableOutline\":\"false\",\"autoEnableThumbnail\":\"false\",\"overwritePDFOutline\":\"false\",\"direction\":\"1\",\"pageSize\":\"0\",\"source\":\"https:\\\/\\\/fundcapp.org\\\/es\\\/wp-content\\\/uploads\\\/2026\\\/05\\\/AUDITORIA-2023-FINAL_compressed.pdf\",\"wpOptions\":\"true\"}; if(window.DFLIP && window.DFLIP.parseBooks){window.DFLIP.parseBooks();}<\/script><\/div>\n\t\t\t\t\t\t<\/div>\n\t\t\t\t<\/div>\n\t\t<div class=\"elementor-element elementor-element-23e2a18 e-con-full e-flex e-con e-child\" data-id=\"23e2a18\" data-element_type=\"container\" data-e-type=\"container\" data-settings=\"{&quot;jet_parallax_layout_list&quot;:[]}\">\n\t\t\t\t<div class=\"elementor-element elementor-element-5633029 elementor-widget elementor-widget-shortcode\" data-id=\"5633029\" data-element_type=\"widget\" data-e-type=\"widget\" data-widget_type=\"shortcode.default\">\n\t\t\t\t\t\t\t<div class=\"elementor-shortcode\"><div class=\"_df_book df-lite\" id=\"df_1411\"  _slug=\"informe-auditoria-2024\" data-title=\"informe-auditoria-2024\" wpoptions=\"true\" thumbtype=\"\" ><\/div><script class=\"df-shortcode-script\" nowprocket type=\"application\/javascript\">window.option_df_1411 = {\"outline\":[],\"backgroundColor\":\"#FFFFFF\",\"autoEnableOutline\":\"false\",\"autoEnableThumbnail\":\"false\",\"overwritePDFOutline\":\"false\",\"direction\":\"1\",\"pageSize\":\"0\",\"source\":\"https:\\\/\\\/fundcapp.org\\\/es\\\/wp-content\\\/uploads\\\/2026\\\/05\\\/AUDIT-24-PARA-LA-WEB_compressed.pdf\",\"wpOptions\":\"true\"}; if(window.DFLIP && window.DFLIP.parseBooks){window.DFLIP.parseBooks();}<\/script><\/div>\n\t\t\t\t\t\t<\/div>\n\t\t\t\t<\/div>\n\t\t\t\t\t<\/div>\n\t\t\t\t<\/div>\n\t\t\t\t<\/div>\n\t\t","protected":false},"excerpt":{"rendered":"<p>Auditor\u00edas<\/p>\n","protected":false},"author":1,"featured_media":0,"parent":0,"menu_order":0,"comment_status":"closed","ping_status":"closed","template":"elementor_header_footer","meta":{"give_campaign_id":0,"footnotes":""},"class_list":["post-1468","page","type-page","status-publish"],"yoast_head":"<!-- This site is optimized with the Yoast SEO Premium plugin v27.5 (Yoast SEO v27.5) - https:\/\/yoast.com\/product\/yoast-seo-premium-wordpress\/ -->\n<title>Auditor\u00edas - Fundaci\u00f3n Comit\u00e9 de Apoyo al Pueblo Palestino<\/title>\n<meta name=\"robots\" content=\"index, follow, max-snippet:-1, max-image-preview:large, max-video-preview:-1\" \/>\n<link rel=\"canonical\" href=\"https:\/\/fundcapp.org\/es\/auditorias\/\" \/>\n<meta property=\"og:locale\" content=\"es_ES\" \/>\n<meta property=\"og:type\" content=\"article\" \/>\n<meta property=\"og:title\" content=\"Auditor\u00edas\" \/>\n<meta property=\"og:description\" content=\"Auditor\u00edas\" \/>\n<meta property=\"og:url\" content=\"https:\/\/fundcapp.org\/es\/auditorias\/\" \/>\n<meta property=\"og:site_name\" content=\"Fundaci\u00f3n Comit\u00e9 de Apoyo al Pueblo Palestino\" \/>\n<meta property=\"article:modified_time\" content=\"2026-05-05T16:12:40+00:00\" \/>\n<meta name=\"twitter:card\" content=\"summary_large_image\" \/>\n<meta name=\"twitter:label1\" content=\"Tiempo de lectura\" \/>\n\t<meta name=\"twitter:data1\" content=\"1 minuto\" \/>\n<script type=\"application\/ld+json\" class=\"yoast-schema-graph\">{\"@context\":\"https:\\\/\\\/schema.org\",\"@graph\":[{\"@type\":\"WebPage\",\"@id\":\"https:\\\/\\\/fundcapp.org\\\/es\\\/auditorias\\\/\",\"url\":\"https:\\\/\\\/fundcapp.org\\\/es\\\/auditorias\\\/\",\"name\":\"Auditor\u00edas - Fundaci\u00f3n Comit\u00e9 de Apoyo al Pueblo Palestino\",\"isPartOf\":{\"@id\":\"https:\\\/\\\/fundcapp.org\\\/es\\\/#website\"},\"datePublished\":\"2026-05-05T16:00:10+00:00\",\"dateModified\":\"2026-05-05T16:12:40+00:00\",\"breadcrumb\":{\"@id\":\"https:\\\/\\\/fundcapp.org\\\/es\\\/auditorias\\\/#breadcrumb\"},\"inLanguage\":\"es\",\"potentialAction\":[{\"@type\":\"ReadAction\",\"target\":[\"https:\\\/\\\/fundcapp.org\\\/es\\\/auditorias\\\/\"]}]},{\"@type\":\"BreadcrumbList\",\"@id\":\"https:\\\/\\\/fundcapp.org\\\/es\\\/auditorias\\\/#breadcrumb\",\"itemListElement\":[{\"@type\":\"ListItem\",\"position\":1,\"name\":\"Home\",\"item\":\"https:\\\/\\\/fundcapp.org\\\/es\\\/\"},{\"@type\":\"ListItem\",\"position\":2,\"name\":\"Auditor\u00edas\"}]},{\"@type\":\"WebSite\",\"@id\":\"https:\\\/\\\/fundcapp.org\\\/es\\\/#website\",\"url\":\"https:\\\/\\\/fundcapp.org\\\/es\\\/\",\"name\":\"Fundaci\u00f3n Comit\u00e9 de Apoyo al Pueblo Palestino\",\"description\":\"\",\"publisher\":{\"@id\":\"https:\\\/\\\/fundcapp.org\\\/es\\\/#organization\"},\"potentialAction\":[{\"@type\":\"SearchAction\",\"target\":{\"@type\":\"EntryPoint\",\"urlTemplate\":\"https:\\\/\\\/fundcapp.org\\\/es\\\/?s={search_term_string}\"},\"query-input\":{\"@type\":\"PropertyValueSpecification\",\"valueRequired\":true,\"valueName\":\"search_term_string\"}}],\"inLanguage\":\"es\"},{\"@type\":\"Organization\",\"@id\":\"https:\\\/\\\/fundcapp.org\\\/es\\\/#organization\",\"name\":\"Fundaci\u00f3n Comit\u00e9 de Apoyo al Pueblo Palestino\",\"url\":\"https:\\\/\\\/fundcapp.org\\\/es\\\/\",\"logo\":{\"@type\":\"ImageObject\",\"inLanguage\":\"es\",\"@id\":\"https:\\\/\\\/fundcapp.org\\\/es\\\/#\\\/schema\\\/logo\\\/image\\\/\",\"url\":\"https:\\\/\\\/fundcapp.org\\\/es\\\/wp-content\\\/uploads\\\/2026\\\/01\\\/CAPPLogo.png\",\"contentUrl\":\"https:\\\/\\\/fundcapp.org\\\/es\\\/wp-content\\\/uploads\\\/2026\\\/01\\\/CAPPLogo.png\",\"width\":138,\"height\":100,\"caption\":\"Fundaci\u00f3n Comit\u00e9 de Apoyo al Pueblo Palestino\"},\"image\":{\"@id\":\"https:\\\/\\\/fundcapp.org\\\/es\\\/#\\\/schema\\\/logo\\\/image\\\/\"}}]}<\/script>\n<!-- \/ Yoast SEO Premium plugin. -->","yoast_head_json":{"title":"Auditor\u00edas - Fundaci\u00f3n Comit\u00e9 de Apoyo al Pueblo Palestino","robots":{"index":"index","follow":"follow","max-snippet":"max-snippet:-1","max-image-preview":"max-image-preview:large","max-video-preview":"max-video-preview:-1"},"canonical":"https:\/\/fundcapp.org\/es\/auditorias\/","og_locale":"es_ES","og_type":"article","og_title":"Auditor\u00edas","og_description":"Auditor\u00edas","og_url":"https:\/\/fundcapp.org\/es\/auditorias\/","og_site_name":"Fundaci\u00f3n Comit\u00e9 de Apoyo al Pueblo Palestino","article_modified_time":"2026-05-05T16:12:40+00:00","twitter_card":"summary_large_image","twitter_misc":{"Tiempo de lectura":"1 minuto"},"schema":{"@context":"https:\/\/schema.org","@graph":[{"@type":"WebPage","@id":"https:\/\/fundcapp.org\/es\/auditorias\/","url":"https:\/\/fundcapp.org\/es\/auditorias\/","name":"Auditor\u00edas - Fundaci\u00f3n Comit\u00e9 de Apoyo al Pueblo Palestino","isPartOf":{"@id":"https:\/\/fundcapp.org\/es\/#website"},"datePublished":"2026-05-05T16:00:10+00:00","dateModified":"2026-05-05T16:12:40+00:00","breadcrumb":{"@id":"https:\/\/fundcapp.org\/es\/auditorias\/#breadcrumb"},"inLanguage":"es","potentialAction":[{"@type":"ReadAction","target":["https:\/\/fundcapp.org\/es\/auditorias\/"]}]},{"@type":"BreadcrumbList","@id":"https:\/\/fundcapp.org\/es\/auditorias\/#breadcrumb","itemListElement":[{"@type":"ListItem","position":1,"name":"Home","item":"https:\/\/fundcapp.org\/es\/"},{"@type":"ListItem","position":2,"name":"Auditor\u00edas"}]},{"@type":"WebSite","@id":"https:\/\/fundcapp.org\/es\/#website","url":"https:\/\/fundcapp.org\/es\/","name":"Fundaci\u00f3n Comit\u00e9 de Apoyo al Pueblo Palestino","description":"","publisher":{"@id":"https:\/\/fundcapp.org\/es\/#organization"},"potentialAction":[{"@type":"SearchAction","target":{"@type":"EntryPoint","urlTemplate":"https:\/\/fundcapp.org\/es\/?s={search_term_string}"},"query-input":{"@type":"PropertyValueSpecification","valueRequired":true,"valueName":"search_term_string"}}],"inLanguage":"es"},{"@type":"Organization","@id":"https:\/\/fundcapp.org\/es\/#organization","name":"Fundaci\u00f3n Comit\u00e9 de Apoyo al Pueblo Palestino","url":"https:\/\/fundcapp.org\/es\/","logo":{"@type":"ImageObject","inLanguage":"es","@id":"https:\/\/fundcapp.org\/es\/#\/schema\/logo\/image\/","url":"https:\/\/fundcapp.org\/es\/wp-content\/uploads\/2026\/01\/CAPPLogo.png","contentUrl":"https:\/\/fundcapp.org\/es\/wp-content\/uploads\/2026\/01\/CAPPLogo.png","width":138,"height":100,"caption":"Fundaci\u00f3n Comit\u00e9 de Apoyo al Pueblo Palestino"},"image":{"@id":"https:\/\/fundcapp.org\/es\/#\/schema\/logo\/image\/"}}]}},"campaignId":"","_links":{"self":[{"href":"https:\/\/fundcapp.org\/es\/wp-json\/wp\/v2\/pages\/1468","targetHints":{"allow":["GET"]}}],"collection":[{"href":"https:\/\/fundcapp.org\/es\/wp-json\/wp\/v2\/pages"}],"about":[{"href":"https:\/\/fundcapp.org\/es\/wp-json\/wp\/v2\/types\/page"}],"author":[{"embeddable":true,"href":"https:\/\/fundcapp.org\/es\/wp-json\/wp\/v2\/users\/1"}],"replies":[{"embeddable":true,"href":"https:\/\/fundcapp.org\/es\/wp-json\/wp\/v2\/comments?post=1468"}],"version-history":[{"count":10,"href":"https:\/\/fundcapp.org\/es\/wp-json\/wp\/v2\/pages\/1468\/revisions"}],"predecessor-version":[{"id":1496,"href":"https:\/\/fundcapp.org\/es\/wp-json\/wp\/v2\/pages\/1468\/revisions\/1496"}],"wp:attachment":[{"href":"https:\/\/fundcapp.org\/es\/wp-json\/wp\/v2\/media?parent=1468"}],"curies":[{"name":"wp","href":"https:\/\/api.w.org\/{rel}","templated":true}]}}