{"id":550,"date":"2026-01-22T20:54:28","date_gmt":"2026-01-22T19:54:28","guid":{"rendered":"https:\/\/fundcapp.org\/es\/?page_id=550"},"modified":"2026-01-23T17:53:53","modified_gmt":"2026-01-23T16:53:53","slug":"voluntariado","status":"publish","type":"page","link":"https:\/\/fundcapp.org\/es\/voluntariado\/","title":{"rendered":"Voluntariado"},"content":{"rendered":"\t\t<div data-elementor-type=\"wp-page\" data-elementor-id=\"550\" class=\"elementor elementor-550\" data-elementor-post-type=\"page\">\n\t\t\t\t<div class=\"elementor-element elementor-element-70a49d7 e-flex e-con-boxed e-con e-parent\" data-id=\"70a49d7\" data-element_type=\"container\" data-e-type=\"container\" data-settings=\"{&quot;background_background&quot;:&quot;classic&quot;,&quot;jet_parallax_layout_list&quot;:[]}\">\n\t\t\t\t\t<div class=\"e-con-inner\">\n\t\t\t\t<div class=\"elementor-element elementor-element-a8bbf7d elementor-widget elementor-widget-heading\" data-id=\"a8bbf7d\" data-element_type=\"widget\" data-e-type=\"widget\" data-widget_type=\"heading.default\">\n\t\t\t\t\t<p class=\"elementor-heading-title elementor-size-default\">Voluntariado<\/p>\t\t\t\t<\/div>\n\t\t\t\t\t<\/div>\n\t\t\t\t<\/div>\n\t\t<div class=\"elementor-element elementor-element-aa96730 e-flex e-con-boxed e-con e-parent\" data-id=\"aa96730\" data-element_type=\"container\" data-e-type=\"container\" data-settings=\"{&quot;jet_parallax_layout_list&quot;:[]}\">\n\t\t\t\t\t<div class=\"e-con-inner\">\n\t\t<div class=\"elementor-element elementor-element-761a3e4 e-con-full e-flex e-con e-child\" data-id=\"761a3e4\" data-element_type=\"container\" data-e-type=\"container\" data-settings=\"{&quot;jet_parallax_layout_list&quot;:[]}\">\n\t\t\t\t<div class=\"elementor-element elementor-element-c24b8b3 elementor-widget elementor-widget-text-editor\" data-id=\"c24b8b3\" data-element_type=\"widget\" data-e-type=\"widget\" data-widget_type=\"text-editor.default\">\n\t\t\t\t\t\t\t\t\t<p>La solidaridad ha sido un valor fundamental en la historia de la humanidad, y las personas han demostrado consistentemente su compromiso con ella. Durante el \u00faltimo siglo, en particular, el movimiento voluntario ha estado en primera l\u00ednea, abogando por la libertad, la igualdad, la solidaridad y la justicia como valores esenciales de la conducta humana dentro de la comunidad.<\/p><p>En nuestra organizaci\u00f3n, apreciamos y reconocemos el valioso aporte de aquellos que eligen dedicar su tiempo y esfuerzo como voluntarios a nuestras actividades. Si est\u00e1s interesado en formar parte de nuestro equipo de voluntarios, te invitamos a conocer los requisitos de participaci\u00f3n y los derechos y obligaciones que conlleva este importante rol.<\/p>\t\t\t\t\t\t\t\t<\/div>\n\t\t\t\t<\/div>\n\t\t<div class=\"elementor-element elementor-element-9f29471 e-con-full e-flex e-con e-child\" data-id=\"9f29471\" data-element_type=\"container\" data-e-type=\"container\" data-settings=\"{&quot;jet_parallax_layout_list&quot;:[]}\">\n\t\t\t\t<div class=\"elementor-element elementor-element-bcd49dc elementor-widget elementor-widget-image\" data-id=\"bcd49dc\" data-element_type=\"widget\" data-e-type=\"widget\" data-widget_type=\"image.default\">\n\t\t\t\t\t\t\t\t\t\t\t\t\t\t\t<img fetchpriority=\"high\" decoding=\"async\" width=\"768\" height=\"501\" src=\"https:\/\/fundcapp.org\/es\/wp-content\/uploads\/2026\/01\/voluntariado01.jpg\" class=\"attachment-large size-large wp-image-553\" alt=\"\" srcset=\"https:\/\/fundcapp.org\/es\/wp-content\/uploads\/2026\/01\/voluntariado01.jpg 768w, https:\/\/fundcapp.org\/es\/wp-content\/uploads\/2026\/01\/voluntariado01-300x196.jpg 300w\" sizes=\"(max-width: 768px) 100vw, 768px\" \/>\t\t\t\t\t\t\t\t\t\t\t\t\t\t\t<\/div>\n\t\t\t\t<\/div>\n\t\t\t\t\t<\/div>\n\t\t\t\t<\/div>\n\t\t<div class=\"elementor-element elementor-element-f24564a e-flex e-con-boxed e-con e-parent\" data-id=\"f24564a\" data-element_type=\"container\" data-e-type=\"container\" data-settings=\"{&quot;background_background&quot;:&quot;classic&quot;,&quot;jet_parallax_layout_list&quot;:[]}\">\n\t\t\t\t\t<div class=\"e-con-inner\">\n\t\t\t\t<div class=\"elementor-element elementor-element-57b13aa elementor-widget elementor-widget-heading\" data-id=\"57b13aa\" data-element_type=\"widget\" data-e-type=\"widget\" data-widget_type=\"heading.default\">\n\t\t\t\t\t<h2 class=\"elementor-heading-title elementor-size-default\">\u00bfQui\u00e9nes pueden ser voluntarios?<\/h2>\t\t\t\t<\/div>\n\t\t\t\t<div class=\"elementor-element elementor-element-e370819 elementor-widget elementor-widget-text-editor\" data-id=\"e370819\" data-element_type=\"widget\" data-e-type=\"widget\" data-widget_type=\"text-editor.default\">\n\t\t\t\t\t\t\t\t\t<p>Tendr\u00e1n condici\u00f3n de voluntarios las personas f\u00edsicas que decidan libre y voluntariamente dedicar, todo o parte de su tiempo, a la realizaci\u00f3n de nuestras actividades. No obstante, es importante mencionar que no se aceptar\u00e1n solicitudes de personas que tengan\u00a0<strong>antecedentes penales no cancelados<\/strong>\u00a0por\u00a0<strong>delitos<\/strong>\u00a0de\u00a0<strong>violencia dom\u00e9stica<\/strong>\u00a0o\u00a0<strong>de g\u00e9nero<\/strong>,\u00a0<strong>tr\u00e1fico ilegal<\/strong>\u00a0o\u00a0<strong>inmigraci\u00f3n clandestina de personas<\/strong>, o\u00a0<strong>terrorismo.<\/strong><\/p>\t\t\t\t\t\t\t\t<\/div>\n\t\t\t\t<div class=\"elementor-element elementor-element-3b9ba70 elementor-widget elementor-widget-n-accordion\" data-id=\"3b9ba70\" data-element_type=\"widget\" data-e-type=\"widget\" data-settings=\"{&quot;default_state&quot;:&quot;expanded&quot;,&quot;max_items_expended&quot;:&quot;one&quot;,&quot;n_accordion_animation_duration&quot;:{&quot;unit&quot;:&quot;ms&quot;,&quot;size&quot;:400,&quot;sizes&quot;:[]}}\" data-widget_type=\"nested-accordion.default\">\n\t\t\t\t\t\t\t<div class=\"e-n-accordion\" aria-label=\"Accordion. Open links with Enter or Space, close with Escape, and navigate with Arrow Keys\">\n\t\t\t\t\t\t<details id=\"e-n-accordion-item-6250\" class=\"e-n-accordion-item\" open>\n\t\t\t\t<summary class=\"e-n-accordion-item-title\" data-accordion-index=\"1\" tabindex=\"0\" aria-expanded=\"true\" aria-controls=\"e-n-accordion-item-6250\" >\n\t\t\t\t\t<span class='e-n-accordion-item-title-header'><div class=\"e-n-accordion-item-title-text\"> Derechos de los voluntarios: <\/div><\/span>\n\t\t\t\t\t\t\t<span class='e-n-accordion-item-title-icon'>\n\t\t\t<span class='e-opened' ><svg aria-hidden=\"true\" class=\"e-font-icon-svg e-fas-minus\" viewBox=\"0 0 448 512\" xmlns=\"http:\/\/www.w3.org\/2000\/svg\"><path d=\"M416 208H32c-17.67 0-32 14.33-32 32v32c0 17.67 14.33 32 32 32h384c17.67 0 32-14.33 32-32v-32c0-17.67-14.33-32-32-32z\"><\/path><\/svg><\/span>\n\t\t\t<span class='e-closed'><svg aria-hidden=\"true\" class=\"e-font-icon-svg e-fas-plus\" viewBox=\"0 0 448 512\" xmlns=\"http:\/\/www.w3.org\/2000\/svg\"><path d=\"M416 208H272V64c0-17.67-14.33-32-32-32h-32c-17.67 0-32 14.33-32 32v144H32c-17.67 0-32 14.33-32 32v32c0 17.67 14.33 32 32 32h144v144c0 17.67 14.33 32 32 32h32c17.67 0 32-14.33 32-32V304h144c17.67 0 32-14.33 32-32v-32c0-17.67-14.33-32-32-32z\"><\/path><\/svg><\/span>\n\t\t<\/span>\n\n\t\t\t\t\t\t<\/summary>\n\t\t\t\t<div role=\"region\" aria-labelledby=\"e-n-accordion-item-6250\" class=\"elementor-element elementor-element-8c7d828 e-con-full e-flex e-con e-child\" data-id=\"8c7d828\" data-element_type=\"container\" data-e-type=\"container\" data-settings=\"{&quot;jet_parallax_layout_list&quot;:[]}\">\n\t\t\t\t<div class=\"elementor-element elementor-element-54da77c elementor-widget elementor-widget-text-editor\" data-id=\"54da77c\" data-element_type=\"widget\" data-e-type=\"widget\" data-widget_type=\"text-editor.default\">\n\t\t\t\t\t\t\t\t\t<p>\u00a0<strong>1-<\/strong>\u00a0 Recibir regularmente durante el desempe\u00f1o de su actividad, informaci\u00f3n, orientaci\u00f3n y apoyo, as\u00ed como los recursos materiales necesarios para el cumplimiento de las tareas encomendadas.<\/p><p>\u00a0<strong>2-<\/strong>\u00a0Ser tratado con igualdad y justicia, sin que puedan existir discriminaci\u00f3n ni tratos diferenciados por raz\u00f3n de raza, sexo, religi\u00f3n, condici\u00f3n social o credo pol\u00edtico.<\/p><p>\u00a0<strong>3-<\/strong>\u00a0Participar activamente en la organizaci\u00f3n, colaborando en la elaboraci\u00f3n, dise\u00f1o, ejecuci\u00f3n y evaluaci\u00f3n de los programas o proyectos.<\/p><p>\u00a0<strong>4-<\/strong>\u00a0Estar asegurado contra los riesgos a los que pueda estar expuesto en la realizaci\u00f3n de su trabajo voluntario, incluyendo las responsabilidades civiles con respecto a terceros.<\/p><p>\u00a0<strong>5-<\/strong>\u00a0Ser rembolsados por los gastos realizados en el cumplimiento de sus actividades, siempre y cuando se haya acordado previamente.<\/p><p>\u00a0<strong>6-<\/strong>\u00a0Disponer de una acreditaci\u00f3n identificativa de su condici\u00f3n de voluntario.<\/p><p>\u00a0<strong>7-<\/strong>\u00a0Realizar tu actividad en las debidas condiciones de seguridad e higiene en funci\u00f3n de la naturaleza y caracter\u00edsticas de aqu\u00e9lla.<\/p><p>\u00a0<strong>8-<\/strong>\u00a0Recibir una certificaci\u00f3n de la organizaci\u00f3n que acredite su participaci\u00f3n como voluntario.<\/p><p>\u00a0<strong>9-<\/strong>\u00a0Realizar la acci\u00f3n voluntaria en su entorno m\u00e1s pr\u00f3ximo.<\/p><p>\u00a0<strong>10-<\/strong>\u00a0Retirarse libremente de la realizaci\u00f3n de sus actividades de voluntariado.<\/p><p>\u00a0<strong>11-<\/strong>\u00a0Otros derechos que deriven de la Ley de Voluntariado 45\/2015.<\/p>\t\t\t\t\t\t\t\t<\/div>\n\t\t\t\t<\/div>\n\t\t\t\t\t<\/details>\n\t\t\t\t\t\t<details id=\"e-n-accordion-item-6251\" class=\"e-n-accordion-item\" >\n\t\t\t\t<summary class=\"e-n-accordion-item-title\" data-accordion-index=\"2\" tabindex=\"-1\" aria-expanded=\"false\" aria-controls=\"e-n-accordion-item-6251\" >\n\t\t\t\t\t<span class='e-n-accordion-item-title-header'><div class=\"e-n-accordion-item-title-text\"> Deberes de los voluntarios: <\/div><\/span>\n\t\t\t\t\t\t\t<span class='e-n-accordion-item-title-icon'>\n\t\t\t<span class='e-opened' ><svg aria-hidden=\"true\" class=\"e-font-icon-svg e-fas-minus\" viewBox=\"0 0 448 512\" xmlns=\"http:\/\/www.w3.org\/2000\/svg\"><path d=\"M416 208H32c-17.67 0-32 14.33-32 32v32c0 17.67 14.33 32 32 32h384c17.67 0 32-14.33 32-32v-32c0-17.67-14.33-32-32-32z\"><\/path><\/svg><\/span>\n\t\t\t<span class='e-closed'><svg aria-hidden=\"true\" class=\"e-font-icon-svg e-fas-plus\" viewBox=\"0 0 448 512\" xmlns=\"http:\/\/www.w3.org\/2000\/svg\"><path d=\"M416 208H272V64c0-17.67-14.33-32-32-32h-32c-17.67 0-32 14.33-32 32v144H32c-17.67 0-32 14.33-32 32v32c0 17.67 14.33 32 32 32h144v144c0 17.67 14.33 32 32 32h32c17.67 0 32-14.33 32-32V304h144c17.67 0 32-14.33 32-32v-32c0-17.67-14.33-32-32-32z\"><\/path><\/svg><\/span>\n\t\t<\/span>\n\n\t\t\t\t\t\t<\/summary>\n\t\t\t\t<div role=\"region\" aria-labelledby=\"e-n-accordion-item-6251\" class=\"elementor-element elementor-element-bae334c e-con-full e-flex e-con e-child\" data-id=\"bae334c\" data-element_type=\"container\" data-e-type=\"container\" data-settings=\"{&quot;jet_parallax_layout_list&quot;:[]}\">\n\t\t\t\t<div class=\"elementor-element elementor-element-8ee7bac elementor-widget elementor-widget-text-editor\" data-id=\"8ee7bac\" data-element_type=\"widget\" data-e-type=\"widget\" data-widget_type=\"text-editor.default\">\n\t\t\t\t\t\t\t\t\t<p>\u00a0<strong>1.<\/strong>\u00a0Cumplir los compromisos adquiridos con la entidad de voluntariado, respetando sus fines y estatutos.<\/p><p>\u00a0<strong>2.<\/strong>\u00a0Guardar la debida confidencialidad de la informaci\u00f3n recibida y conocida en el desarrollo de su acci\u00f3n voluntaria.<\/p><p>\u00a0<strong>3.<\/strong>\u00a0Rechazar cualquier contraprestaci\u00f3n material o econ\u00f3mica que pudieran recibir bien de las personas destinatarias de la acci\u00f3n voluntaria, bien de otras personas relacionadas con su acci\u00f3n voluntaria.<\/p><p>\u00a0<strong>4.<\/strong>\u00a0Respetar los derechos de las personas destinatarias de la acci\u00f3n voluntaria<\/p><p>\u00a0<strong>5.<\/strong>\u00a0Actuar con la diligencia debida y de forma solidaria.<\/p><p>\u00a0<strong>6.<\/strong>\u00a0Utilizar debidamente la acreditaci\u00f3n personal y los distintivos de la entidad de voluntariado.<\/p><p><strong>\u00a07.<\/strong>\u00a0Respetar y cuidar los recursos materiales puestos a su disposici\u00f3n.<\/p><p>\u00a0<strong>8.<\/strong>\u00a0Cumplir las medidas de seguridad y salud establecidas.<\/p><p><strong>\u00a09.<\/strong>\u00a0En caso de renuncia, notificarlo con la antelaci\u00f3n, para evitar perjuicios graves a las personas destinatarias de la acci\u00f3n, al servicio que se presta y a la organizaci\u00f3n.<\/p>\t\t\t\t\t\t\t\t<\/div>\n\t\t\t\t<\/div>\n\t\t\t\t\t<\/details>\n\t\t\t\t\t\t<details id=\"e-n-accordion-item-6252\" class=\"e-n-accordion-item\" >\n\t\t\t\t<summary class=\"e-n-accordion-item-title\" data-accordion-index=\"3\" tabindex=\"-1\" aria-expanded=\"false\" aria-controls=\"e-n-accordion-item-6252\" >\n\t\t\t\t\t<span class='e-n-accordion-item-title-header'><div class=\"e-n-accordion-item-title-text\"> Incompatibilidades <\/div><\/span>\n\t\t\t\t\t\t\t<span class='e-n-accordion-item-title-icon'>\n\t\t\t<span class='e-opened' ><svg aria-hidden=\"true\" class=\"e-font-icon-svg e-fas-minus\" viewBox=\"0 0 448 512\" xmlns=\"http:\/\/www.w3.org\/2000\/svg\"><path d=\"M416 208H32c-17.67 0-32 14.33-32 32v32c0 17.67 14.33 32 32 32h384c17.67 0 32-14.33 32-32v-32c0-17.67-14.33-32-32-32z\"><\/path><\/svg><\/span>\n\t\t\t<span class='e-closed'><svg aria-hidden=\"true\" class=\"e-font-icon-svg e-fas-plus\" viewBox=\"0 0 448 512\" xmlns=\"http:\/\/www.w3.org\/2000\/svg\"><path d=\"M416 208H272V64c0-17.67-14.33-32-32-32h-32c-17.67 0-32 14.33-32 32v144H32c-17.67 0-32 14.33-32 32v32c0 17.67 14.33 32 32 32h144v144c0 17.67 14.33 32 32 32h32c17.67 0 32-14.33 32-32V304h144c17.67 0 32-14.33 32-32v-32c0-17.67-14.33-32-32-32z\"><\/path><\/svg><\/span>\n\t\t<\/span>\n\n\t\t\t\t\t\t<\/summary>\n\t\t\t\t<div role=\"region\" aria-labelledby=\"e-n-accordion-item-6252\" class=\"elementor-element elementor-element-8cde097 e-con-full e-flex e-con e-child\" data-id=\"8cde097\" data-element_type=\"container\" data-e-type=\"container\" data-settings=\"{&quot;jet_parallax_layout_list&quot;:[]}\">\n\t\t\t\t<div class=\"elementor-element elementor-element-fc03c3f elementor-widget elementor-widget-text-editor\" data-id=\"fc03c3f\" data-element_type=\"widget\" data-e-type=\"widget\" data-widget_type=\"text-editor.default\">\n\t\t\t\t\t\t\t\t\t<p><strong>\u00a01.<\/strong>\u00a0No se permitir\u00e1 la realizaci\u00f3n de actividades de voluntariado en aquellos puestos reservados para personal remunerado.<\/p><p><strong>\u00a02.<\/strong>\u00a0Con el fin de prevenir conflictos de inter\u00e9s o la percepci\u00f3n de favoritismo, se establece que cualquier persona que desempe\u00f1e un rol profesional o mantenga relaciones laborales, comerciales o de cualquier otra \u00edndole que impliquen remuneraci\u00f3n econ\u00f3mica, no podr\u00e1 involucrarse en labores de voluntariado relacionadas con el \u00e1mbito de su ocupaci\u00f3n laboral o servicio remunerado.<\/p>\t\t\t\t\t\t\t\t<\/div>\n\t\t\t\t<\/div>\n\t\t\t\t\t<\/details>\n\t\t\t\t\t<\/div>\n\t\t\t\t\t\t<\/div>\n\t\t\t\t\t<\/div>\n\t\t\t\t<\/div>\n\t\t<div class=\"elementor-element elementor-element-98e607d e-flex e-con-boxed e-con e-parent\" data-id=\"98e607d\" data-element_type=\"container\" data-e-type=\"container\" data-settings=\"{&quot;jet_parallax_layout_list&quot;:[]}\">\n\t\t\t\t\t<div class=\"e-con-inner\">\n\t\t\t\t<div class=\"elementor-element elementor-element-cad9700 elementor-align-center elementor-widget elementor-widget-button\" data-id=\"cad9700\" data-element_type=\"widget\" data-e-type=\"widget\" data-widget_type=\"button.default\">\n\t\t\t\t\t\t\t\t\t\t<a class=\"elementor-button elementor-button-link elementor-size-sm\" href=\"https:\/\/fundcapp.org\/es\/hazte-voluntario\/\">\n\t\t\t\t\t\t<span class=\"elementor-button-content-wrapper\">\n\t\t\t\t\t\t\t\t\t<span class=\"elementor-button-text\">Ir al formulario del voluntariado<\/span>\n\t\t\t\t\t<\/span>\n\t\t\t\t\t<\/a>\n\t\t\t\t\t\t\t\t<\/div>\n\t\t\t\t<div class=\"elementor-element elementor-element-73b8783 elementor-widget elementor-widget-image\" data-id=\"73b8783\" data-element_type=\"widget\" data-e-type=\"widget\" data-widget_type=\"image.default\">\n\t\t\t\t\t\t\t\t\t\t\t\t\t\t\t<img decoding=\"async\" width=\"768\" height=\"433\" src=\"https:\/\/fundcapp.org\/es\/wp-content\/uploads\/2026\/01\/voluntariado02.jpg\" class=\"attachment-large size-large wp-image-560\" alt=\"\" srcset=\"https:\/\/fundcapp.org\/es\/wp-content\/uploads\/2026\/01\/voluntariado02.jpg 768w, https:\/\/fundcapp.org\/es\/wp-content\/uploads\/2026\/01\/voluntariado02-300x169.jpg 300w\" sizes=\"(max-width: 768px) 100vw, 768px\" \/>\t\t\t\t\t\t\t\t\t\t\t\t\t\t\t<\/div>\n\t\t\t\t\t<\/div>\n\t\t\t\t<\/div>\n\t\t\t\t<\/div>\n\t\t","protected":false},"excerpt":{"rendered":"<p>Voluntariado La solidaridad ha sido un valor fundamental en la historia de la humanidad, y las personas han demostrado consistentemente su compromiso con ella. Durante el \u00faltimo siglo, en particular, el movimiento voluntario ha estado en primera l\u00ednea, abogando por la libertad, la igualdad, la solidaridad y la justicia como valores esenciales de la conducta &#8230; <a title=\"Voluntariado\" class=\"read-more\" href=\"https:\/\/fundcapp.org\/es\/voluntariado\/\" aria-label=\"Leer m\u00e1s sobre Voluntariado\">Leer m\u00e1s<\/a><\/p>\n","protected":false},"author":1,"featured_media":0,"parent":0,"menu_order":0,"comment_status":"closed","ping_status":"closed","template":"elementor_header_footer","meta":{"give_campaign_id":0,"footnotes":""},"class_list":["post-550","page","type-page","status-publish"],"campaignId":"","_links":{"self":[{"href":"https:\/\/fundcapp.org\/es\/wp-json\/wp\/v2\/pages\/550","targetHints":{"allow":["GET"]}}],"collection":[{"href":"https:\/\/fundcapp.org\/es\/wp-json\/wp\/v2\/pages"}],"about":[{"href":"https:\/\/fundcapp.org\/es\/wp-json\/wp\/v2\/types\/page"}],"author":[{"embeddable":true,"href":"https:\/\/fundcapp.org\/es\/wp-json\/wp\/v2\/users\/1"}],"replies":[{"embeddable":true,"href":"https:\/\/fundcapp.org\/es\/wp-json\/wp\/v2\/comments?post=550"}],"version-history":[{"count":10,"href":"https:\/\/fundcapp.org\/es\/wp-json\/wp\/v2\/pages\/550\/revisions"}],"predecessor-version":[{"id":603,"href":"https:\/\/fundcapp.org\/es\/wp-json\/wp\/v2\/pages\/550\/revisions\/603"}],"wp:attachment":[{"href":"https:\/\/fundcapp.org\/es\/wp-json\/wp\/v2\/media?parent=550"}],"curies":[{"name":"wp","href":"https:\/\/api.w.org\/{rel}","templated":true}]}}