{"id":571,"date":"2026-01-22T21:29:29","date_gmt":"2026-01-22T20:29:29","guid":{"rendered":"https:\/\/fundcapp.org\/es\/?page_id=571"},"modified":"2026-01-23T11:00:59","modified_gmt":"2026-01-23T10:00:59","slug":"hazte-voluntario","status":"publish","type":"page","link":"https:\/\/fundcapp.org\/es\/hazte-voluntario\/","title":{"rendered":"Hazte Voluntario"},"content":{"rendered":"\t\t<div data-elementor-type=\"wp-page\" data-elementor-id=\"571\" class=\"elementor elementor-571\" data-elementor-post-type=\"page\">\n\t\t\t\t<div class=\"elementor-element elementor-element-3ec8302 e-flex e-con-boxed e-con e-parent\" data-id=\"3ec8302\" data-element_type=\"container\" data-e-type=\"container\" data-settings=\"{&quot;background_background&quot;:&quot;classic&quot;,&quot;jet_parallax_layout_list&quot;:[]}\">\n\t\t\t\t\t<div class=\"e-con-inner\">\n\t\t\t\t<div class=\"elementor-element elementor-element-35d827c elementor-widget elementor-widget-heading\" data-id=\"35d827c\" data-element_type=\"widget\" data-e-type=\"widget\" data-widget_type=\"heading.default\">\n\t\t\t\t\t<p class=\"elementor-heading-title elementor-size-default\">Hazte Voluntari@<\/p>\t\t\t\t<\/div>\n\t\t\t\t\t<\/div>\n\t\t\t\t<\/div>\n\t\t<div class=\"elementor-element elementor-element-30f8467 e-flex e-con-boxed e-con e-parent\" data-id=\"30f8467\" data-element_type=\"container\" data-e-type=\"container\" data-settings=\"{&quot;jet_parallax_layout_list&quot;:[]}\">\n\t\t\t\t\t<div class=\"e-con-inner\">\n\t\t\t\t<div class=\"elementor-element elementor-element-72cce6b elementor-widget elementor-widget-text-editor\" data-id=\"72cce6b\" data-element_type=\"widget\" data-e-type=\"widget\" data-widget_type=\"text-editor.default\">\n\t\t\t\t\t\t\t\t\t<p style=\"text-align: center;\">\u00bfTe gusta ayudar a la gente?<br \/>\u00bfEres solidario con los que te necesitan? <br \/>\u00bfQuieres aportar tu granito de arena para el pueblo palestino?\u00a0<\/p><h4 style=\"text-align: center;\"><strong>Ahora puedes hacerlo\u2026 Exti\u00e9ndenos tu mano !!<\/strong><\/h4>\t\t\t\t\t\t\t\t<\/div>\n\t\t\t\t<div class=\"elementor-element elementor-element-6ae8876 fluent-form-widget-step-header-yes fluent-form-widget-step-progressbar-yes fluentform-widget-submit-button-custom elementor-widget elementor-widget-fluent-form-widget\" data-id=\"6ae8876\" data-element_type=\"widget\" data-e-type=\"widget\" data-widget_type=\"fluent-form-widget.default\">\n\t\t\t\t<div class=\"elementor-widget-container\">\n\t\t\t\t\t\n            <div class=\"fluentform-widget-wrapper fluentform-widget-custom-radio-checkbox fluentform-widget-align-default\">\n\n            \n            <div class='fluentform ff-default fluentform_wrapper_5 ffs_default_wrap'><form data-form_id=\"5\" id=\"fluentform_5\" class=\"frm-fluent-form fluent_form_5 ff-el-form-top ff_form_instance_5_1 ff-form-loading ffs_default\" data-form_instance=\"ff_form_instance_5_1\" method=\"POST\" ><fieldset  style=\"border: none!important;margin: 0!important;padding: 0!important;background-color: transparent!important;box-shadow: none!important;outline: none!important; min-inline-size: 100%;\">\n                    <legend class=\"ff_screen_reader_title\" style=\"display: block; margin: 0!important;padding: 0!important;height: 0!important;text-indent: -999999px;width: 0!important;overflow:hidden;\">Formulario Hazte Voluntario<\/legend><input type='hidden' name='__fluent_form_embded_post_id' value='571' \/><input type=\"hidden\" id=\"_fluentform_5_fluentformnonce\" name=\"_fluentform_5_fluentformnonce\" value=\"c41e60be5e\" \/><input type=\"hidden\" name=\"_wp_http_referer\" value=\"\/es\/wp-json\/wp\/v2\/pages\/571\" \/><div data-name=\"ff_cn_id_1\"  class='ff-t-container ff-column-container ff_columns_total_3 '><div class='ff-t-cell ff-t-column-1' style='flex-basis: 16.46%;'><div class='ff-el-group'><div class=\"ff-el-input--label ff-el-is-required asterisk-right\"><label for='ff_5_dropdown' id='label_ff_5_dropdown' aria-label=\"Tratamiento\">Tratamiento<\/label><\/div><div class='ff-el-input--content'><select name=\"dropdown\" id=\"ff_5_dropdown\" class=\"ff-el-form-control\" data-name=\"dropdown\" data-calc_value=\"0\"  aria-invalid=\"false\" aria-required=\"true\" aria-labelledby=\"label_ff_5_dropdown\"><option value=\"\">Selecciona<\/option><option value=\"Sr.\"  >Sr.<\/option><option value=\"Sra.\"  >Sra.<\/option><\/select><\/div><\/div><\/div><div class='ff-t-cell ff-t-column-2' style='flex-basis: 31.68%;'><div class='ff-el-group'><div class=\"ff-el-input--label ff-el-is-required asterisk-right\"><label for='ff_5_input_text' id='label_ff_5_input_text' aria-label=\"Nombre\">Nombre<\/label><\/div><div class='ff-el-input--content'><input type=\"text\" name=\"input_text\" class=\"ff-el-form-control\" placeholder=\"Nombre\" data-name=\"input_text\" id=\"ff_5_input_text\"  aria-invalid=\"false\" aria-required=true><\/div><\/div><\/div><div class='ff-t-cell ff-t-column-3' style='flex-basis: 51.86%;'><div class='ff-el-group'><div class=\"ff-el-input--label ff-el-is-required asterisk-right\"><label for='ff_5_input_text_1' id='label_ff_5_input_text_1' aria-label=\"Apellidos\">Apellidos<\/label><\/div><div class='ff-el-input--content'><input type=\"text\" name=\"input_text_1\" class=\"ff-el-form-control\" placeholder=\"Apellidos\" data-name=\"input_text_1\" id=\"ff_5_input_text_1\"  aria-invalid=\"false\" aria-required=true><\/div><\/div><\/div><\/div><div data-name=\"ff_cn_id_2\"  class='ff-t-container ff-column-container ff_columns_total_3 '><div class='ff-t-cell ff-t-column-1' style='flex-basis: 25.59%;'><div class='ff-el-group'><div class=\"ff-el-input--label ff-el-is-required asterisk-right\"><label for='ff_5_datetime' id='label_ff_5_datetime' aria-label=\"Fecha Nacimiento\">Fecha Nacimiento<\/label><\/div><div class='ff-el-input--content'><input  aria-label='Fecha Nacimiento Usa las flechas para navegar por las fechas. Pulsa Intro para seleccionar una fecha.'  aria-haspopup='dialog' data-type-datepicker data-format='d\/m\/Y' type=\"text\" name=\"datetime\" id=\"ff_5_datetime\" class=\"ff-el-form-control ff-el-datepicker\" placeholder=\"dd\/mm\/aaaa\" data-name=\"datetime\"  aria-invalid='false' aria-required=true><\/div><\/div><\/div><div class='ff-t-cell ff-t-column-2' style='flex-basis: 41.08%;'><div class='ff-el-group'><div class=\"ff-el-input--label ff-el-is-required asterisk-right\"><label for='ff_5_email' id='label_ff_5_email' aria-label=\"Correo electr\u00f3nico\">Correo electr\u00f3nico<\/label><\/div><div class='ff-el-input--content'><input type=\"email\" name=\"email\" id=\"ff_5_email\" class=\"ff-el-form-control\" placeholder=\"Correo electr\u00f3nico\" data-name=\"email\"  aria-invalid=\"false\" aria-required=true><\/div><\/div><\/div><div class='ff-t-cell ff-t-column-3' style='flex-basis: 33.33%;'><div class='ff-el-group'><div class=\"ff-el-input--label asterisk-right\"><label for='ff_5_phone' id='label_ff_5_phone' aria-label=\"Tel\u00e9fono\">Tel\u00e9fono<\/label><\/div><div class='ff-el-input--content'><input name=\"phone\" class=\"ff-el-form-control ff-el-phone\" type=\"tel\" placeholder=\"N\u00famero Tel\u00e9fono\" data-name=\"phone\" id=\"ff_5_phone\" inputmode=\"tel\"  aria-invalid='false' aria-required=false><\/div><\/div><\/div><\/div><div data-name=\"ff_cn_id_3\"  class='ff-t-container ff-column-container ff_columns_total_2 '><div class='ff-t-cell ff-t-column-1' style='flex-basis: 67.38%;'><div class='ff-el-group'><div class=\"ff-el-input--label ff-el-is-required asterisk-right\"><label for='ff_5_input_text_2' id='label_ff_5_input_text_2' aria-label=\"Direcci\u00f3n\">Direcci\u00f3n<\/label><\/div><div class='ff-el-input--content'><input type=\"text\" name=\"input_text_2\" class=\"ff-el-form-control\" placeholder=\"Direcci\u00f3n\" data-name=\"input_text_2\" id=\"ff_5_input_text_2\"  aria-invalid=\"false\" aria-required=true><\/div><\/div><\/div><div class='ff-t-cell ff-t-column-2' style='flex-basis: 32.62%;'><div class='ff-el-group'><div class=\"ff-el-input--label ff-el-is-required asterisk-right\"><label for='ff_5_input_text_3' id='label_ff_5_input_text_3' aria-label=\"C\u00f3digo Postal\">C\u00f3digo Postal<\/label><\/div><div class='ff-el-input--content'><input type=\"text\" name=\"input_text_3\" class=\"ff-el-form-control\" placeholder=\"C\u00f3digo Postal\" maxlength=\"5\" data-name=\"input_text_3\" id=\"ff_5_input_text_3\"  aria-invalid=\"false\" aria-required=true><\/div><\/div><\/div><\/div><div data-name=\"ff_cn_id_4\"  class='ff-t-container ff-column-container ff_columns_total_3 '><div class='ff-t-cell ff-t-column-1' style='flex-basis: 33.33%;'><div class='ff-el-group'><div class=\"ff-el-input--label ff-el-is-required asterisk-right\"><label for='ff_5_input_text_6' id='label_ff_5_input_text_6' aria-label=\"Poblaci\u00f3n\">Poblaci\u00f3n<\/label><\/div><div class='ff-el-input--content'><input type=\"text\" name=\"input_text_6\" class=\"ff-el-form-control\" placeholder=\"Poblaci\u00f3n\" data-name=\"input_text_6\" id=\"ff_5_input_text_6\"  aria-invalid=\"false\" aria-required=true><\/div><\/div><\/div><div class='ff-t-cell ff-t-column-2' style='flex-basis: 33.33%;'><div class='ff-el-group'><div class=\"ff-el-input--label ff-el-is-required asterisk-right\"><label for='ff_5_input_text_5' id='label_ff_5_input_text_5' aria-label=\"Provincia\">Provincia<\/label><\/div><div class='ff-el-input--content'><input type=\"text\" name=\"input_text_5\" class=\"ff-el-form-control\" placeholder=\"Provincia\" data-name=\"input_text_5\" id=\"ff_5_input_text_5\"  aria-invalid=\"false\" aria-required=true><\/div><\/div><\/div><div class='ff-t-cell ff-t-column-3' style='flex-basis: 33.33%;'><div class='ff-el-group'><div class=\"ff-el-input--label ff-el-is-required asterisk-right\"><label for='ff_5_input_text_4' id='label_ff_5_input_text_4' aria-label=\"Pa\u00eds\">Pa\u00eds<\/label><\/div><div class='ff-el-input--content'><input type=\"text\" name=\"input_text_4\" class=\"ff-el-form-control\" placeholder=\"Pa\u00eds\" data-name=\"input_text_4\" id=\"ff_5_input_text_4\"  aria-invalid=\"false\" aria-required=true><\/div><\/div><\/div><\/div><div class='ff-el-group'><div class=\"ff-el-input--label ff-el-is-required asterisk-right\"><label for='ff_5_dropdown_1' id='label_ff_5_dropdown_1' aria-label=\"Disponibilidad para el voluntariado\">Disponibilidad para el voluntariado<\/label><\/div><div class='ff-el-input--content'><select name=\"dropdown_1\" id=\"ff_5_dropdown_1\" class=\"ff-el-form-control\" data-name=\"dropdown_1\" data-calc_value=\"0\"  aria-invalid=\"false\" aria-required=\"true\" aria-labelledby=\"label_ff_5_dropdown_1\"><option value=\"\">Selecciona<\/option><option value=\"Cuando me lo pidan\"  >Cuando me lo pidan<\/option><option value=\"Fin de semana\"  >Fin de semana<\/option><option value=\"Tiempo concreto\"  >Tiempo concreto<\/option><\/select><\/div><\/div><div data-name=\"ff_cn_id_5\"  class='ff-t-container ff-column-container ff_columns_total_3 '><div class='ff-t-cell ff-t-column-1' style='flex-basis: 33.33%;'><div class='ff-el-group'><div class=\"ff-el-input--label ff-el-is-required asterisk-right\"><label for='ff_5_dropdown_2' id='label_ff_5_dropdown_2' aria-label=\"Espa\u00f1ol\">Espa\u00f1ol<\/label><\/div><div class='ff-el-input--content'><select name=\"dropdown_2\" id=\"ff_5_dropdown_2\" class=\"ff-el-form-control\" data-name=\"dropdown_2\" data-calc_value=\"0\"  aria-invalid=\"false\" aria-required=\"true\" aria-labelledby=\"label_ff_5_dropdown_2\"><option value=\"\">Selecciona<\/option><option value=\"Nivel b\u00e1sico\"  >Nivel b\u00e1sico<\/option><option value=\"Nivel mediano\"  >Nivel mediano<\/option><option value=\"Nivel avanzado\"  >Nivel avanzado<\/option><option value=\"Poco o nada\"  >Poco o nada<\/option><\/select><\/div><\/div><\/div><div class='ff-t-cell ff-t-column-2' style='flex-basis: 33.33%;'><div class='ff-el-group'><div class=\"ff-el-input--label ff-el-is-required asterisk-right\"><label for='ff_5_dropdown_3' id='label_ff_5_dropdown_3' aria-label=\"\u00c1rabe\">\u00c1rabe<\/label><\/div><div class='ff-el-input--content'><select name=\"dropdown_3\" id=\"ff_5_dropdown_3\" class=\"ff-el-form-control\" data-name=\"dropdown_3\" data-calc_value=\"0\"  aria-invalid=\"false\" aria-required=\"true\" aria-labelledby=\"label_ff_5_dropdown_3\"><option value=\"\">Selecciona<\/option><option value=\"Nivel b\u00e1sico\"  >Nivel b\u00e1sico<\/option><option value=\"Nivel mediano\"  >Nivel mediano<\/option><option value=\"Nivel avanzado\"  >Nivel avanzado<\/option><option value=\"Poco o nada\"  >Poco o nada<\/option><\/select><\/div><\/div><\/div><div class='ff-t-cell ff-t-column-3' style='flex-basis: 33.33%;'><div class='ff-el-group'><div class=\"ff-el-input--label ff-el-is-required asterisk-right\"><label for='ff_5_dropdown_4' id='label_ff_5_dropdown_4' aria-label=\"Ingl\u00e9s\">Ingl\u00e9s<\/label><\/div><div class='ff-el-input--content'><select name=\"dropdown_4\" id=\"ff_5_dropdown_4\" class=\"ff-el-form-control\" data-name=\"dropdown_4\" data-calc_value=\"0\"  aria-invalid=\"false\" aria-required=\"true\" aria-labelledby=\"label_ff_5_dropdown_4\"><option value=\"\">Selecciona<\/option><option value=\"Nivel b\u00e1sico\"  >Nivel b\u00e1sico<\/option><option value=\"Nivel mediano\"  >Nivel mediano<\/option><option value=\"Nivel avanzado\"  >Nivel avanzado<\/option><option value=\"Poco o nada\"  >Poco o nada<\/option><\/select><\/div><\/div><\/div><\/div><div class='ff-el-group'><div class=\"ff-el-input--label asterisk-right\"><label for='ff_5_input_text_7' id='label_ff_5_input_text_7' aria-label=\"\u00bfHablas otros idiomas?\">\u00bfHablas otros idiomas?<\/label><\/div><div class='ff-el-input--content'><input type=\"text\" name=\"input_text_7\" class=\"ff-el-form-control\" data-name=\"input_text_7\" id=\"ff_5_input_text_7\"  aria-invalid=\"false\" aria-required=false><\/div><\/div><div class='ff-el-group'><div class=\"ff-el-input--label asterisk-right\"><label for='ff_5_multi_select' id='label_ff_5_multi_select' aria-label=\"\u00c1reas de voluntariado\">\u00c1reas de voluntariado<\/label><\/div><div class='ff-el-input--content'><select name=\"multi_select[]\" id=\"ff_5_multi_select\" class=\"ff-el-form-control  ff_has_multi_select\" placeholder=\"Seleccionar\" multiple=\"1\" data-name=\"multi_select\" data-max_selected_options=\"5\" data-calc_value=\"0\"  aria-invalid=\"false\" aria-required=\"false\" aria-labelledby=\"label_ff_5_multi_select\"><option value=\"\">Seleccionar<\/option><option value=\"Multimedia\"  >Multimedia<\/option><option value=\"Dise\u00f1o gr\u00e1fico\"  >Dise\u00f1o gr\u00e1fico<\/option><option value=\"Tareas presenciales ( Eventos y actividades de la fundaci\u00f3n..)\"  >Tareas presenciales ( Eventos y actividades de la fundaci\u00f3n..)<\/option><option value=\"Redes sociales\"  >Redes sociales<\/option><option value=\"Tienda solidaria\"  >Tienda solidaria<\/option><\/select><\/div><\/div><div class='ff-el-group'><div class=\"ff-el-input--label asterisk-right\"><label for='ff_5_input_text_8' id='label_ff_5_input_text_8' aria-label=\"Otras \u00e1reas de voluntariado\">Otras \u00e1reas de voluntariado<\/label><\/div><div class='ff-el-input--content'><input type=\"text\" name=\"input_text_8\" class=\"ff-el-form-control\" placeholder=\"Si quieres colaborar en otra \u00e1rea que no esta en el listado anterior\" data-name=\"input_text_8\" id=\"ff_5_input_text_8\"  aria-invalid=\"false\" aria-required=false><\/div><\/div><div class='ff-el-group'><div class=\"ff-el-input--label ff-el-is-required asterisk-right\"><label for='ff_5_input_text_9' id='label_ff_5_input_text_9' aria-label=\"\u00bfC\u00f3mo has conocido a Fundaci\u00f3n CAPP?\">\u00bfC\u00f3mo has conocido a Fundaci\u00f3n CAPP?<\/label><\/div><div class='ff-el-input--content'><input type=\"text\" name=\"input_text_9\" class=\"ff-el-form-control\" data-name=\"input_text_9\" id=\"ff_5_input_text_9\"  aria-invalid=\"false\" aria-required=true><\/div><\/div><div class='ff-el-group'><div class=\"ff-el-input--label asterisk-right\"><label for='ff_5_input_text_10' id='label_ff_5_input_text_10' aria-label=\"Cu\u00e9ntanos sobre tu experiencia en el voluntariado\">Cu\u00e9ntanos sobre tu experiencia en el voluntariado<\/label><\/div><div class='ff-el-input--content'><input type=\"text\" name=\"input_text_10\" class=\"ff-el-form-control\" data-name=\"input_text_10\" id=\"ff_5_input_text_10\"  aria-invalid=\"false\" aria-required=false><\/div><\/div><div class='ff-el-group  ff-dropzone'><div class=\"ff-el-input--label asterisk-right\"><label for='ff_5_image-upload_1' id='label_ff_5_image-upload_1' aria-label=\"Adjuntar su foto aqu\u00ed\">Adjuntar su foto aqu\u00ed<\/label><\/div><div class='ff-el-input--content'><label for='ff_5_image-upload_1' class='ff_file_upload_holder'><span class='ff_upload_btn ff-btn' tabindex='0'>Subir una foto tama\u00f1o carnet si deseas recibir el carnet del voluntariado<\/span> <input type=\"file\" name=\"image-upload\" id=\"ff_5_image-upload_1\" class=\"ff-el-form-control  ff-screen-reader-element\" accept=\"image\/*\" data-name=\"image-upload\" multiple=\"1\"  aria-invalid='false' aria-required=false><\/label><\/div><\/div><div class='ff-el-group  ff-custom_html' tabindex='-1' data-name=\"custom_html-5_1\" ><p style=\"font-size: 12px\">En virtud de lo dispuesto en el Reglamento General de Protecci\u00f3n de Datos RGPD 2016\/679 (RGPD) y la Ley Org\u00e1nica (LOPDGDD) 3\/2018 de Protecci\u00f3n de Datos Personales y Garant\u00eda de los Derechos Digitales La\u00a0<strong>FUNDACION COMITE DE APOYO AL PUEBLO PALESTINO<\/strong>\u00a0trata la informaci\u00f3n que nos facilita con la finalidad de gesti\u00f3n integral del programa de voluntariado, y asignaci\u00f3n de funciones en las que colaborar, contactar con el voluntario, y enviarle informaci\u00f3n acerca de otras actividades y servicios que puedan ser de su inter\u00e9s relacionados con la actividad ofrecida por la entidad. Estando prevista la comunicaci\u00f3n de los mismos a aquellos profesionales, entidades o administraciones p\u00fablicas que intervienen en la gesti\u00f3n y desarrollo de las actividades y servicios promovidos por la entidad.<br \/><br \/>En cumplimiento del art 6 y 7 del RGPD, solicitamos el consentimiento expreso para que\u00a0<strong>FUNDCAPP<\/strong>\u00a0pueda tratar sus datos de car\u00e1cter personal, con los fines expresados en el p\u00e1rrafo anterior.<\/p><\/div><div class='ff-el-group    ff-el-input--content'><div class='ff-el-form-check ff-el-tc'><label aria-label='SI CONSIENTO que FUNDCAPP trate mis datos de car\u00e1cter personal y me env\u00ede informaci\u00f3n, publicidad y promociones.' class='ff-el-form-check-label ff_tc_label' for=gdpr-agreement_443e46359fed449df280f57b14208b5c><span class='ff_tc_checkbox'><input type=\"checkbox\" name=\"gdpr-agreement\" class=\"ff-el-form-check-input ff_gdpr_field\" data-name=\"gdpr-agreement\" id=\"gdpr-agreement_443e46359fed449df280f57b14208b5c\"  value='on' aria-invalid='false' aria-required=true><\/span> <div class='ff_t_c'>SI CONSIENTO que FUNDCAPP trate mis datos de car\u00e1cter personal y me env\u00ede informaci\u00f3n, publicidad y promociones.<\/div><\/label><\/div><\/div><div class='ff-el-group  ff-custom_html' tabindex='-1' data-name=\"custom_html-5_2\" ><p style=\"font-size: 12px\"><em>Vd. Ha autorizado en impreso aparte que su fotograf\u00eda sea publicada en la p\u00e1gina web y en las redes sociales de la entidad como consecuencia de su intervenci\u00f3n en las actividades de la entidad. En caso contrario mande un correo a info@fundcapp.org<\/em><br \/><br \/>Los datos proporcionados se conservar\u00e1n hasta que cese relaci\u00f3n o hasta que usted ejerza su derecho de cancelaci\u00f3n. Usted tiene derecho a acceder a sus datos personales, rectificar los datos inexactos o solicitar su supresi\u00f3n cuando los datos ya no sean necesarios, la portabilidad de datos y limitaci\u00f3n del tratamiento, dirigi\u00e9ndose a\u00a0<strong>FUNDACION COMITE DE APOYO AL PUEBLO PALESTINO EN Calle Sellent 3 bj Valencia 46019<\/strong>, o mandando un e-mail a info@fundcapp.org indicada junto con una fotocopia del DNI\/NIE.<\/p><\/div><div class='ff-el-group ff-text-left ff_submit_btn_wrapper'><button type=\"submit\" class=\"ff-btn ff-btn-submit ff-btn-md ff_btn_style\"  aria-label=\"Enviar\">Enviar<\/button><\/div><\/fieldset><\/form><div id='fluentform_5_errors' class='ff-errors-in-stack ff_form_instance_5_1 ff-form-loading_errors ff_form_instance_5_1_errors'><\/div><\/div>            <script type=\"text\/javascript\">\n                window.fluent_form_ff_form_instance_5_1 = {\"id\":\"5\",\"ajaxUrl\":\"https:\\\/\\\/fundcapp.org\\\/es\\\/wp-admin\\\/admin-ajax.php\",\"settings\":{\"layout\":{\"labelPlacement\":\"top\",\"asteriskPlacement\":\"asterisk-right\",\"helpMessagePlacement\":\"with_label\",\"errorMessagePlacement\":\"inline\",\"cssClassName\":\"\"},\"restrictions\":{\"denyEmptySubmission\":{\"enabled\":false}}},\"form_instance\":\"ff_form_instance_5_1\",\"form_id_selector\":\"fluentform_5\",\"rules\":{\"dropdown\":{\"required\":{\"value\":true,\"message\":\"Este campo es obligatorio\",\"global_message\":\"Este campo es obligatorio\",\"global\":true}},\"input_text\":{\"required\":{\"value\":true,\"message\":\"Este campo es obligatorio\",\"global_message\":\"Este campo es obligatorio\",\"global\":true}},\"input_text_1\":{\"required\":{\"value\":true,\"message\":\"Este campo es obligatorio\",\"global_message\":\"Este campo es obligatorio\",\"global\":true}},\"datetime\":{\"required\":{\"value\":true,\"message\":\"Este campo es obligatorio\",\"global_message\":\"Este campo es obligatorio\",\"global\":true}},\"email\":{\"required\":{\"value\":true,\"message\":\"Este campo es obligatorio\",\"global_message\":\"Este campo es obligatorio\",\"global\":true},\"email\":{\"value\":true,\"message\":\"Este campo debe contener un correo electr\\u00f3nico v\\u00e1lido\",\"global_message\":\"Este campo debe contener un correo electr\\u00f3nico v\\u00e1lido\",\"global\":true}},\"phone\":{\"required\":{\"value\":false,\"global\":true,\"message\":\"Este campo es obligatorio\",\"global_message\":\"Este campo es obligatorio\"},\"valid_phone_number\":{\"value\":false,\"global\":true,\"message\":\"El n\\u00famero de tel\\u00e9fono no es v\\u00e1lido \",\"global_message\":\"El n\\u00famero de tel\\u00e9fono no es v\\u00e1lido \"}},\"input_text_2\":{\"required\":{\"value\":true,\"message\":\"Este campo es obligatorio\",\"global_message\":\"Este campo es obligatorio\",\"global\":true}},\"input_text_3\":{\"required\":{\"value\":true,\"message\":\"Este campo es obligatorio\",\"global_message\":\"Este campo es obligatorio\",\"global\":true}},\"input_text_6\":{\"required\":{\"value\":true,\"message\":\"Este campo es obligatorio\",\"global_message\":\"Este campo es obligatorio\",\"global\":true}},\"input_text_5\":{\"required\":{\"value\":true,\"message\":\"Este campo es obligatorio\",\"global_message\":\"Este campo es obligatorio\",\"global\":true}},\"input_text_4\":{\"required\":{\"value\":true,\"message\":\"Este campo es obligatorio\",\"global_message\":\"Este campo es obligatorio\",\"global\":true}},\"dropdown_1\":{\"required\":{\"value\":true,\"message\":\"Este campo es obligatorio\",\"global_message\":\"Este campo es obligatorio\",\"global\":true}},\"dropdown_2\":{\"required\":{\"value\":true,\"message\":\"Este campo es obligatorio\",\"global_message\":\"Este campo es obligatorio\",\"global\":true}},\"dropdown_3\":{\"required\":{\"value\":true,\"message\":\"Este campo es obligatorio\",\"global_message\":\"Este campo es obligatorio\",\"global\":true}},\"dropdown_4\":{\"required\":{\"value\":true,\"message\":\"Este campo es obligatorio\",\"global_message\":\"Este campo es obligatorio\",\"global\":true}},\"input_text_7\":{\"required\":{\"value\":false,\"message\":\"Este campo es obligatorio\",\"global_message\":\"Este campo es obligatorio\",\"global\":true}},\"multi_select\":{\"required\":{\"value\":false,\"message\":\"Este campo es obligatorio\",\"global_message\":\"Este campo es obligatorio\",\"global\":true}},\"input_text_8\":{\"required\":{\"value\":false,\"message\":\"Este campo es obligatorio\",\"global_message\":\"Este campo es obligatorio\",\"global\":true}},\"input_text_9\":{\"required\":{\"value\":true,\"message\":\"Este campo es obligatorio\",\"global_message\":\"Este campo es obligatorio\",\"global\":true}},\"input_text_10\":{\"required\":{\"value\":false,\"message\":\"Este campo es obligatorio\",\"global_message\":\"Este campo es obligatorio\",\"global\":true}},\"image-upload\":{\"required\":{\"value\":false,\"message\":\"Este campo es obligatorio\",\"global_message\":\"Este campo es obligatorio\",\"global\":true},\"max_file_size\":{\"value\":1048576,\"_valueFrom\":\"MB\",\"message\":\"La validaci\\u00f3n falla por el tama\\u00f1o m\\u00e1ximo de archivo\",\"global_message\":\"La validaci\\u00f3n falla por el tama\\u00f1o m\\u00e1ximo de archivo\",\"global\":true},\"max_file_count\":{\"value\":1,\"message\":\"La validaci\\u00f3n falla para el recuento m\\u00e1ximo de archivos\",\"global_message\":\"La validaci\\u00f3n falla para el recuento m\\u00e1ximo de archivos\",\"global\":true},\"allowed_image_types\":{\"value\":[\"jpg|jpeg\",\"png\"],\"message\":\"Los tipos de imagen permitidos no coinciden\",\"global_message\":\"Los tipos de imagen permitidos no coinciden\",\"global\":true}},\"gdpr-agreement\":{\"required\":{\"value\":true,\"message\":\"Este campo es obligatorio\",\"global_message\":\"Este campo es obligatorio\",\"global\":true}}},\"debounce_time\":300};\n                            <\/script>\n                        <\/div>\n\n            \t\t\t\t<\/div>\n\t\t\t\t<\/div>\n\t\t\t\t\t<\/div>\n\t\t\t\t<\/div>\n\t\t\t\t<\/div>\n\t\t","protected":false},"excerpt":{"rendered":"<p>Hazte Voluntari@ \u00bfTe gusta ayudar a la gente?\u00bfEres solidario con los que te necesitan? \u00bfQuieres aportar tu granito de arena para el pueblo palestino?\u00a0 Ahora puedes hacerlo\u2026 Exti\u00e9ndenos tu mano !! Formulario Hazte Voluntario TratamientoSeleccionaSr.Sra.NombreApellidosFecha NacimientoCorreo electr\u00f3nicoTel\u00e9fonoDirecci\u00f3nC\u00f3digo PostalPoblaci\u00f3nProvinciaPa\u00edsDisponibilidad para el voluntariadoSeleccionaCuando me lo pidanFin de semanaTiempo concretoEspa\u00f1olSeleccionaNivel b\u00e1sicoNivel medianoNivel avanzadoPoco o nada\u00c1rabeSeleccionaNivel b\u00e1sicoNivel medianoNivel avanzadoPoco &#8230; <a title=\"Hazte Voluntario\" class=\"read-more\" href=\"https:\/\/fundcapp.org\/es\/hazte-voluntario\/\" aria-label=\"Leer m\u00e1s sobre Hazte Voluntario\">Leer m\u00e1s<\/a><\/p>\n","protected":false},"author":1,"featured_media":0,"parent":0,"menu_order":0,"comment_status":"closed","ping_status":"closed","template":"elementor_header_footer","meta":{"give_campaign_id":0,"footnotes":""},"class_list":["post-571","page","type-page","status-publish"],"campaignId":"","_links":{"self":[{"href":"https:\/\/fundcapp.org\/es\/wp-json\/wp\/v2\/pages\/571","targetHints":{"allow":["GET"]}}],"collection":[{"href":"https:\/\/fundcapp.org\/es\/wp-json\/wp\/v2\/pages"}],"about":[{"href":"https:\/\/fundcapp.org\/es\/wp-json\/wp\/v2\/types\/page"}],"author":[{"embeddable":true,"href":"https:\/\/fundcapp.org\/es\/wp-json\/wp\/v2\/users\/1"}],"replies":[{"embeddable":true,"href":"https:\/\/fundcapp.org\/es\/wp-json\/wp\/v2\/comments?post=571"}],"version-history":[{"count":10,"href":"https:\/\/fundcapp.org\/es\/wp-json\/wp\/v2\/pages\/571\/revisions"}],"predecessor-version":[{"id":600,"href":"https:\/\/fundcapp.org\/es\/wp-json\/wp\/v2\/pages\/571\/revisions\/600"}],"wp:attachment":[{"href":"https:\/\/fundcapp.org\/es\/wp-json\/wp\/v2\/media?parent=571"}],"curies":[{"name":"wp","href":"https:\/\/api.w.org\/{rel}","templated":true}]}}