{"id":604,"date":"2026-01-23T18:05:02","date_gmt":"2026-01-23T17:05:02","guid":{"rendered":"https:\/\/fundcapp.org\/es\/?page_id=604"},"modified":"2026-01-24T13:04:17","modified_gmt":"2026-01-24T12:04:17","slug":"hucha-solidaria","status":"publish","type":"page","link":"https:\/\/fundcapp.org\/es\/hucha-solidaria\/","title":{"rendered":"Hucha Solidaria"},"content":{"rendered":"\t\t<div data-elementor-type=\"wp-page\" data-elementor-id=\"604\" class=\"elementor elementor-604\" data-elementor-post-type=\"page\">\n\t\t\t\t<div class=\"elementor-element elementor-element-e5b5a92 e-flex e-con-boxed e-con e-parent\" data-id=\"e5b5a92\" data-element_type=\"container\" data-e-type=\"container\" data-settings=\"{&quot;background_background&quot;:&quot;classic&quot;,&quot;jet_parallax_layout_list&quot;:[]}\">\n\t\t\t\t\t<div class=\"e-con-inner\">\n\t\t\t\t<div class=\"elementor-element elementor-element-72c6d71 elementor-widget elementor-widget-heading\" data-id=\"72c6d71\" data-element_type=\"widget\" data-e-type=\"widget\" data-widget_type=\"heading.default\">\n\t\t\t\t\t<h1 class=\"elementor-heading-title elementor-size-default\">Hucha Solidaria<\/h1>\t\t\t\t<\/div>\n\t\t\t\t\t<\/div>\n\t\t\t\t<\/div>\n\t\t<div class=\"elementor-element elementor-element-32a2ac0 e-flex e-con-boxed e-con e-parent\" data-id=\"32a2ac0\" data-element_type=\"container\" data-e-type=\"container\" data-settings=\"{&quot;jet_parallax_layout_list&quot;:[]}\">\n\t\t\t\t\t<div class=\"e-con-inner\">\n\t\t\t\t<div class=\"elementor-element elementor-element-ea9ac64 elementor-widget elementor-widget-heading\" data-id=\"ea9ac64\" data-element_type=\"widget\" data-e-type=\"widget\" data-widget_type=\"heading.default\">\n\t\t\t\t\t<h2 class=\"elementor-heading-title elementor-size-default\">\u00bfQuieres ayudar a los m\u00e1s desfavorecidos, pero no sabes c\u00f3mo hacerlo?<\/h2>\t\t\t\t<\/div>\n\t\t\t\t\t<\/div>\n\t\t\t\t<\/div>\n\t\t<div class=\"elementor-element elementor-element-49f1ae1 e-flex e-con-boxed e-con e-parent\" data-id=\"49f1ae1\" data-element_type=\"container\" data-e-type=\"container\" data-settings=\"{&quot;jet_parallax_layout_list&quot;:[]}\">\n\t\t\t\t\t<div class=\"e-con-inner\">\n\t\t<div class=\"elementor-element elementor-element-2910b67 e-con-full e-flex e-con e-child\" data-id=\"2910b67\" data-element_type=\"container\" data-e-type=\"container\" data-settings=\"{&quot;jet_parallax_layout_list&quot;:[]}\">\n\t\t\t\t<div class=\"elementor-element elementor-element-cd1dfce elementor-widget elementor-widget-text-editor\" data-id=\"cd1dfce\" data-element_type=\"widget\" data-e-type=\"widget\" data-widget_type=\"text-editor.default\">\n\t\t\t\t\t\t\t\t\t<p>Ahora es m\u00e1s f\u00e1cil con la\u00a0<strong>HUCHA DE LA ESPERANZA POR PALESTINA\u00a0<\/strong>puedes colaborar con en los proyectos de la\u00a0<strong>fundaci\u00f3n CAPP<\/strong>\u00a0de forma sencilla y continuada<\/p><h4><strong>\u00bfPor qu\u00e9 tener una hucha en casa?<\/strong><\/h4>\t\t\t\t\t\t\t\t<\/div>\n\t\t\t\t<div class=\"elementor-element elementor-element-dab2af7 elementor-icon-list--layout-traditional elementor-list-item-link-full_width elementor-widget elementor-widget-icon-list\" data-id=\"dab2af7\" data-element_type=\"widget\" data-e-type=\"widget\" data-widget_type=\"icon-list.default\">\n\t\t\t\t\t\t\t<ul class=\"elementor-icon-list-items\">\n\t\t\t\t\t\t\t<li class=\"elementor-icon-list-item\">\n\t\t\t\t\t\t\t\t\t\t\t<span class=\"elementor-icon-list-icon\">\n\t\t\t\t\t\t\t<svg aria-hidden=\"true\" class=\"e-font-icon-svg e-fas-check-square\" viewBox=\"0 0 448 512\" xmlns=\"http:\/\/www.w3.org\/2000\/svg\"><path d=\"M400 480H48c-26.51 0-48-21.49-48-48V80c0-26.51 21.49-48 48-48h352c26.51 0 48 21.49 48 48v352c0 26.51-21.49 48-48 48zm-204.686-98.059l184-184c6.248-6.248 6.248-16.379 0-22.627l-22.627-22.627c-6.248-6.248-16.379-6.249-22.628 0L184 302.745l-70.059-70.059c-6.248-6.248-16.379-6.248-22.628 0l-22.627 22.627c-6.248 6.248-6.248 16.379 0 22.627l104 104c6.249 6.25 16.379 6.25 22.628.001z\"><\/path><\/svg>\t\t\t\t\t\t<\/span>\n\t\t\t\t\t\t\t\t\t\t<span class=\"elementor-icon-list-text\">Para que la <strong>causa palestina<\/strong> est\u00e9 presente en nuestras vidas<\/span>\n\t\t\t\t\t\t\t\t\t<\/li>\n\t\t\t\t\t\t\t\t<li class=\"elementor-icon-list-item\">\n\t\t\t\t\t\t\t\t\t\t\t<span class=\"elementor-icon-list-icon\">\n\t\t\t\t\t\t\t<svg aria-hidden=\"true\" class=\"e-font-icon-svg e-fas-check-square\" viewBox=\"0 0 448 512\" xmlns=\"http:\/\/www.w3.org\/2000\/svg\"><path d=\"M400 480H48c-26.51 0-48-21.49-48-48V80c0-26.51 21.49-48 48-48h352c26.51 0 48 21.49 48 48v352c0 26.51-21.49 48-48 48zm-204.686-98.059l184-184c6.248-6.248 6.248-16.379 0-22.627l-22.627-22.627c-6.248-6.248-16.379-6.249-22.628 0L184 302.745l-70.059-70.059c-6.248-6.248-16.379-6.248-22.628 0l-22.627 22.627c-6.248 6.248-6.248 16.379 0 22.627l104 104c6.249 6.25 16.379 6.25 22.628.001z\"><\/path><\/svg>\t\t\t\t\t\t<\/span>\n\t\t\t\t\t\t\t\t\t\t<span class=\"elementor-icon-list-text\">Para inculcar a los m\u00e1s peque\u00f1os el <strong>esp\u00edritu de solidaridad<\/strong><\/span>\n\t\t\t\t\t\t\t\t\t<\/li>\n\t\t\t\t\t\t\t\t<li class=\"elementor-icon-list-item\">\n\t\t\t\t\t\t\t\t\t\t\t<span class=\"elementor-icon-list-icon\">\n\t\t\t\t\t\t\t<svg aria-hidden=\"true\" class=\"e-font-icon-svg e-fas-check-square\" viewBox=\"0 0 448 512\" xmlns=\"http:\/\/www.w3.org\/2000\/svg\"><path d=\"M400 480H48c-26.51 0-48-21.49-48-48V80c0-26.51 21.49-48 48-48h352c26.51 0 48 21.49 48 48v352c0 26.51-21.49 48-48 48zm-204.686-98.059l184-184c6.248-6.248 6.248-16.379 0-22.627l-22.627-22.627c-6.248-6.248-16.379-6.249-22.628 0L184 302.745l-70.059-70.059c-6.248-6.248-16.379-6.248-22.628 0l-22.627 22.627c-6.248 6.248-6.248 16.379 0 22.627l104 104c6.249 6.25 16.379 6.25 22.628.001z\"><\/path><\/svg>\t\t\t\t\t\t<\/span>\n\t\t\t\t\t\t\t\t\t\t<span class=\"elementor-icon-list-text\">Porque la <strong>generosidad nos aporta felicidad<\/strong> igual que a ellos<\/span>\n\t\t\t\t\t\t\t\t\t<\/li>\n\t\t\t\t\t\t\t\t<li class=\"elementor-icon-list-item\">\n\t\t\t\t\t\t\t\t\t\t\t<span class=\"elementor-icon-list-icon\">\n\t\t\t\t\t\t\t<svg aria-hidden=\"true\" class=\"e-font-icon-svg e-fas-check-square\" viewBox=\"0 0 448 512\" xmlns=\"http:\/\/www.w3.org\/2000\/svg\"><path d=\"M400 480H48c-26.51 0-48-21.49-48-48V80c0-26.51 21.49-48 48-48h352c26.51 0 48 21.49 48 48v352c0 26.51-21.49 48-48 48zm-204.686-98.059l184-184c6.248-6.248 6.248-16.379 0-22.627l-22.627-22.627c-6.248-6.248-16.379-6.249-22.628 0L184 302.745l-70.059-70.059c-6.248-6.248-16.379-6.248-22.628 0l-22.627 22.627c-6.248 6.248-6.248 16.379 0 22.627l104 104c6.249 6.25 16.379 6.25 22.628.001z\"><\/path><\/svg>\t\t\t\t\t\t<\/span>\n\t\t\t\t\t\t\t\t\t\t<span class=\"elementor-icon-list-text\">Porque es una forma sencilla de <strong>ayudar a todo un pueblo<\/strong><\/span>\n\t\t\t\t\t\t\t\t\t<\/li>\n\t\t\t\t\t\t\t\t<li class=\"elementor-icon-list-item\">\n\t\t\t\t\t\t\t\t\t\t\t<span class=\"elementor-icon-list-icon\">\n\t\t\t\t\t\t\t<svg aria-hidden=\"true\" class=\"e-font-icon-svg e-fas-check-square\" viewBox=\"0 0 448 512\" xmlns=\"http:\/\/www.w3.org\/2000\/svg\"><path d=\"M400 480H48c-26.51 0-48-21.49-48-48V80c0-26.51 21.49-48 48-48h352c26.51 0 48 21.49 48 48v352c0 26.51-21.49 48-48 48zm-204.686-98.059l184-184c6.248-6.248 6.248-16.379 0-22.627l-22.627-22.627c-6.248-6.248-16.379-6.249-22.628 0L184 302.745l-70.059-70.059c-6.248-6.248-16.379-6.248-22.628 0l-22.627 22.627c-6.248 6.248-6.248 16.379 0 22.627l104 104c6.249 6.25 16.379 6.25 22.628.001z\"><\/path><\/svg>\t\t\t\t\t\t<\/span>\n\t\t\t\t\t\t\t\t\t\t<span class=\"elementor-icon-list-text\">Porque es una forma de <strong>dar a conocer la causa palestina<\/strong><\/span>\n\t\t\t\t\t\t\t\t\t<\/li>\n\t\t\t\t\t\t<\/ul>\n\t\t\t\t\t\t<\/div>\n\t\t\t\t<div class=\"elementor-element elementor-element-2b5b63b elementor-align-center elementor-widget elementor-widget-button\" data-id=\"2b5b63b\" data-element_type=\"widget\" data-e-type=\"widget\" data-widget_type=\"button.default\">\n\t\t\t\t\t\t\t\t\t\t<a class=\"elementor-button elementor-button-link elementor-size-sm\" href=\"https:\/\/fundcapp.org\/es\/pedir-hucha-solidaria\/\">\n\t\t\t\t\t\t<span class=\"elementor-button-content-wrapper\">\n\t\t\t\t\t\t\t\t\t<span class=\"elementor-button-text\">PIDE TU HUCHA PINCHANDO AQU\u00cd<\/span>\n\t\t\t\t\t<\/span>\n\t\t\t\t\t<\/a>\n\t\t\t\t\t\t\t\t<\/div>\n\t\t\t\t<\/div>\n\t\t<div class=\"elementor-element elementor-element-62850c0 e-con-full e-flex e-con e-child\" data-id=\"62850c0\" data-element_type=\"container\" data-e-type=\"container\" data-settings=\"{&quot;jet_parallax_layout_list&quot;:[]}\">\n\t\t\t\t<div class=\"elementor-element elementor-element-c09519d elementor-widget elementor-widget-image\" data-id=\"c09519d\" data-element_type=\"widget\" data-e-type=\"widget\" data-widget_type=\"image.default\">\n\t\t\t\t\t\t\t\t\t\t\t\t\t\t\t<img fetchpriority=\"high\" decoding=\"async\" width=\"640\" height=\"640\" src=\"https:\/\/fundcapp.org\/es\/wp-content\/uploads\/2026\/01\/huchaSolidaria01.jpg\" class=\"attachment-large size-large wp-image-611\" alt=\"\" srcset=\"https:\/\/fundcapp.org\/es\/wp-content\/uploads\/2026\/01\/huchaSolidaria01.jpg 640w, https:\/\/fundcapp.org\/es\/wp-content\/uploads\/2026\/01\/huchaSolidaria01-300x300.jpg 300w, https:\/\/fundcapp.org\/es\/wp-content\/uploads\/2026\/01\/huchaSolidaria01-100x100.jpg 100w, https:\/\/fundcapp.org\/es\/wp-content\/uploads\/2026\/01\/huchaSolidaria01-600x600.jpg 600w, https:\/\/fundcapp.org\/es\/wp-content\/uploads\/2026\/01\/huchaSolidaria01-150x150.jpg 150w\" sizes=\"(max-width: 640px) 100vw, 640px\" \/>\t\t\t\t\t\t\t\t\t\t\t\t\t\t\t<\/div>\n\t\t\t\t<\/div>\n\t\t\t\t\t<\/div>\n\t\t\t\t<\/div>\n\t\t<div class=\"elementor-element elementor-element-5f6c96f e-flex e-con-boxed e-con e-parent\" data-id=\"5f6c96f\" data-element_type=\"container\" data-e-type=\"container\" data-settings=\"{&quot;background_background&quot;:&quot;classic&quot;,&quot;jet_parallax_layout_list&quot;:[]}\">\n\t\t\t\t\t<div class=\"e-con-inner\">\n\t\t\t\t<div class=\"elementor-element elementor-element-66aba6e elementor-widget elementor-widget-heading\" data-id=\"66aba6e\" data-element_type=\"widget\" data-e-type=\"widget\" data-widget_type=\"heading.default\">\n\t\t\t\t\t<h2 class=\"elementor-heading-title elementor-size-default\">Hay var\u00edas maneras de como recaudar fondos a trav\u00e9s la HUCHA DE ESPERANZA<\/h2>\t\t\t\t<\/div>\n\t\t\t\t<div class=\"elementor-element elementor-element-c703d5c elementor-icon-list--layout-traditional elementor-list-item-link-full_width elementor-widget elementor-widget-icon-list\" data-id=\"c703d5c\" data-element_type=\"widget\" data-e-type=\"widget\" data-widget_type=\"icon-list.default\">\n\t\t\t\t\t\t\t<ul class=\"elementor-icon-list-items\">\n\t\t\t\t\t\t\t<li class=\"elementor-icon-list-item\">\n\t\t\t\t\t\t\t\t\t\t\t<span class=\"elementor-icon-list-icon\">\n\t\t\t\t\t\t\t<svg aria-hidden=\"true\" class=\"e-font-icon-svg e-fas-check-square\" viewBox=\"0 0 448 512\" xmlns=\"http:\/\/www.w3.org\/2000\/svg\"><path d=\"M400 480H48c-26.51 0-48-21.49-48-48V80c0-26.51 21.49-48 48-48h352c26.51 0 48 21.49 48 48v352c0 26.51-21.49 48-48 48zm-204.686-98.059l184-184c6.248-6.248 6.248-16.379 0-22.627l-22.627-22.627c-6.248-6.248-16.379-6.249-22.628 0L184 302.745l-70.059-70.059c-6.248-6.248-16.379-6.248-22.628 0l-22.627 22.627c-6.248 6.248-6.248 16.379 0 22.627l104 104c6.249 6.25 16.379 6.25 22.628.001z\"><\/path><\/svg>\t\t\t\t\t\t<\/span>\n\t\t\t\t\t\t\t\t\t\t<span class=\"elementor-icon-list-text\">Poner la hucha en tu casa en un lugar visible y intentar meter cada  d\u00eda pocas monedas y ense\u00f1ar a tus peques el valor de la donaci\u00f3n en poco tiempo tendr\u00e1s una cantidad recaudada.<\/span>\n\t\t\t\t\t\t\t\t\t<\/li>\n\t\t\t\t\t\t\t\t<li class=\"elementor-icon-list-item\">\n\t\t\t\t\t\t\t\t\t\t\t<span class=\"elementor-icon-list-icon\">\n\t\t\t\t\t\t\t<svg aria-hidden=\"true\" class=\"e-font-icon-svg e-fas-check-square\" viewBox=\"0 0 448 512\" xmlns=\"http:\/\/www.w3.org\/2000\/svg\"><path d=\"M400 480H48c-26.51 0-48-21.49-48-48V80c0-26.51 21.49-48 48-48h352c26.51 0 48 21.49 48 48v352c0 26.51-21.49 48-48 48zm-204.686-98.059l184-184c6.248-6.248 6.248-16.379 0-22.627l-22.627-22.627c-6.248-6.248-16.379-6.249-22.628 0L184 302.745l-70.059-70.059c-6.248-6.248-16.379-6.248-22.628 0l-22.627 22.627c-6.248 6.248-6.248 16.379 0 22.627l104 104c6.249 6.25 16.379 6.25 22.628.001z\"><\/path><\/svg>\t\t\t\t\t\t<\/span>\n\t\t\t\t\t\t\t\t\t\t<span class=\"elementor-icon-list-text\">Poner la hucha en tu casa en un lugar visible y intentar meter cada  d\u00eda poquitos monedas y ense\u00f1ar a tus peques el valor de la donaci\u00f3n en poco tiempo tendr\u00e1s una cantidad recaudada.<\/span>\n\t\t\t\t\t\t\t\t\t<\/li>\n\t\t\t\t\t\t\t\t<li class=\"elementor-icon-list-item\">\n\t\t\t\t\t\t\t\t\t\t\t<span class=\"elementor-icon-list-icon\">\n\t\t\t\t\t\t\t<svg aria-hidden=\"true\" class=\"e-font-icon-svg e-fas-check-square\" viewBox=\"0 0 448 512\" xmlns=\"http:\/\/www.w3.org\/2000\/svg\"><path d=\"M400 480H48c-26.51 0-48-21.49-48-48V80c0-26.51 21.49-48 48-48h352c26.51 0 48 21.49 48 48v352c0 26.51-21.49 48-48 48zm-204.686-98.059l184-184c6.248-6.248 6.248-16.379 0-22.627l-22.627-22.627c-6.248-6.248-16.379-6.249-22.628 0L184 302.745l-70.059-70.059c-6.248-6.248-16.379-6.248-22.628 0l-22.627 22.627c-6.248 6.248-6.248 16.379 0 22.627l104 104c6.249 6.25 16.379 6.25 22.628.001z\"><\/path><\/svg>\t\t\t\t\t\t<\/span>\n\t\t\t\t\t\t\t\t\t\t<span class=\"elementor-icon-list-text\">Recoger t\u00fa mismo las donaciones entre la gente m\u00e1s cercana.<\/span>\n\t\t\t\t\t\t\t\t\t<\/li>\n\t\t\t\t\t\t\t\t<li class=\"elementor-icon-list-item\">\n\t\t\t\t\t\t\t\t\t\t\t<span class=\"elementor-icon-list-icon\">\n\t\t\t\t\t\t\t<svg aria-hidden=\"true\" class=\"e-font-icon-svg e-fas-check-square\" viewBox=\"0 0 448 512\" xmlns=\"http:\/\/www.w3.org\/2000\/svg\"><path d=\"M400 480H48c-26.51 0-48-21.49-48-48V80c0-26.51 21.49-48 48-48h352c26.51 0 48 21.49 48 48v352c0 26.51-21.49 48-48 48zm-204.686-98.059l184-184c6.248-6.248 6.248-16.379 0-22.627l-22.627-22.627c-6.248-6.248-16.379-6.249-22.628 0L184 302.745l-70.059-70.059c-6.248-6.248-16.379-6.248-22.628 0l-22.627 22.627c-6.248 6.248-6.248 16.379 0 22.627l104 104c6.249 6.25 16.379 6.25 22.628.001z\"><\/path><\/svg>\t\t\t\t\t\t<\/span>\n\t\t\t\t\t\t\t\t\t\t<span class=\"elementor-icon-list-text\">poner la hucha en una tienda de un conocido y revisarla de vez en cuando.<\/span>\n\t\t\t\t\t\t\t\t\t<\/li>\n\t\t\t\t\t\t\t\t<li class=\"elementor-icon-list-item\">\n\t\t\t\t\t\t\t\t\t\t\t<span class=\"elementor-icon-list-icon\">\n\t\t\t\t\t\t\t<svg aria-hidden=\"true\" class=\"e-font-icon-svg e-fas-check-square\" viewBox=\"0 0 448 512\" xmlns=\"http:\/\/www.w3.org\/2000\/svg\"><path d=\"M400 480H48c-26.51 0-48-21.49-48-48V80c0-26.51 21.49-48 48-48h352c26.51 0 48 21.49 48 48v352c0 26.51-21.49 48-48 48zm-204.686-98.059l184-184c6.248-6.248 6.248-16.379 0-22.627l-22.627-22.627c-6.248-6.248-16.379-6.249-22.628 0L184 302.745l-70.059-70.059c-6.248-6.248-16.379-6.248-22.628 0l-22.627 22.627c-6.248 6.248-6.248 16.379 0 22.627l104 104c6.249 6.25 16.379 6.25 22.628.001z\"><\/path><\/svg>\t\t\t\t\t\t<\/span>\n\t\t\t\t\t\t\t\t\t\t<span class=\"elementor-icon-list-text\">Cuando la hucha est\u00e9 llena, depos\u00edtela en nuestra oficina o llama al  <strong>963 664 121<\/strong> \/\/ <strong>675010259<\/strong> o por email <strong>info@fundcapp.org<\/strong><\/span>\n\t\t\t\t\t\t\t\t\t<\/li>\n\t\t\t\t\t\t<\/ul>\n\t\t\t\t\t\t<\/div>\n\t\t\t\t\t<\/div>\n\t\t\t\t<\/div>\n\t\t<div class=\"elementor-element elementor-element-e59f7d1 e-flex e-con-boxed e-con e-parent\" data-id=\"e59f7d1\" data-element_type=\"container\" data-e-type=\"container\" data-settings=\"{&quot;jet_parallax_layout_list&quot;:[]}\">\n\t\t\t\t\t<div class=\"e-con-inner\">\n\t\t\t\t<div class=\"elementor-element elementor-element-634d714 elementor-widget elementor-widget-heading\" data-id=\"634d714\" data-element_type=\"widget\" data-e-type=\"widget\" data-widget_type=\"heading.default\">\n\t\t\t\t\t<p class=\"elementor-heading-title elementor-size-default\">Con tus peque\u00f1as aportaciones haremos grandes obras..\n\n\n<\/p>\t\t\t\t<\/div>\n\t\t\t\t\t<\/div>\n\t\t\t\t<\/div>\n\t\t\t\t<\/div>\n\t\t","protected":false},"excerpt":{"rendered":"<p>Hucha Solidaria \u00bfQuieres ayudar a los m\u00e1s desfavorecidos, pero no sabes c\u00f3mo hacerlo? Ahora es m\u00e1s f\u00e1cil con la\u00a0HUCHA DE LA ESPERANZA POR PALESTINA\u00a0puedes colaborar con en los proyectos de la\u00a0fundaci\u00f3n CAPP\u00a0de forma sencilla y continuada \u00bfPor qu\u00e9 tener una hucha en casa? Para que la causa palestina est\u00e9 presente en nuestras vidas Para inculcar &#8230; <a title=\"Hucha Solidaria\" class=\"read-more\" href=\"https:\/\/fundcapp.org\/es\/hucha-solidaria\/\" aria-label=\"Leer m\u00e1s sobre Hucha Solidaria\">Leer m\u00e1s<\/a><\/p>\n","protected":false},"author":1,"featured_media":0,"parent":0,"menu_order":0,"comment_status":"closed","ping_status":"closed","template":"elementor_header_footer","meta":{"give_campaign_id":0,"footnotes":""},"class_list":["post-604","page","type-page","status-publish"],"yoast_head":"<!-- This site is optimized with the Yoast SEO Premium plugin v27.5 (Yoast SEO v27.5) - https:\/\/yoast.com\/product\/yoast-seo-premium-wordpress\/ -->\n<title>Hucha Solidaria - Fundaci\u00f3n Comit\u00e9 de Apoyo al Pueblo Palestino<\/title>\n<meta name=\"robots\" content=\"index, follow, max-snippet:-1, max-image-preview:large, max-video-preview:-1\" \/>\n<link rel=\"canonical\" href=\"https:\/\/fundcapp.org\/es\/hucha-solidaria\/\" \/>\n<meta property=\"og:locale\" content=\"es_ES\" \/>\n<meta property=\"og:type\" content=\"article\" \/>\n<meta property=\"og:title\" content=\"Hucha Solidaria\" \/>\n<meta property=\"og:description\" content=\"Hucha Solidaria \u00bfQuieres ayudar a los m\u00e1s desfavorecidos, pero no sabes c\u00f3mo hacerlo? Ahora es m\u00e1s f\u00e1cil con la\u00a0HUCHA DE LA ESPERANZA POR PALESTINA\u00a0puedes colaborar con en los proyectos de la\u00a0fundaci\u00f3n CAPP\u00a0de forma sencilla y continuada \u00bfPor qu\u00e9 tener una hucha en casa? Para que la causa palestina est\u00e9 presente en nuestras vidas Para inculcar ... Leer m\u00e1s\" \/>\n<meta property=\"og:url\" content=\"https:\/\/fundcapp.org\/es\/hucha-solidaria\/\" \/>\n<meta property=\"og:site_name\" content=\"Fundaci\u00f3n Comit\u00e9 de Apoyo al Pueblo Palestino\" \/>\n<meta property=\"article:modified_time\" content=\"2026-01-24T12:04:17+00:00\" \/>\n<meta property=\"og:image\" content=\"https:\/\/fundcapp.org\/es\/wp-content\/uploads\/2026\/01\/huchaSolidaria01.jpg\" \/>\n\t<meta property=\"og:image:width\" content=\"640\" \/>\n\t<meta property=\"og:image:height\" content=\"640\" \/>\n\t<meta property=\"og:image:type\" content=\"image\/jpeg\" \/>\n<meta name=\"twitter:card\" content=\"summary_large_image\" \/>\n<meta name=\"twitter:label1\" content=\"Tiempo de lectura\" \/>\n\t<meta name=\"twitter:data1\" content=\"1 minuto\" \/>\n<script type=\"application\/ld+json\" class=\"yoast-schema-graph\">{\"@context\":\"https:\\\/\\\/schema.org\",\"@graph\":[{\"@type\":\"WebPage\",\"@id\":\"https:\\\/\\\/fundcapp.org\\\/es\\\/hucha-solidaria\\\/\",\"url\":\"https:\\\/\\\/fundcapp.org\\\/es\\\/hucha-solidaria\\\/\",\"name\":\"Hucha Solidaria - Fundaci\u00f3n Comit\u00e9 de Apoyo al Pueblo Palestino\",\"isPartOf\":{\"@id\":\"https:\\\/\\\/fundcapp.org\\\/es\\\/#website\"},\"primaryImageOfPage\":{\"@id\":\"https:\\\/\\\/fundcapp.org\\\/es\\\/hucha-solidaria\\\/#primaryimage\"},\"image\":{\"@id\":\"https:\\\/\\\/fundcapp.org\\\/es\\\/hucha-solidaria\\\/#primaryimage\"},\"thumbnailUrl\":\"https:\\\/\\\/fundcapp.org\\\/es\\\/wp-content\\\/uploads\\\/2026\\\/01\\\/huchaSolidaria01.jpg\",\"datePublished\":\"2026-01-23T17:05:02+00:00\",\"dateModified\":\"2026-01-24T12:04:17+00:00\",\"breadcrumb\":{\"@id\":\"https:\\\/\\\/fundcapp.org\\\/es\\\/hucha-solidaria\\\/#breadcrumb\"},\"inLanguage\":\"es\",\"potentialAction\":[{\"@type\":\"ReadAction\",\"target\":[\"https:\\\/\\\/fundcapp.org\\\/es\\\/hucha-solidaria\\\/\"]}]},{\"@type\":\"ImageObject\",\"inLanguage\":\"es\",\"@id\":\"https:\\\/\\\/fundcapp.org\\\/es\\\/hucha-solidaria\\\/#primaryimage\",\"url\":\"https:\\\/\\\/fundcapp.org\\\/es\\\/wp-content\\\/uploads\\\/2026\\\/01\\\/huchaSolidaria01.jpg\",\"contentUrl\":\"https:\\\/\\\/fundcapp.org\\\/es\\\/wp-content\\\/uploads\\\/2026\\\/01\\\/huchaSolidaria01.jpg\",\"width\":640,\"height\":640},{\"@type\":\"BreadcrumbList\",\"@id\":\"https:\\\/\\\/fundcapp.org\\\/es\\\/hucha-solidaria\\\/#breadcrumb\",\"itemListElement\":[{\"@type\":\"ListItem\",\"position\":1,\"name\":\"Home\",\"item\":\"https:\\\/\\\/fundcapp.org\\\/es\\\/\"},{\"@type\":\"ListItem\",\"position\":2,\"name\":\"Hucha Solidaria\"}]},{\"@type\":\"WebSite\",\"@id\":\"https:\\\/\\\/fundcapp.org\\\/es\\\/#website\",\"url\":\"https:\\\/\\\/fundcapp.org\\\/es\\\/\",\"name\":\"Fundaci\u00f3n Comit\u00e9 de Apoyo al Pueblo Palestino\",\"description\":\"\",\"publisher\":{\"@id\":\"https:\\\/\\\/fundcapp.org\\\/es\\\/#organization\"},\"potentialAction\":[{\"@type\":\"SearchAction\",\"target\":{\"@type\":\"EntryPoint\",\"urlTemplate\":\"https:\\\/\\\/fundcapp.org\\\/es\\\/?s={search_term_string}\"},\"query-input\":{\"@type\":\"PropertyValueSpecification\",\"valueRequired\":true,\"valueName\":\"search_term_string\"}}],\"inLanguage\":\"es\"},{\"@type\":\"Organization\",\"@id\":\"https:\\\/\\\/fundcapp.org\\\/es\\\/#organization\",\"name\":\"Fundaci\u00f3n Comit\u00e9 de Apoyo al Pueblo Palestino\",\"url\":\"https:\\\/\\\/fundcapp.org\\\/es\\\/\",\"logo\":{\"@type\":\"ImageObject\",\"inLanguage\":\"es\",\"@id\":\"https:\\\/\\\/fundcapp.org\\\/es\\\/#\\\/schema\\\/logo\\\/image\\\/\",\"url\":\"https:\\\/\\\/fundcapp.org\\\/es\\\/wp-content\\\/uploads\\\/2026\\\/01\\\/CAPPLogo.png\",\"contentUrl\":\"https:\\\/\\\/fundcapp.org\\\/es\\\/wp-content\\\/uploads\\\/2026\\\/01\\\/CAPPLogo.png\",\"width\":138,\"height\":100,\"caption\":\"Fundaci\u00f3n Comit\u00e9 de Apoyo al Pueblo Palestino\"},\"image\":{\"@id\":\"https:\\\/\\\/fundcapp.org\\\/es\\\/#\\\/schema\\\/logo\\\/image\\\/\"}}]}<\/script>\n<!-- \/ Yoast SEO Premium plugin. -->","yoast_head_json":{"title":"Hucha Solidaria - Fundaci\u00f3n Comit\u00e9 de Apoyo al Pueblo Palestino","robots":{"index":"index","follow":"follow","max-snippet":"max-snippet:-1","max-image-preview":"max-image-preview:large","max-video-preview":"max-video-preview:-1"},"canonical":"https:\/\/fundcapp.org\/es\/hucha-solidaria\/","og_locale":"es_ES","og_type":"article","og_title":"Hucha Solidaria","og_description":"Hucha Solidaria \u00bfQuieres ayudar a los m\u00e1s desfavorecidos, pero no sabes c\u00f3mo hacerlo? Ahora es m\u00e1s f\u00e1cil con la\u00a0HUCHA DE LA ESPERANZA POR PALESTINA\u00a0puedes colaborar con en los proyectos de la\u00a0fundaci\u00f3n CAPP\u00a0de forma sencilla y continuada \u00bfPor qu\u00e9 tener una hucha en casa? Para que la causa palestina est\u00e9 presente en nuestras vidas Para inculcar ... Leer m\u00e1s","og_url":"https:\/\/fundcapp.org\/es\/hucha-solidaria\/","og_site_name":"Fundaci\u00f3n Comit\u00e9 de Apoyo al Pueblo Palestino","article_modified_time":"2026-01-24T12:04:17+00:00","og_image":[{"width":640,"height":640,"url":"https:\/\/fundcapp.org\/es\/wp-content\/uploads\/2026\/01\/huchaSolidaria01.jpg","type":"image\/jpeg"}],"twitter_card":"summary_large_image","twitter_misc":{"Tiempo de lectura":"1 minuto"},"schema":{"@context":"https:\/\/schema.org","@graph":[{"@type":"WebPage","@id":"https:\/\/fundcapp.org\/es\/hucha-solidaria\/","url":"https:\/\/fundcapp.org\/es\/hucha-solidaria\/","name":"Hucha Solidaria - Fundaci\u00f3n Comit\u00e9 de Apoyo al Pueblo Palestino","isPartOf":{"@id":"https:\/\/fundcapp.org\/es\/#website"},"primaryImageOfPage":{"@id":"https:\/\/fundcapp.org\/es\/hucha-solidaria\/#primaryimage"},"image":{"@id":"https:\/\/fundcapp.org\/es\/hucha-solidaria\/#primaryimage"},"thumbnailUrl":"https:\/\/fundcapp.org\/es\/wp-content\/uploads\/2026\/01\/huchaSolidaria01.jpg","datePublished":"2026-01-23T17:05:02+00:00","dateModified":"2026-01-24T12:04:17+00:00","breadcrumb":{"@id":"https:\/\/fundcapp.org\/es\/hucha-solidaria\/#breadcrumb"},"inLanguage":"es","potentialAction":[{"@type":"ReadAction","target":["https:\/\/fundcapp.org\/es\/hucha-solidaria\/"]}]},{"@type":"ImageObject","inLanguage":"es","@id":"https:\/\/fundcapp.org\/es\/hucha-solidaria\/#primaryimage","url":"https:\/\/fundcapp.org\/es\/wp-content\/uploads\/2026\/01\/huchaSolidaria01.jpg","contentUrl":"https:\/\/fundcapp.org\/es\/wp-content\/uploads\/2026\/01\/huchaSolidaria01.jpg","width":640,"height":640},{"@type":"BreadcrumbList","@id":"https:\/\/fundcapp.org\/es\/hucha-solidaria\/#breadcrumb","itemListElement":[{"@type":"ListItem","position":1,"name":"Home","item":"https:\/\/fundcapp.org\/es\/"},{"@type":"ListItem","position":2,"name":"Hucha Solidaria"}]},{"@type":"WebSite","@id":"https:\/\/fundcapp.org\/es\/#website","url":"https:\/\/fundcapp.org\/es\/","name":"Fundaci\u00f3n Comit\u00e9 de Apoyo al Pueblo Palestino","description":"","publisher":{"@id":"https:\/\/fundcapp.org\/es\/#organization"},"potentialAction":[{"@type":"SearchAction","target":{"@type":"EntryPoint","urlTemplate":"https:\/\/fundcapp.org\/es\/?s={search_term_string}"},"query-input":{"@type":"PropertyValueSpecification","valueRequired":true,"valueName":"search_term_string"}}],"inLanguage":"es"},{"@type":"Organization","@id":"https:\/\/fundcapp.org\/es\/#organization","name":"Fundaci\u00f3n Comit\u00e9 de Apoyo al Pueblo Palestino","url":"https:\/\/fundcapp.org\/es\/","logo":{"@type":"ImageObject","inLanguage":"es","@id":"https:\/\/fundcapp.org\/es\/#\/schema\/logo\/image\/","url":"https:\/\/fundcapp.org\/es\/wp-content\/uploads\/2026\/01\/CAPPLogo.png","contentUrl":"https:\/\/fundcapp.org\/es\/wp-content\/uploads\/2026\/01\/CAPPLogo.png","width":138,"height":100,"caption":"Fundaci\u00f3n Comit\u00e9 de Apoyo al Pueblo Palestino"},"image":{"@id":"https:\/\/fundcapp.org\/es\/#\/schema\/logo\/image\/"}}]}},"campaignId":"","_links":{"self":[{"href":"https:\/\/fundcapp.org\/es\/wp-json\/wp\/v2\/pages\/604","targetHints":{"allow":["GET"]}}],"collection":[{"href":"https:\/\/fundcapp.org\/es\/wp-json\/wp\/v2\/pages"}],"about":[{"href":"https:\/\/fundcapp.org\/es\/wp-json\/wp\/v2\/types\/page"}],"author":[{"embeddable":true,"href":"https:\/\/fundcapp.org\/es\/wp-json\/wp\/v2\/users\/1"}],"replies":[{"embeddable":true,"href":"https:\/\/fundcapp.org\/es\/wp-json\/wp\/v2\/comments?post=604"}],"version-history":[{"count":10,"href":"https:\/\/fundcapp.org\/es\/wp-json\/wp\/v2\/pages\/604\/revisions"}],"predecessor-version":[{"id":628,"href":"https:\/\/fundcapp.org\/es\/wp-json\/wp\/v2\/pages\/604\/revisions\/628"}],"wp:attachment":[{"href":"https:\/\/fundcapp.org\/es\/wp-json\/wp\/v2\/media?parent=604"}],"curies":[{"name":"wp","href":"https:\/\/api.w.org\/{rel}","templated":true}]}}