{"id":630,"date":"2026-01-25T13:01:33","date_gmt":"2026-01-25T12:01:33","guid":{"rendered":"https:\/\/fundcapp.org\/es\/?page_id=630"},"modified":"2026-01-25T19:51:27","modified_gmt":"2026-01-25T18:51:27","slug":"firma-nuestras-peticiones","status":"publish","type":"page","link":"https:\/\/fundcapp.org\/es\/firma-nuestras-peticiones\/","title":{"rendered":"Firma nuestras peticiones"},"content":{"rendered":"\t\t<div data-elementor-type=\"wp-page\" data-elementor-id=\"630\" class=\"elementor elementor-630\" data-elementor-post-type=\"page\">\n\t\t\t\t<div class=\"elementor-element elementor-element-03be926 e-flex e-con-boxed e-con e-parent\" data-id=\"03be926\" data-element_type=\"container\" data-e-type=\"container\" data-settings=\"{&quot;background_background&quot;:&quot;classic&quot;,&quot;jet_parallax_layout_list&quot;:[]}\">\n\t\t\t\t\t<div class=\"e-con-inner\">\n\t\t\t\t<div class=\"elementor-element elementor-element-fa959f2 elementor-widget elementor-widget-heading\" data-id=\"fa959f2\" data-element_type=\"widget\" data-e-type=\"widget\" data-widget_type=\"heading.default\">\n\t\t\t\t\t<h1 class=\"elementor-heading-title elementor-size-default\">Firma nuestras peticiones<\/h1>\t\t\t\t<\/div>\n\t\t\t\t\t<\/div>\n\t\t\t\t<\/div>\n\t\t<div class=\"elementor-element elementor-element-c2d5e63 e-flex e-con-boxed e-con e-parent\" data-id=\"c2d5e63\" data-element_type=\"container\" data-e-type=\"container\" data-settings=\"{&quot;jet_parallax_layout_list&quot;:[]}\">\n\t\t\t\t\t<div class=\"e-con-inner\">\n\t\t<div class=\"elementor-element elementor-element-26d5f02 e-con-full e-flex e-con e-child\" data-id=\"26d5f02\" data-element_type=\"container\" data-e-type=\"container\" data-settings=\"{&quot;jet_parallax_layout_list&quot;:[]}\">\n\t\t\t\t<div class=\"elementor-element elementor-element-171073a elementor-widget elementor-widget-heading\" data-id=\"171073a\" data-element_type=\"widget\" data-e-type=\"widget\" data-widget_type=\"heading.default\">\n\t\t\t\t\t<h2 class=\"elementor-heading-title elementor-size-default\"><a href=\"https:\/\/fundcapp.org\/es\/firma-para-poner-fin-al-genocidio-en-gaza\/\">Firma para poner Fin al Genocidio en Gaza<\/a><\/h2>\t\t\t\t<\/div>\n\t\t\t\t<div class=\"elementor-element elementor-element-359e79a elementor-widget elementor-widget-text-editor\" data-id=\"359e79a\" data-element_type=\"widget\" data-e-type=\"widget\" data-widget_type=\"text-editor.default\">\n\t\t\t\t\t\t\t\t\t<p>El mundo se encuentra una vez m\u00e1s enmara\u00f1ado en la oscura vor\u00e1gine de la tragedia. Un cruel asalto se desencadena en Gaza y en los territorios palestinos ocupados, un ba\u00f1o de sangre sin parang\u00f3n que ensombrece la consciencia internacional. La pasividad de las potencias mundiales ante esta escalada b\u00e9lica es tan abrumadora como el terror que llueve desde los cielos. Ni\u00f1os y ni\u00f1as, inocentes seres, son arrancados de la vida, sus sue\u00f1os truncados en un abrir y cerrar de ojos. Las cifras de bajas se tornan estad\u00edsticas macabras, miles de vidas y esperanzas desgarradas mientras los bombardeos implacables pintan el paisaje urbano de Gaza en tonos de desolaci\u00f3n.<\/p>\t\t\t\t\t\t\t\t<\/div>\n\t\t\t\t<\/div>\n\t\t<div class=\"elementor-element elementor-element-6a85448 e-con-full e-flex e-con e-child\" data-id=\"6a85448\" data-element_type=\"container\" data-e-type=\"container\" data-settings=\"{&quot;jet_parallax_layout_list&quot;:[]}\">\n\t\t\t\t<div class=\"elementor-element elementor-element-359179d elementor-widget elementor-widget-image\" data-id=\"359179d\" data-element_type=\"widget\" data-e-type=\"widget\" data-widget_type=\"image.default\">\n\t\t\t\t\t\t\t\t\t\t\t\t\t\t\t\t<a href=\"https:\/\/fundcapp.org\/es\/firma-para-poner-fin-al-genocidio-en-gaza\/\">\n\t\t\t\t\t\t\t<img fetchpriority=\"high\" decoding=\"async\" width=\"640\" height=\"640\" src=\"https:\/\/fundcapp.org\/es\/wp-content\/uploads\/2026\/01\/FirmaFinGenocidioGaza.jpg\" class=\"attachment-large size-large wp-image-637\" alt=\"\" srcset=\"https:\/\/fundcapp.org\/es\/wp-content\/uploads\/2026\/01\/FirmaFinGenocidioGaza.jpg 640w, https:\/\/fundcapp.org\/es\/wp-content\/uploads\/2026\/01\/FirmaFinGenocidioGaza-300x300.jpg 300w, https:\/\/fundcapp.org\/es\/wp-content\/uploads\/2026\/01\/FirmaFinGenocidioGaza-150x150.jpg 150w\" sizes=\"(max-width: 640px) 100vw, 640px\" \/>\t\t\t\t\t\t\t\t<\/a>\n\t\t\t\t\t\t\t\t\t\t\t\t\t\t\t<\/div>\n\t\t\t\t<\/div>\n\t\t\t\t\t<\/div>\n\t\t\t\t<\/div>\n\t\t<div class=\"elementor-element elementor-element-d3e5515 e-flex e-con-boxed e-con e-parent\" data-id=\"d3e5515\" data-element_type=\"container\" data-e-type=\"container\" data-settings=\"{&quot;background_background&quot;:&quot;classic&quot;,&quot;jet_parallax_layout_list&quot;:[]}\">\n\t\t\t\t\t<div class=\"e-con-inner\">\n\t\t<div class=\"elementor-element elementor-element-1f1cbba e-con-full e-flex e-con e-child\" data-id=\"1f1cbba\" data-element_type=\"container\" data-e-type=\"container\" data-settings=\"{&quot;jet_parallax_layout_list&quot;:[]}\">\n\t\t\t\t<div class=\"elementor-element elementor-element-a09b73d elementor-widget elementor-widget-heading\" data-id=\"a09b73d\" data-element_type=\"widget\" data-e-type=\"widget\" data-widget_type=\"heading.default\">\n\t\t\t\t\t<h2 class=\"elementor-heading-title elementor-size-default\"><a href=\"https:\/\/fundcapp.org\/es\/firma-para-poner-fin-al-bloqueo-en-gaza\/\">Firma para poner Fin al Bloqueo en Gaza<\/a><\/h2>\t\t\t\t<\/div>\n\t\t\t\t<div class=\"elementor-element elementor-element-7915e5e elementor-widget elementor-widget-text-editor\" data-id=\"7915e5e\" data-element_type=\"widget\" data-e-type=\"widget\" data-widget_type=\"text-editor.default\">\n\t\t\t\t\t\t\t\t\t<p>En la peque\u00f1a superficie de la franja de Gaza, viven m\u00e1s de\u00a0<strong>2 millones<\/strong>\u00a0palestinos hacinados en unas p\u00e9simas condiciones econ\u00f3micas y de vida a causa del contin\u00fao embargo israel\u00ed desde el a\u00f1o\u00a0<strong>2006<\/strong>.<\/p><p>Seg\u00fan ` el Observatorio Euro-mediterr\u00e1neo para los Derechos Humanos\u00b4, en el a\u00f1o\u00a0<strong>2020<\/strong>, el \u00edndice del paro alcanz\u00f3 m\u00e1s del\u00a0<strong>49%<\/strong>, mientras la pobreza alcanz\u00f3 el\u00a0<strong>56%<\/strong>, en medio del embargo que segu\u00eda vigente y sin tregua.<\/p>\t\t\t\t\t\t\t\t<\/div>\n\t\t\t\t<\/div>\n\t\t<div class=\"elementor-element elementor-element-c032743 e-con-full e-flex e-con e-child\" data-id=\"c032743\" data-element_type=\"container\" data-e-type=\"container\" data-settings=\"{&quot;jet_parallax_layout_list&quot;:[]}\">\n\t\t\t\t<div class=\"elementor-element elementor-element-09ad957 elementor-widget elementor-widget-image\" data-id=\"09ad957\" data-element_type=\"widget\" data-e-type=\"widget\" data-widget_type=\"image.default\">\n\t\t\t\t\t\t\t\t\t\t\t\t\t\t\t\t<a href=\"https:\/\/fundcapp.org\/es\/firma-para-poner-fin-al-bloqueo-en-gaza\/\">\n\t\t\t\t\t\t\t<img decoding=\"async\" width=\"640\" height=\"640\" src=\"https:\/\/fundcapp.org\/es\/wp-content\/uploads\/2026\/01\/FirmaFinBloqueoGaza.jpg\" class=\"attachment-large size-large wp-image-638\" alt=\"\" srcset=\"https:\/\/fundcapp.org\/es\/wp-content\/uploads\/2026\/01\/FirmaFinBloqueoGaza.jpg 640w, https:\/\/fundcapp.org\/es\/wp-content\/uploads\/2026\/01\/FirmaFinBloqueoGaza-300x300.jpg 300w, https:\/\/fundcapp.org\/es\/wp-content\/uploads\/2026\/01\/FirmaFinBloqueoGaza-150x150.jpg 150w\" sizes=\"(max-width: 640px) 100vw, 640px\" \/>\t\t\t\t\t\t\t\t<\/a>\n\t\t\t\t\t\t\t\t\t\t\t\t\t\t\t<\/div>\n\t\t\t\t<\/div>\n\t\t\t\t\t<\/div>\n\t\t\t\t<\/div>\n\t\t<div class=\"elementor-element elementor-element-cf3d905 e-flex e-con-boxed e-con e-parent\" data-id=\"cf3d905\" data-element_type=\"container\" data-e-type=\"container\" data-settings=\"{&quot;jet_parallax_layout_list&quot;:[]}\">\n\t\t\t\t\t<div class=\"e-con-inner\">\n\t\t<div class=\"elementor-element elementor-element-5b41aed e-con-full e-flex e-con e-child\" data-id=\"5b41aed\" data-element_type=\"container\" data-e-type=\"container\" data-settings=\"{&quot;jet_parallax_layout_list&quot;:[]}\">\n\t\t\t\t<div class=\"elementor-element elementor-element-a9e1c20 elementor-widget elementor-widget-heading\" data-id=\"a9e1c20\" data-element_type=\"widget\" data-e-type=\"widget\" data-widget_type=\"heading.default\">\n\t\t\t\t\t<h2 class=\"elementor-heading-title elementor-size-default\"><a href=\"https:\/\/fundcapp.org\/es\/firma-por-los-derechos-de-los-presos-palestinos\/\">Firma por los Derechos de los Presos Palestinos<\/a><\/h2>\t\t\t\t<\/div>\n\t\t\t\t<div class=\"elementor-element elementor-element-415d601 elementor-widget elementor-widget-text-editor\" data-id=\"415d601\" data-element_type=\"widget\" data-e-type=\"widget\" data-widget_type=\"text-editor.default\">\n\t\t\t\t\t\t\t\t\t<p>En las c\u00e1rceles israel\u00edes se encuentran ocupadas por cerca de 4.900 presos pol\u00edticos y 1.016 detenidos administrativamente. En las c\u00e1rceles no solo encontramos hombres, sino tambi\u00e9n hay alrededor de 160 ni\u00f1os y 30 mujeres bajo detenci\u00f3n.<\/p><p>Las autoridades israel\u00edes utilizan diferentes formas de torturar para destrozar la voluntad de los presos palestinos y la forma m\u00e1s com\u00fan para quebrantar la voluntad es el r\u00e9gimen de aislamiento.<\/p><p>Firma con nosotros para hacer fin al sufrimiento de los presos palestinos en las c\u00e1rceles israel\u00ed.\u00a0<\/p>\t\t\t\t\t\t\t\t<\/div>\n\t\t\t\t<\/div>\n\t\t<div class=\"elementor-element elementor-element-ca1ae69 e-con-full e-flex e-con e-child\" data-id=\"ca1ae69\" data-element_type=\"container\" data-e-type=\"container\" data-settings=\"{&quot;jet_parallax_layout_list&quot;:[]}\">\n\t\t\t\t<div class=\"elementor-element elementor-element-81934ae elementor-widget elementor-widget-image\" data-id=\"81934ae\" data-element_type=\"widget\" data-e-type=\"widget\" data-widget_type=\"image.default\">\n\t\t\t\t\t\t\t\t\t\t\t\t\t\t\t\t<a href=\"https:\/\/fundcapp.org\/es\/firma-por-los-derechos-de-los-presos-palestinos\/\">\n\t\t\t\t\t\t\t<img decoding=\"async\" width=\"640\" height=\"640\" src=\"https:\/\/fundcapp.org\/es\/wp-content\/uploads\/2026\/01\/FirmaDerechosPresosPalestinos.jpg\" class=\"attachment-large size-large wp-image-639\" alt=\"\" srcset=\"https:\/\/fundcapp.org\/es\/wp-content\/uploads\/2026\/01\/FirmaDerechosPresosPalestinos.jpg 640w, https:\/\/fundcapp.org\/es\/wp-content\/uploads\/2026\/01\/FirmaDerechosPresosPalestinos-300x300.jpg 300w, https:\/\/fundcapp.org\/es\/wp-content\/uploads\/2026\/01\/FirmaDerechosPresosPalestinos-150x150.jpg 150w\" sizes=\"(max-width: 640px) 100vw, 640px\" \/>\t\t\t\t\t\t\t\t<\/a>\n\t\t\t\t\t\t\t\t\t\t\t\t\t\t\t<\/div>\n\t\t\t\t<\/div>\n\t\t\t\t\t<\/div>\n\t\t\t\t<\/div>\n\t\t\t\t<\/div>\n\t\t","protected":false},"excerpt":{"rendered":"<p>Firma nuestras peticiones Firma para poner Fin al Genocidio en Gaza El mundo se encuentra una vez m\u00e1s enmara\u00f1ado en la oscura vor\u00e1gine de la tragedia. Un cruel asalto se desencadena en Gaza y en los territorios palestinos ocupados, un ba\u00f1o de sangre sin parang\u00f3n que ensombrece la consciencia internacional. La pasividad de las potencias &#8230; <a title=\"Firma nuestras peticiones\" class=\"read-more\" href=\"https:\/\/fundcapp.org\/es\/firma-nuestras-peticiones\/\" aria-label=\"Leer m\u00e1s sobre Firma nuestras peticiones\">Leer m\u00e1s<\/a><\/p>\n","protected":false},"author":1,"featured_media":0,"parent":0,"menu_order":0,"comment_status":"closed","ping_status":"closed","template":"elementor_header_footer","meta":{"give_campaign_id":0,"footnotes":""},"class_list":["post-630","page","type-page","status-publish"],"campaignId":"","_links":{"self":[{"href":"https:\/\/fundcapp.org\/es\/wp-json\/wp\/v2\/pages\/630","targetHints":{"allow":["GET"]}}],"collection":[{"href":"https:\/\/fundcapp.org\/es\/wp-json\/wp\/v2\/pages"}],"about":[{"href":"https:\/\/fundcapp.org\/es\/wp-json\/wp\/v2\/types\/page"}],"author":[{"embeddable":true,"href":"https:\/\/fundcapp.org\/es\/wp-json\/wp\/v2\/users\/1"}],"replies":[{"embeddable":true,"href":"https:\/\/fundcapp.org\/es\/wp-json\/wp\/v2\/comments?post=630"}],"version-history":[{"count":10,"href":"https:\/\/fundcapp.org\/es\/wp-json\/wp\/v2\/pages\/630\/revisions"}],"predecessor-version":[{"id":677,"href":"https:\/\/fundcapp.org\/es\/wp-json\/wp\/v2\/pages\/630\/revisions\/677"}],"wp:attachment":[{"href":"https:\/\/fundcapp.org\/es\/wp-json\/wp\/v2\/media?parent=630"}],"curies":[{"name":"wp","href":"https:\/\/api.w.org\/{rel}","templated":true}]}}