{"id":821,"date":"2026-02-13T17:51:51","date_gmt":"2026-02-13T16:51:51","guid":{"rendered":"https:\/\/fundcapp.org\/es\/?page_id=821"},"modified":"2026-02-15T19:49:40","modified_gmt":"2026-02-15T18:49:40","slug":"agua-potable-en-gaza","status":"publish","type":"page","link":"https:\/\/fundcapp.org\/es\/agua-potable-en-gaza\/","title":{"rendered":"Campa\u00f1a Agua Potable en Gaza"},"content":{"rendered":"\t\t<div data-elementor-type=\"page\" data-elementor-id=\"821\" class=\"elementor elementor-821\" data-elementor-post-type=\"page\">\n\t\t\t\t<div class=\"elementor-element elementor-element-df5cb4c e-flex e-con-boxed e-con e-parent\" data-id=\"df5cb4c\" data-element_type=\"container\" data-e-type=\"container\" data-settings=\"{&quot;background_background&quot;:&quot;classic&quot;,&quot;jet_parallax_layout_list&quot;:[]}\">\n\t\t\t\t\t<div class=\"e-con-inner\">\n\t\t\t\t<div class=\"elementor-element elementor-element-75c46f5 elementor-widget elementor-widget-heading\" data-id=\"75c46f5\" data-element_type=\"widget\" data-e-type=\"widget\" data-widget_type=\"heading.default\">\n\t\t\t\t\t<p class=\"elementor-heading-title elementor-size-default\">Proporcionar agua potable en Gaza<\/p>\t\t\t\t<\/div>\n\t\t\t\t\t<\/div>\n\t\t\t\t<\/div>\n\t\t<div class=\"elementor-element elementor-element-7f44c40 e-flex e-con-boxed e-con e-parent\" data-id=\"7f44c40\" data-element_type=\"container\" data-e-type=\"container\" data-settings=\"{&quot;jet_parallax_layout_list&quot;:[]}\">\n\t\t\t\t\t<div class=\"e-con-inner\">\n\t\t<div class=\"elementor-element elementor-element-ffdede7 e-con-full e-flex e-con e-child\" data-id=\"ffdede7\" data-element_type=\"container\" data-e-type=\"container\" data-settings=\"{&quot;jet_parallax_layout_list&quot;:[]}\">\n\t\t\t\t<div class=\"elementor-element elementor-element-69d3513 elementor-widget elementor-widget-heading\" data-id=\"69d3513\" data-element_type=\"widget\" data-e-type=\"widget\" data-widget_type=\"heading.default\">\n\t\t\t\t\t<h2 class=\"elementor-heading-title elementor-size-default\">\ud83d\udca7  No dejemos que se sequen los sue\u00f1os<\/h2>\t\t\t\t<\/div>\n\t\t\t\t<div class=\"elementor-element elementor-element-c1cffd3 elementor-widget elementor-widget-text-editor\" data-id=\"c1cffd3\" data-element_type=\"widget\" data-e-type=\"widget\" data-widget_type=\"text-editor.default\">\n\t\t\t\t\t\t\t\t\t<p>Durante\u00a0<strong>dos a\u00f1os de asedio y agresiones incesantes<\/strong>, la poblaci\u00f3n de Gaza ha vivido una tragedia que el mundo no puede seguir ignorando.<br \/>La\u00a0<strong>ocupaci\u00f3n israel\u00ed<\/strong>\u00a0\u00a0ha reducido una tierra entera a ruinas, dejando sin agua, sin electricidad y sin esperanza a m\u00e1s de dos millones de personas.<\/p><p>Lo que hoy se vive en Gaza\u00a0<strong>no es una cat\u00e1strofe natural, sino el resultado directo de un genocidio continuado<\/strong>: barrios enteros arrasados, pozos bombardeados, redes de agua destruidas y ni\u00f1os que mueren por sed o por enfermedades evitables.<\/p>\t\t\t\t\t\t\t\t<\/div>\n\t\t\t\t<div class=\"elementor-element elementor-element-a5b78c1 elementor-widget elementor-widget-heading\" data-id=\"a5b78c1\" data-element_type=\"widget\" data-e-type=\"widget\" data-widget_type=\"heading.default\">\n\t\t\t\t\t<h2 class=\"elementor-heading-title elementor-size-default\">\ud83d\udccd Gaza, la ciudad sedienta<\/h2>\t\t\t\t<\/div>\n\t\t\t\t<div class=\"elementor-element elementor-element-1fe2b38 elementor-widget elementor-widget-text-editor\" data-id=\"1fe2b38\" data-element_type=\"widget\" data-e-type=\"widget\" data-widget_type=\"text-editor.default\">\n\t\t\t\t\t\t\t\t\t<p>Seg\u00fan medios locales e internacionales ,\u00a0m\u00e1s del\u00a080 % de los barrios de Gaza ya no reciben agua potable.<br \/>Los pozos municipales \u2014m\u00e1s de\u00a0<strong>17 destruidos<\/strong>\u2014 fueron atacados, y la red de saneamiento ha quedado pr\u00e1cticamente inutilizable.<br \/>Los desplazados se hacinan en refugios sin acceso al agua, y los cortes de electricidad impiden bombear lo poco que queda.<\/p><p>En muchos barrios,\u00a0<strong>la \u00fanica agua disponible est\u00e1 contaminada<\/strong>, lo que agrava los brotes de enfermedades, especialmente entre los ni\u00f1os y ancianos.<\/p>\t\t\t\t\t\t\t\t<\/div>\n\t\t\t\t<div class=\"elementor-element elementor-element-ecea786 elementor-widget elementor-widget-heading\" data-id=\"ecea786\" data-element_type=\"widget\" data-e-type=\"widget\" data-widget_type=\"heading.default\">\n\t\t\t\t\t<h2 class=\"elementor-heading-title elementor-size-default\">\ud83d\udea8 Una crisis creada por el genocidio<\/h2>\t\t\t\t<\/div>\n\t\t\t\t<div class=\"elementor-element elementor-element-e7e0b70 elementor-widget elementor-widget-text-editor\" data-id=\"e7e0b70\" data-element_type=\"widget\" data-e-type=\"widget\" data-widget_type=\"text-editor.default\">\n\t\t\t\t\t\t\t\t\t<p>El bloqueo y los ataques continuos sobre infraestructuras civiles \u2014prohibidos por el derecho internacional humanitario\u2014 han convertido el agua en\u00a0<strong>una herramienta de castigo colectivo<\/strong>.<br\/>Las bombas no solo destruyeron hogares, hospitales y escuelas, sino tambi\u00e9n la posibilidad misma de vivir con dignidad.<\/p>\n<p>La sed en Gaza no es consecuencia del clima :\u00a0 Es el resultado de una ocupaci\u00f3n que destruye la vida gota a gota.<\/p>\t\t\t\t\t\t\t\t<\/div>\n\t\t\t\t<div class=\"elementor-element elementor-element-cfa02ad elementor-widget elementor-widget-heading\" data-id=\"cfa02ad\" data-element_type=\"widget\" data-e-type=\"widget\" data-widget_type=\"heading.default\">\n\t\t\t\t\t<h2 class=\"elementor-heading-title elementor-size-default\">\ud83d\udca6 Nuestra respuesta: Cisternas de esperanza<\/h2>\t\t\t\t<\/div>\n\t\t\t\t<div class=\"elementor-element elementor-element-49fa5dc elementor-widget elementor-widget-text-editor\" data-id=\"49fa5dc\" data-element_type=\"widget\" data-e-type=\"widget\" data-widget_type=\"text-editor.default\">\n\t\t\t\t\t\t\t\t\tAnte el colapso total del sistema de agua, lanzamos una respuesta directa:\n<blockquote>\ud83d\udca7 Por\u00a0<strong>solo 350 \u20ac<\/strong>, una\u00a0<strong>cisterna de 5.000 litros<\/strong>\u00a0puede proporcionar\u00a0<strong>agua potable a 1.000 personas durante una semana<\/strong>.<\/blockquote>\nEstas cisternas son distribuidas por equipos locales humanitarios en las zonas m\u00e1s afectadas, garantizando agua limpia para beber, cocinar y mantener la higiene b\u00e1sica.<br\/>Cada donaci\u00f3n es una vida que se sostiene, una familia que puede resistir un d\u00eda m\u00e1s.\t\t\t\t\t\t\t\t<\/div>\n\t\t\t\t<div class=\"elementor-element elementor-element-abc1554 elementor-widget elementor-widget-heading\" data-id=\"abc1554\" data-element_type=\"widget\" data-e-type=\"widget\" data-widget_type=\"heading.default\">\n\t\t\t\t\t<h2 class=\"elementor-heading-title elementor-size-default\">\ud83e\udd1d C\u00f3mo puedes ayudar<\/h2>\t\t\t\t<\/div>\n\t\t\t\t<div class=\"elementor-element elementor-element-8cf1345 elementor-widget elementor-widget-text-editor\" data-id=\"8cf1345\" data-element_type=\"widget\" data-e-type=\"widget\" data-widget_type=\"text-editor.default\">\n\t\t\t\t\t\t\t\t\t<ul><li><p><strong>Dona una cisterna completa (350 \u20ac)<\/strong>\u00a0o comparte su coste con otros.<\/p><\/li><li><p><strong>Apoya la reconstrucci\u00f3n del sistema de agua<\/strong>\u00a0con donaciones peri\u00f3dicas.<\/p><\/li><li><p><strong>Difunde esta campa\u00f1a<\/strong>\u00a0para romper el silencio y aumentar la presi\u00f3n internacional.<\/p><\/li><li><p><strong>Haz visible lo invisible:<\/strong>\u00a0el agua es un derecho humano, no un privilegio.<\/p><\/li><\/ul>\t\t\t\t\t\t\t\t<\/div>\n\t\t\t\t<div class=\"elementor-element elementor-element-4663132 elementor-widget elementor-widget-heading\" data-id=\"4663132\" data-element_type=\"widget\" data-e-type=\"widget\" data-widget_type=\"heading.default\">\n\t\t\t\t\t<h2 class=\"elementor-heading-title elementor-size-default\">\u270a Gaza resiste, nosotros respondemos<\/h2>\t\t\t\t<\/div>\n\t\t\t\t<div class=\"elementor-element elementor-element-ad6575b elementor-widget elementor-widget-text-editor\" data-id=\"ad6575b\" data-element_type=\"widget\" data-e-type=\"widget\" data-widget_type=\"text-editor.default\">\n\t\t\t\t\t\t\t\t\t<p>Durante dos a\u00f1os de genocidio, Gaza ha mostrado una dignidad inquebrantable.<br \/>En medio de la oscuridad y la sed, su pueblo sigue de pie, cuidando de los suyos con lo poco que queda.<\/p><p>Nosotros, desde fuera,\u00a0<strong>no podemos permanecer en silencio<\/strong>.<br \/>Cada cisterna que enviamos es un acto de resistencia, un mensaje al mundo:<\/p><blockquote><p>\u201cSeguimos vivos. Seguimos humanos. Seguimos unidos.\u201d<\/p><\/blockquote>\t\t\t\t\t\t\t\t<\/div>\n\t\t\t\t<div class=\"elementor-element elementor-element-568c255 elementor-widget elementor-widget-heading\" data-id=\"568c255\" data-element_type=\"widget\" data-e-type=\"widget\" data-widget_type=\"heading.default\">\n\t\t\t\t\t<h2 class=\"elementor-heading-title elementor-size-default\">\ud83c\udf0d \u00danete a la campa\u00f1a \u201cAgua potable para Gaza\u201d<\/h2>\t\t\t\t<\/div>\n\t\t\t\t<div class=\"elementor-element elementor-element-726e233 elementor-widget elementor-widget-text-editor\" data-id=\"726e233\" data-element_type=\"widget\" data-e-type=\"widget\" data-widget_type=\"text-editor.default\">\n\t\t\t\t\t\t\t\t\tHaz tu donativo, comparte esta causa y ayuda a que en Gaza vuelva a fluir el agua\u2026<br\/>y con ella,\u00a0<strong>la vida, la dignidad y la esperanza<\/strong>.\t\t\t\t\t\t\t\t<\/div>\n\t\t\t\t<\/div>\n\t\t<div class=\"elementor-element elementor-element-0443c2f e-con-full e-flex e-con e-child\" data-id=\"0443c2f\" data-element_type=\"container\" data-e-type=\"container\" data-settings=\"{&quot;jet_parallax_layout_list&quot;:[]}\">\n\t\t\t\t<div class=\"elementor-element elementor-element-2cb0dc8 recaudado elementor-widget elementor-widget-Give Goal\" data-id=\"2cb0dc8\" data-element_type=\"widget\" data-e-type=\"widget\" data-widget_type=\"Give Goal.default\">\n\t\t\t\t\t<div class=\"givewp-elementor-widget give-login-shortcode-wrap\"><div class=\"give-goal-progress\">\n            <div class=\"raised\">\n            <span class=\"income\" data-amounts=\"{\n    &quot;EUR&quot;: 0\n}\">&euro;0<\/span> de <span class=\"goal-text\" data-amounts=\"{\n    &quot;EUR&quot;: 50000\n}\">&euro;50,000<\/span> recaudado        <\/div>\n    \n            <div class=\"progress-bar\">\n            <div class=\"give-progress-bar\" role=\"progressbar\" aria-valuemin=\"0\" aria-valuemax=\"100\" aria-valuenow=\"0\">\n                <span style=\"width:0%;background: linear-gradient(180deg, #66BB6A 0%, #66BB6A 100%), linear-gradient(180deg, #fff 0%, #ccc 100%); background-blend-mode: multiply;\"><\/span>\n            <\/div>\n        <\/div>\n    \n<\/div><!-- \/.goal-progress -->\n\n<\/div>\t\t\t\t<\/div>\n\t\t\t\t<div class=\"elementor-element elementor-element-914a1b6 elementor-widget elementor-widget-givewp_donation_form\" data-id=\"914a1b6\" data-element_type=\"widget\" data-e-type=\"widget\" data-settings=\"{&quot;display_style&quot;:&quot;onpage&quot;}\" data-widget_type=\"givewp_donation_form.default\">\n\t\t\t\t\t<div class='root-data-givewp-embed' data-form-locale='es_ES' data-form-url='https:\/\/fundcapp.org\/es\/?post_type=give_forms&amp;p=820' data-form-view-url='https:\/\/fundcapp.org\/es\/?givewp-route=donation-form-view&amp;form-id=820' data-src='https:\/\/fundcapp.org\/es\/?givewp-route=donation-form-view&amp;form-id=820' data-givewp-embed-id='give-form-shortcode-1' data-form-format='onpage' data-open-form-button='Donar ahora' style='--givewp-primary-color: #669966; --givewp-secondary-color: #f49420;'><\/div>\t\t\t\t<\/div>\n\t\t\t\t<div class=\"elementor-element elementor-element-21cd420 elementor-align-center elementor-widget elementor-widget-button\" data-id=\"21cd420\" data-element_type=\"widget\" data-e-type=\"widget\" data-widget_type=\"button.default\">\n\t\t\t\t\t\t\t\t\t\t<a class=\"elementor-button elementor-button-link elementor-size-sm\" href=\"https:\/\/fundcapp.org\/es\/solicitud-certificado-para-la-renta\/\">\n\t\t\t\t\t\t<span class=\"elementor-button-content-wrapper\">\n\t\t\t\t\t\t\t\t\t<span class=\"elementor-button-text\">Quiero desgravar mi donaci\u00f3n en la renta<\/span>\n\t\t\t\t\t<\/span>\n\t\t\t\t\t<\/a>\n\t\t\t\t\t\t\t\t<\/div>\n\t\t\t\t<\/div>\n\t\t\t\t\t<\/div>\n\t\t\t\t<\/div>\n\t\t\t\t<\/div>\n\t\t","protected":false},"excerpt":{"rendered":"<p>Proporcionar agua potable en Gaza \ud83d\udca7 No dejemos que se sequen los sue\u00f1os Durante\u00a0dos a\u00f1os de asedio y agresiones incesantes, la poblaci\u00f3n de Gaza ha vivido una tragedia que el mundo no puede seguir ignorando.La\u00a0ocupaci\u00f3n israel\u00ed\u00a0\u00a0ha reducido una tierra entera a ruinas, dejando sin agua, sin electricidad y sin esperanza a m\u00e1s de dos millones &#8230; <a title=\"Campa\u00f1a Agua Potable en Gaza\" class=\"read-more\" href=\"https:\/\/fundcapp.org\/es\/agua-potable-en-gaza\/\" aria-label=\"Leer m\u00e1s sobre Campa\u00f1a Agua Potable en Gaza\">Leer m\u00e1s<\/a><\/p>\n","protected":false},"author":1,"featured_media":0,"parent":0,"menu_order":0,"comment_status":"closed","ping_status":"closed","template":"elementor_header_footer","meta":{"give_campaign_id":3,"footnotes":""},"class_list":["post-821","page","type-page","status-publish"],"campaignId":"3","_links":{"self":[{"href":"https:\/\/fundcapp.org\/es\/wp-json\/wp\/v2\/pages\/821","targetHints":{"allow":["GET"]}}],"collection":[{"href":"https:\/\/fundcapp.org\/es\/wp-json\/wp\/v2\/pages"}],"about":[{"href":"https:\/\/fundcapp.org\/es\/wp-json\/wp\/v2\/types\/page"}],"author":[{"embeddable":true,"href":"https:\/\/fundcapp.org\/es\/wp-json\/wp\/v2\/users\/1"}],"replies":[{"embeddable":true,"href":"https:\/\/fundcapp.org\/es\/wp-json\/wp\/v2\/comments?post=821"}],"version-history":[{"count":10,"href":"https:\/\/fundcapp.org\/es\/wp-json\/wp\/v2\/pages\/821\/revisions"}],"predecessor-version":[{"id":879,"href":"https:\/\/fundcapp.org\/es\/wp-json\/wp\/v2\/pages\/821\/revisions\/879"}],"wp:attachment":[{"href":"https:\/\/fundcapp.org\/es\/wp-json\/wp\/v2\/media?parent=821"}],"curies":[{"name":"wp","href":"https:\/\/api.w.org\/{rel}","templated":true}]}}