{"id":871,"date":"2026-02-14T19:22:07","date_gmt":"2026-02-14T18:22:07","guid":{"rendered":"https:\/\/fundcapp.org\/es\/?page_id=871"},"modified":"2026-02-14T19:28:25","modified_gmt":"2026-02-14T18:28:25","slug":"campana-de-zakat-al-fitr-1447-2026","status":"publish","type":"page","link":"https:\/\/fundcapp.org\/es\/campana-de-zakat-al-fitr-1447-2026\/","title":{"rendered":"Campa\u00f1a de Zakat Al-Fitr 1447 &#8211; 2026"},"content":{"rendered":"\t\t<div data-elementor-type=\"page\" data-elementor-id=\"871\" class=\"elementor elementor-871\" data-elementor-post-type=\"page\">\n\t\t\t\t<div class=\"elementor-element elementor-element-a0f51ce e-flex e-con-boxed e-con e-parent\" data-id=\"a0f51ce\" data-element_type=\"container\" data-e-type=\"container\" data-settings=\"{&quot;background_background&quot;:&quot;classic&quot;,&quot;jet_parallax_layout_list&quot;:[]}\">\n\t\t\t\t\t<div class=\"e-con-inner\">\n\t\t\t\t<div class=\"elementor-element elementor-element-4897973 elementor-widget elementor-widget-heading\" data-id=\"4897973\" data-element_type=\"widget\" data-e-type=\"widget\" data-widget_type=\"heading.default\">\n\t\t\t\t\t<p class=\"elementor-heading-title elementor-size-default\">Zakat Al-Fitr 1447 \/ 2026<\/p>\t\t\t\t<\/div>\n\t\t\t\t\t<\/div>\n\t\t\t\t<\/div>\n\t\t<div class=\"elementor-element elementor-element-3543465 e-flex e-con-boxed e-con e-parent\" data-id=\"3543465\" data-element_type=\"container\" data-e-type=\"container\" data-settings=\"{&quot;jet_parallax_layout_list&quot;:[]}\">\n\t\t\t\t\t<div class=\"e-con-inner\">\n\t\t<div class=\"elementor-element elementor-element-6607e0b e-con-full e-flex e-con e-child\" data-id=\"6607e0b\" data-element_type=\"container\" data-e-type=\"container\" data-settings=\"{&quot;jet_parallax_layout_list&quot;:[]}\">\n\t\t\t\t<div class=\"elementor-element elementor-element-f811218 elementor-widget elementor-widget-text-editor\" data-id=\"f811218\" data-element_type=\"widget\" data-e-type=\"widget\" data-widget_type=\"text-editor.default\">\n\t\t\t\t\t\t\t\t\t<p><strong>Zakat Al Fitr es<\/strong>\u00a0un tributo que todos los musulmanes deben pagar al finalizar el mes de Ramad\u00e1n, el termino\u00a0<strong>ZAKAT<\/strong>\u00a0significa purificaci\u00f3n con lo cual esta\u00a0Zakat purifica y valida el ayuno.<\/p><p>En la<strong>\u00a0fundaci\u00f3n CAPP<\/strong>\u00a0estaremos muy agradecido de recibir vuestras donaciones de\u00a0<strong>ZAKAT AL FITR<\/strong>\u00a0para que muchas familias necesitadas puedan tener un buen fin de Ramad\u00e1n y dar alegr\u00eda a sus respectivos hijos como el resto de los ni\u00f1os.<\/p>\t\t\t\t\t\t\t\t<\/div>\n\t\t\t\t<div class=\"elementor-element elementor-element-940030c elementor-widget elementor-widget-image\" data-id=\"940030c\" data-element_type=\"widget\" data-e-type=\"widget\" data-widget_type=\"image.default\">\n\t\t\t\t\t\t\t\t\t\t\t\t\t\t\t<img fetchpriority=\"high\" decoding=\"async\" width=\"724\" height=\"1024\" src=\"https:\/\/fundcapp.org\/es\/wp-content\/uploads\/2026\/02\/zakatalfitr2026-724x1024.jpg\" class=\"attachment-large size-large wp-image-875\" alt=\"\" srcset=\"https:\/\/fundcapp.org\/es\/wp-content\/uploads\/2026\/02\/zakatalfitr2026-724x1024.jpg 724w, https:\/\/fundcapp.org\/es\/wp-content\/uploads\/2026\/02\/zakatalfitr2026-212x300.jpg 212w, https:\/\/fundcapp.org\/es\/wp-content\/uploads\/2026\/02\/zakatalfitr2026-768x1087.jpg 768w, https:\/\/fundcapp.org\/es\/wp-content\/uploads\/2026\/02\/zakatalfitr2026.jpg 800w\" sizes=\"(max-width: 724px) 100vw, 724px\" \/>\t\t\t\t\t\t\t\t\t\t\t\t\t\t\t<\/div>\n\t\t\t\t<div class=\"elementor-element elementor-element-ae09042 elementor-widget elementor-widget-heading\" data-id=\"ae09042\" data-element_type=\"widget\" data-e-type=\"widget\" data-widget_type=\"heading.default\">\n\t\t\t\t\t<h2 class=\"elementor-heading-title elementor-size-default\">Preguntas frecuentes sobre Zakat Al-Fitr<\/h2>\t\t\t\t<\/div>\n\t\t\t\t<div class=\"elementor-element elementor-element-e655450 elementor-widget elementor-widget-n-accordion\" data-id=\"e655450\" data-element_type=\"widget\" data-e-type=\"widget\" data-settings=\"{&quot;default_state&quot;:&quot;expanded&quot;,&quot;max_items_expended&quot;:&quot;one&quot;,&quot;n_accordion_animation_duration&quot;:{&quot;unit&quot;:&quot;ms&quot;,&quot;size&quot;:400,&quot;sizes&quot;:[]}}\" data-widget_type=\"nested-accordion.default\">\n\t\t\t\t\t\t\t<div class=\"e-n-accordion\" aria-label=\"Accordion. Open links with Enter or Space, close with Escape, and navigate with Arrow Keys\">\n\t\t\t\t\t\t<details id=\"e-n-accordion-item-2410\" class=\"e-n-accordion-item\" open>\n\t\t\t\t<summary class=\"e-n-accordion-item-title\" data-accordion-index=\"1\" tabindex=\"0\" aria-expanded=\"true\" aria-controls=\"e-n-accordion-item-2410\" >\n\t\t\t\t\t<span class='e-n-accordion-item-title-header'><div class=\"e-n-accordion-item-title-text\"> \u00bfQu\u00e9 es el Zakat Al Fitr? <\/div><\/span>\n\t\t\t\t\t\t\t<span class='e-n-accordion-item-title-icon'>\n\t\t\t<span class='e-opened' ><svg aria-hidden=\"true\" class=\"e-font-icon-svg e-fas-minus\" viewBox=\"0 0 448 512\" xmlns=\"http:\/\/www.w3.org\/2000\/svg\"><path d=\"M416 208H32c-17.67 0-32 14.33-32 32v32c0 17.67 14.33 32 32 32h384c17.67 0 32-14.33 32-32v-32c0-17.67-14.33-32-32-32z\"><\/path><\/svg><\/span>\n\t\t\t<span class='e-closed'><svg aria-hidden=\"true\" class=\"e-font-icon-svg e-fas-plus\" viewBox=\"0 0 448 512\" xmlns=\"http:\/\/www.w3.org\/2000\/svg\"><path d=\"M416 208H272V64c0-17.67-14.33-32-32-32h-32c-17.67 0-32 14.33-32 32v144H32c-17.67 0-32 14.33-32 32v32c0 17.67 14.33 32 32 32h144v144c0 17.67 14.33 32 32 32h32c17.67 0 32-14.33 32-32V304h144c17.67 0 32-14.33 32-32v-32c0-17.67-14.33-32-32-32z\"><\/path><\/svg><\/span>\n\t\t<\/span>\n\n\t\t\t\t\t\t<\/summary>\n\t\t\t\t<div role=\"region\" aria-labelledby=\"e-n-accordion-item-2410\" class=\"elementor-element elementor-element-efa9706 e-con-full e-flex e-con e-child\" data-id=\"efa9706\" data-element_type=\"container\" data-e-type=\"container\" data-settings=\"{&quot;jet_parallax_layout_list&quot;:[]}\">\n\t\t\t\t<div class=\"elementor-element elementor-element-76fb4e0 elementor-widget elementor-widget-text-editor\" data-id=\"76fb4e0\" data-element_type=\"widget\" data-e-type=\"widget\" data-widget_type=\"text-editor.default\">\n\t\t\t\t\t\t\t\t\t<p>Es un tipo de caridad obligatoria al terminar el ayuno de ramad\u00e1n.\u00a0<\/p><p>\u00a0De esta manera los musulmanes se purifican y su ayuno es v\u00e1lido, adem\u00e1s que se contribuye a con alimentar a los pobres.<\/p>\t\t\t\t\t\t\t\t<\/div>\n\t\t\t\t<\/div>\n\t\t\t\t\t<\/details>\n\t\t\t\t\t\t<details id=\"e-n-accordion-item-2411\" class=\"e-n-accordion-item\" >\n\t\t\t\t<summary class=\"e-n-accordion-item-title\" data-accordion-index=\"2\" tabindex=\"-1\" aria-expanded=\"false\" aria-controls=\"e-n-accordion-item-2411\" >\n\t\t\t\t\t<span class='e-n-accordion-item-title-header'><div class=\"e-n-accordion-item-title-text\"> \u00bfQu\u00e9 debe darse como Zakat Al Fitr? <\/div><\/span>\n\t\t\t\t\t\t\t<span class='e-n-accordion-item-title-icon'>\n\t\t\t<span class='e-opened' ><svg aria-hidden=\"true\" class=\"e-font-icon-svg e-fas-minus\" viewBox=\"0 0 448 512\" xmlns=\"http:\/\/www.w3.org\/2000\/svg\"><path d=\"M416 208H32c-17.67 0-32 14.33-32 32v32c0 17.67 14.33 32 32 32h384c17.67 0 32-14.33 32-32v-32c0-17.67-14.33-32-32-32z\"><\/path><\/svg><\/span>\n\t\t\t<span class='e-closed'><svg aria-hidden=\"true\" class=\"e-font-icon-svg e-fas-plus\" viewBox=\"0 0 448 512\" xmlns=\"http:\/\/www.w3.org\/2000\/svg\"><path d=\"M416 208H272V64c0-17.67-14.33-32-32-32h-32c-17.67 0-32 14.33-32 32v144H32c-17.67 0-32 14.33-32 32v32c0 17.67 14.33 32 32 32h144v144c0 17.67 14.33 32 32 32h32c17.67 0 32-14.33 32-32V304h144c17.67 0 32-14.33 32-32v-32c0-17.67-14.33-32-32-32z\"><\/path><\/svg><\/span>\n\t\t<\/span>\n\n\t\t\t\t\t\t<\/summary>\n\t\t\t\t<div role=\"region\" aria-labelledby=\"e-n-accordion-item-2411\" class=\"elementor-element elementor-element-2abf19f e-con-full e-flex e-con e-child\" data-id=\"2abf19f\" data-element_type=\"container\" data-e-type=\"container\" data-settings=\"{&quot;jet_parallax_layout_list&quot;:[]}\">\n\t\t\t\t<div class=\"elementor-element elementor-element-dd2912c elementor-widget elementor-widget-text-editor\" data-id=\"dd2912c\" data-element_type=\"widget\" data-e-type=\"widget\" data-widget_type=\"text-editor.default\">\n\t\t\t\t\t\t\t\t\t<p>Abu Said Al Judri, radiyallahu anhu (que Allah est\u00e9 complacido con \u00e9l), dijo:<\/p><p>\u201cEn la \u00e9poca del Mensajero de Allah, sallallahu allayhi wasallam (la paz y bendiciones de Allah sean con \u00e9l) , sol\u00edamos pagar el Zakat Al Fitr con un sa\u00b4a de alimentos. Y era nuestro alimento de ese d\u00eda: d\u00e1tiles, cebada, pasas y leche seca\u201d.\u00a0\u00a0(Transmitido por Al Bukhari)<\/p><p>Un\u00a0<strong>sa\u2019a<\/strong>\u00a0es la medida que se obtiene de llenar cuatro veces el cuenco de las dos manos (mudd) con las manos del Profeta, sallallahu allayhi wasallam (la paz y bendiciones de Allah sean con \u00e9l). Es decir, las manos de un hombre de constituci\u00f3n media. Hablamos posiblemente de 2,5 kg a 3 kg. de peso, aproximadamente.<\/p><p>Y lo que menciona Abu Said en este hadiz es el alimento predominante en Madinah (Medina) al Munawara en aquel tiempo. Pero en cualquier caso el alimento con el que se pude pagar el Zakat Al Fitr abarca todo cuanto puede comerse, con la condici\u00f3n de que sea la comida principal de la localidad.<\/p><p>Algunos sabios difieren sobre\u00a0<strong>si puede dar dinero en vez del alimento principal del lugar donde se distribuye\u00a0<\/strong>.<\/p>\t\t\t\t\t\t\t\t<\/div>\n\t\t\t\t<\/div>\n\t\t\t\t\t<\/details>\n\t\t\t\t\t\t<details id=\"e-n-accordion-item-2412\" class=\"e-n-accordion-item\" >\n\t\t\t\t<summary class=\"e-n-accordion-item-title\" data-accordion-index=\"3\" tabindex=\"-1\" aria-expanded=\"false\" aria-controls=\"e-n-accordion-item-2412\" >\n\t\t\t\t\t<span class='e-n-accordion-item-title-header'><div class=\"e-n-accordion-item-title-text\"> \u00bfSe puede transportar Zakat Al Fitr a otro pa\u00eds? <\/div><\/span>\n\t\t\t\t\t\t\t<span class='e-n-accordion-item-title-icon'>\n\t\t\t<span class='e-opened' ><svg aria-hidden=\"true\" class=\"e-font-icon-svg e-fas-minus\" viewBox=\"0 0 448 512\" xmlns=\"http:\/\/www.w3.org\/2000\/svg\"><path d=\"M416 208H32c-17.67 0-32 14.33-32 32v32c0 17.67 14.33 32 32 32h384c17.67 0 32-14.33 32-32v-32c0-17.67-14.33-32-32-32z\"><\/path><\/svg><\/span>\n\t\t\t<span class='e-closed'><svg aria-hidden=\"true\" class=\"e-font-icon-svg e-fas-plus\" viewBox=\"0 0 448 512\" xmlns=\"http:\/\/www.w3.org\/2000\/svg\"><path d=\"M416 208H272V64c0-17.67-14.33-32-32-32h-32c-17.67 0-32 14.33-32 32v144H32c-17.67 0-32 14.33-32 32v32c0 17.67 14.33 32 32 32h144v144c0 17.67 14.33 32 32 32h32c17.67 0 32-14.33 32-32V304h144c17.67 0 32-14.33 32-32v-32c0-17.67-14.33-32-32-32z\"><\/path><\/svg><\/span>\n\t\t<\/span>\n\n\t\t\t\t\t\t<\/summary>\n\t\t\t\t<div role=\"region\" aria-labelledby=\"e-n-accordion-item-2412\" class=\"elementor-element elementor-element-22d1af2 e-con-full e-flex e-con e-child\" data-id=\"22d1af2\" data-element_type=\"container\" data-e-type=\"container\" data-settings=\"{&quot;jet_parallax_layout_list&quot;:[]}\">\n\t\t\t\t<div class=\"elementor-element elementor-element-dbc1bd5 elementor-widget elementor-widget-text-editor\" data-id=\"dbc1bd5\" data-element_type=\"widget\" data-e-type=\"widget\" data-widget_type=\"text-editor.default\">\n\t\t\t\t\t\t\t\t\t<p>Debe distribuirse el Zakat Al Fitr en el mismo sitio donde se ha recogido.\u00a0<strong>No obstante, no hay inconveniente en transportarlo a otro pa\u00eds<\/strong>\u00a0o regi\u00f3n si la necesidad lo requiere, como por ejemplo enviarlo a una regi\u00f3n donde la pobreza y la\u00a0<strong>necesidad son mayores<\/strong>\u00a0o a una ciudad distinta donde el que da tiene familiares.<\/p>\t\t\t\t\t\t\t\t<\/div>\n\t\t\t\t<\/div>\n\t\t\t\t\t<\/details>\n\t\t\t\t\t\t<details id=\"e-n-accordion-item-2413\" class=\"e-n-accordion-item\" >\n\t\t\t\t<summary class=\"e-n-accordion-item-title\" data-accordion-index=\"4\" tabindex=\"-1\" aria-expanded=\"false\" aria-controls=\"e-n-accordion-item-2413\" >\n\t\t\t\t\t<span class='e-n-accordion-item-title-header'><div class=\"e-n-accordion-item-title-text\"> \u00bfQui\u00e9nes deben pagar Zakat Al Fitr? <\/div><\/span>\n\t\t\t\t\t\t\t<span class='e-n-accordion-item-title-icon'>\n\t\t\t<span class='e-opened' ><svg aria-hidden=\"true\" class=\"e-font-icon-svg e-fas-minus\" viewBox=\"0 0 448 512\" xmlns=\"http:\/\/www.w3.org\/2000\/svg\"><path d=\"M416 208H32c-17.67 0-32 14.33-32 32v32c0 17.67 14.33 32 32 32h384c17.67 0 32-14.33 32-32v-32c0-17.67-14.33-32-32-32z\"><\/path><\/svg><\/span>\n\t\t\t<span class='e-closed'><svg aria-hidden=\"true\" class=\"e-font-icon-svg e-fas-plus\" viewBox=\"0 0 448 512\" xmlns=\"http:\/\/www.w3.org\/2000\/svg\"><path d=\"M416 208H272V64c0-17.67-14.33-32-32-32h-32c-17.67 0-32 14.33-32 32v144H32c-17.67 0-32 14.33-32 32v32c0 17.67 14.33 32 32 32h144v144c0 17.67 14.33 32 32 32h32c17.67 0 32-14.33 32-32V304h144c17.67 0 32-14.33 32-32v-32c0-17.67-14.33-32-32-32z\"><\/path><\/svg><\/span>\n\t\t<\/span>\n\n\t\t\t\t\t\t<\/summary>\n\t\t\t\t<div role=\"region\" aria-labelledby=\"e-n-accordion-item-2413\" class=\"elementor-element elementor-element-7453ac6 e-con-full e-flex e-con e-child\" data-id=\"7453ac6\" data-element_type=\"container\" data-e-type=\"container\" data-settings=\"{&quot;jet_parallax_layout_list&quot;:[]}\">\n\t\t\t\t<div class=\"elementor-element elementor-element-a27dc9e elementor-widget elementor-widget-text-editor\" data-id=\"a27dc9e\" data-element_type=\"widget\" data-e-type=\"widget\" data-widget_type=\"text-editor.default\">\n\t\t\t\t\t\t\t\t\t<p>Todo el que pueda pagarlo tiene la obligaci\u00f3n de darlo siempre y cuando tenga suficiente para comer el d\u00eda del Id y tambi\u00e9n para su familia. El hombre debe pagarlo por s\u00ed mismo y por cada persona que dependa de \u00e9l y quien tiene obligaci\u00f3n de mantener de entre los musulmanes, como la esposa, el hijo, los padres si son pobres, etc. Sin embargo, si la esposa e hijos est\u00e1n en posibilidades de pagarlo por s\u00ed mismos pueden hacerlo si desean.<\/p>\t\t\t\t\t\t\t\t<\/div>\n\t\t\t\t<\/div>\n\t\t\t\t\t<\/details>\n\t\t\t\t\t\t<details id=\"e-n-accordion-item-2414\" class=\"e-n-accordion-item\" >\n\t\t\t\t<summary class=\"e-n-accordion-item-title\" data-accordion-index=\"5\" tabindex=\"-1\" aria-expanded=\"false\" aria-controls=\"e-n-accordion-item-2414\" >\n\t\t\t\t\t<span class='e-n-accordion-item-title-header'><div class=\"e-n-accordion-item-title-text\"> \u00bfQui\u00e9nes no est\u00e1n obligados a dar Zakat Al Fitr? <\/div><\/span>\n\t\t\t\t\t\t\t<span class='e-n-accordion-item-title-icon'>\n\t\t\t<span class='e-opened' ><svg aria-hidden=\"true\" class=\"e-font-icon-svg e-fas-minus\" viewBox=\"0 0 448 512\" xmlns=\"http:\/\/www.w3.org\/2000\/svg\"><path d=\"M416 208H32c-17.67 0-32 14.33-32 32v32c0 17.67 14.33 32 32 32h384c17.67 0 32-14.33 32-32v-32c0-17.67-14.33-32-32-32z\"><\/path><\/svg><\/span>\n\t\t\t<span class='e-closed'><svg aria-hidden=\"true\" class=\"e-font-icon-svg e-fas-plus\" viewBox=\"0 0 448 512\" xmlns=\"http:\/\/www.w3.org\/2000\/svg\"><path d=\"M416 208H272V64c0-17.67-14.33-32-32-32h-32c-17.67 0-32 14.33-32 32v144H32c-17.67 0-32 14.33-32 32v32c0 17.67 14.33 32 32 32h144v144c0 17.67 14.33 32 32 32h32c17.67 0 32-14.33 32-32V304h144c17.67 0 32-14.33 32-32v-32c0-17.67-14.33-32-32-32z\"><\/path><\/svg><\/span>\n\t\t<\/span>\n\n\t\t\t\t\t\t<\/summary>\n\t\t\t\t<div role=\"region\" aria-labelledby=\"e-n-accordion-item-2414\" class=\"elementor-element elementor-element-a187811 e-con-full e-flex e-con e-child\" data-id=\"a187811\" data-element_type=\"container\" data-e-type=\"container\" data-settings=\"{&quot;jet_parallax_layout_list&quot;:[]}\">\n\t\t\t\t<div class=\"elementor-element elementor-element-593d41c elementor-widget elementor-widget-text-editor\" data-id=\"593d41c\" data-element_type=\"widget\" data-e-type=\"widget\" data-widget_type=\"text-editor.default\">\n\t\t\t\t\t\t\t\t\t<p>\u00a0Aquellos que no tienen los medios suficientes para darlo o solamente cuentan con lo que necesitan y nada m\u00e1s.<\/p>\t\t\t\t\t\t\t\t<\/div>\n\t\t\t\t<\/div>\n\t\t\t\t\t<\/details>\n\t\t\t\t\t\t<details id=\"e-n-accordion-item-2415\" class=\"e-n-accordion-item\" >\n\t\t\t\t<summary class=\"e-n-accordion-item-title\" data-accordion-index=\"6\" tabindex=\"-1\" aria-expanded=\"false\" aria-controls=\"e-n-accordion-item-2415\" >\n\t\t\t\t\t<span class='e-n-accordion-item-title-header'><div class=\"e-n-accordion-item-title-text\"> \u00bfA qui\u00e9n se debe dar Zakat Al Fitr? <\/div><\/span>\n\t\t\t\t\t\t\t<span class='e-n-accordion-item-title-icon'>\n\t\t\t<span class='e-opened' ><svg aria-hidden=\"true\" class=\"e-font-icon-svg e-fas-minus\" viewBox=\"0 0 448 512\" xmlns=\"http:\/\/www.w3.org\/2000\/svg\"><path d=\"M416 208H32c-17.67 0-32 14.33-32 32v32c0 17.67 14.33 32 32 32h384c17.67 0 32-14.33 32-32v-32c0-17.67-14.33-32-32-32z\"><\/path><\/svg><\/span>\n\t\t\t<span class='e-closed'><svg aria-hidden=\"true\" class=\"e-font-icon-svg e-fas-plus\" viewBox=\"0 0 448 512\" xmlns=\"http:\/\/www.w3.org\/2000\/svg\"><path d=\"M416 208H272V64c0-17.67-14.33-32-32-32h-32c-17.67 0-32 14.33-32 32v144H32c-17.67 0-32 14.33-32 32v32c0 17.67 14.33 32 32 32h144v144c0 17.67 14.33 32 32 32h32c17.67 0 32-14.33 32-32V304h144c17.67 0 32-14.33 32-32v-32c0-17.67-14.33-32-32-32z\"><\/path><\/svg><\/span>\n\t\t<\/span>\n\n\t\t\t\t\t\t<\/summary>\n\t\t\t\t<div role=\"region\" aria-labelledby=\"e-n-accordion-item-2415\" class=\"elementor-element elementor-element-6c97171 e-con-full e-flex e-con e-child\" data-id=\"6c97171\" data-element_type=\"container\" data-e-type=\"container\" data-settings=\"{&quot;jet_parallax_layout_list&quot;:[]}\">\n\t\t\t\t<div class=\"elementor-element elementor-element-3aad604 elementor-widget elementor-widget-text-editor\" data-id=\"3aad604\" data-element_type=\"widget\" data-e-type=\"widget\" data-widget_type=\"text-editor.default\">\n\t\t\t\t\t\t\t\t\t<p>Debe entregarse a los pobres o a personas que lo necesiten. O bien se les entrega directamente o se puede hacer una donaci\u00f3n a trav\u00e9s de una mezquita o asociaci\u00f3n que se encargar\u00e1 de distribuirla convenientemente.<\/p>\t\t\t\t\t\t\t\t<\/div>\n\t\t\t\t<\/div>\n\t\t\t\t\t<\/details>\n\t\t\t\t\t<\/div>\n\t\t\t\t\t\t<\/div>\n\t\t\t\t<\/div>\n\t\t<div class=\"elementor-element elementor-element-74174f2 e-con-full e-flex e-con e-child\" data-id=\"74174f2\" data-element_type=\"container\" data-e-type=\"container\" data-settings=\"{&quot;jet_parallax_layout_list&quot;:[]}\">\n\t\t\t\t<div class=\"elementor-element elementor-element-9f5719d recaudado elementor-widget elementor-widget-Give Goal\" data-id=\"9f5719d\" data-element_type=\"widget\" data-e-type=\"widget\" data-widget_type=\"Give Goal.default\">\n\t\t\t\t\t<div class=\"givewp-elementor-widget give-login-shortcode-wrap\"><div class=\"give-goal-progress\">\n            <div class=\"raised\">\n            <span class=\"income\" data-amounts=\"{\n    &quot;EUR&quot;: 0\n}\">&euro;0<\/span> de <span class=\"goal-text\" data-amounts=\"{\n    &quot;EUR&quot;: 20000\n}\">&euro;20,000<\/span> recaudado        <\/div>\n    \n            <div class=\"progress-bar\">\n            <div class=\"give-progress-bar\" role=\"progressbar\" aria-valuemin=\"0\" aria-valuemax=\"100\" aria-valuenow=\"0\">\n                <span style=\"width:0%;background: linear-gradient(180deg, #66BB6A 0%, #66BB6A 100%), linear-gradient(180deg, #fff 0%, #ccc 100%); background-blend-mode: multiply;\"><\/span>\n            <\/div>\n        <\/div>\n    \n<\/div><!-- \/.goal-progress -->\n\n<\/div>\t\t\t\t<\/div>\n\t\t\t\t<div class=\"elementor-element elementor-element-1764dca elementor-widget elementor-widget-givewp_donation_form\" data-id=\"1764dca\" data-element_type=\"widget\" data-e-type=\"widget\" data-settings=\"{&quot;display_style&quot;:&quot;onpage&quot;}\" data-widget_type=\"givewp_donation_form.default\">\n\t\t\t\t\t<div class='root-data-givewp-embed' data-form-locale='es_ES' data-form-url='https:\/\/fundcapp.org\/es\/?post_type=give_forms&amp;p=870' data-form-view-url='https:\/\/fundcapp.org\/es\/?givewp-route=donation-form-view&amp;form-id=870' data-src='https:\/\/fundcapp.org\/es\/?givewp-route=donation-form-view&amp;form-id=870' data-givewp-embed-id='give-form-shortcode-1' data-form-format='onpage' data-open-form-button='Donar ahora' style='--givewp-primary-color: #669966; --givewp-secondary-color: #f49420;'><\/div>\t\t\t\t<\/div>\n\t\t\t\t<\/div>\n\t\t\t\t\t<\/div>\n\t\t\t\t<\/div>\n\t\t\t\t<section class=\"elementor-section elementor-top-section elementor-element elementor-element-463a157 elementor-section-boxed elementor-section-height-default elementor-section-height-default\" data-id=\"463a157\" data-element_type=\"section\" data-e-type=\"section\" data-settings=\"{&quot;jet_parallax_layout_list&quot;:[]}\">\n\t\t\t\t\t\t<div class=\"elementor-container elementor-column-gap-default\">\n\t\t\t\t\t<div class=\"elementor-column elementor-col-100 elementor-top-column elementor-element elementor-element-2702b14\" data-id=\"2702b14\" data-element_type=\"column\" data-e-type=\"column\">\n\t\t\t<div class=\"elementor-widget-wrap elementor-element-populated\">\n\t\t\t\t\t\t<div class=\"elementor-element elementor-element-331bd9e elementor-widget elementor-widget-givewp_campaign_donations\" data-id=\"331bd9e\" data-element_type=\"widget\" data-e-type=\"widget\" data-widget_type=\"givewp_campaign_donations.default\">\n\t\t\t\t\t<div\n    class=\"givewp-campaign-donations-block\"    style=\"--givewp-primary-color: #27ae60; --givewp-secondary-color: #f29718;\">\n    <div class=\"givewp-campaign-donations-block__header\">\n        <h2 class=\"givewp-campaign-donations-block__title\">Donaciones recientes<\/h2>\n            <\/div>\n\n            <div class=\"givewp-campaign-donations-block__empty-state\">\n            <h3 class=\"givewp-campaign-donations-block__empty-title\">\n                Cada campa\u00f1a empieza con una donaci\u00f3n.            <\/h3>\n            <p class=\"givewp-campaign-donations-block__empty-description\">\n                \u00a1S\u00e9 quien lo haga realidad!            <\/p>\n\n            <div class=\"givewp-campaign-donations-block__empty-icon\">\n                <img decoding=\"async\"\n                    src=\"https:\/\/fundcapp.org\/es\/wp-content\/plugins\/give\/src\/Campaigns\/Blocks\/CampaignDonations\/resources\/icons\/empty-state.svg\"\n                    alt=\"Empty state icon\"\n                \/>\n            <\/div>\n\n                            <div class=\"givewp-campaign-donations-block__empty-button\">\n                    <button type=\"button\" class=\"givewp-donation-form-modal__open\">S\u00e9 el primero<\/button>                <\/div>\n                    <\/div>\n    <\/div>\n\t\t\t\t<\/div>\n\t\t\t\t\t<\/div>\n\t\t<\/div>\n\t\t\t\t\t<\/div>\n\t\t<\/section>\n\t\t\t\t<\/div>\n\t\t","protected":false},"excerpt":{"rendered":"<p>Zakat Al-Fitr 1447 \/ 2026 Zakat Al Fitr es\u00a0un tributo que todos los musulmanes deben pagar al finalizar el mes de Ramad\u00e1n, el termino\u00a0ZAKAT\u00a0significa purificaci\u00f3n con lo cual esta\u00a0Zakat purifica y valida el ayuno. En la\u00a0fundaci\u00f3n CAPP\u00a0estaremos muy agradecido de recibir vuestras donaciones de\u00a0ZAKAT AL FITR\u00a0para que muchas familias necesitadas puedan tener un buen fin &#8230; <a title=\"Campa\u00f1a de Zakat Al-Fitr 1447 &#8211; 2026\" class=\"read-more\" href=\"https:\/\/fundcapp.org\/es\/campana-de-zakat-al-fitr-1447-2026\/\" aria-label=\"Leer m\u00e1s sobre Campa\u00f1a de Zakat Al-Fitr 1447 &#8211; 2026\">Leer m\u00e1s<\/a><\/p>\n","protected":false},"author":1,"featured_media":0,"parent":0,"menu_order":0,"comment_status":"closed","ping_status":"closed","template":"elementor_header_footer","meta":{"give_campaign_id":5,"footnotes":""},"class_list":["post-871","page","type-page","status-publish"],"campaignId":"5","_links":{"self":[{"href":"https:\/\/fundcapp.org\/es\/wp-json\/wp\/v2\/pages\/871","targetHints":{"allow":["GET"]}}],"collection":[{"href":"https:\/\/fundcapp.org\/es\/wp-json\/wp\/v2\/pages"}],"about":[{"href":"https:\/\/fundcapp.org\/es\/wp-json\/wp\/v2\/types\/page"}],"author":[{"embeddable":true,"href":"https:\/\/fundcapp.org\/es\/wp-json\/wp\/v2\/users\/1"}],"replies":[{"embeddable":true,"href":"https:\/\/fundcapp.org\/es\/wp-json\/wp\/v2\/comments?post=871"}],"version-history":[{"count":4,"href":"https:\/\/fundcapp.org\/es\/wp-json\/wp\/v2\/pages\/871\/revisions"}],"predecessor-version":[{"id":878,"href":"https:\/\/fundcapp.org\/es\/wp-json\/wp\/v2\/pages\/871\/revisions\/878"}],"wp:attachment":[{"href":"https:\/\/fundcapp.org\/es\/wp-json\/wp\/v2\/media?parent=871"}],"curies":[{"name":"wp","href":"https:\/\/api.w.org\/{rel}","templated":true}]}}