{"id":918,"date":"2026-02-15T20:12:52","date_gmt":"2026-02-15T19:12:52","guid":{"rendered":"https:\/\/fundcapp.org\/es\/?page_id=918"},"modified":"2026-04-28T14:15:58","modified_gmt":"2026-04-28T12:15:58","slug":"fondo-de-emergencia-para-gaza","status":"publish","type":"page","link":"https:\/\/fundcapp.org\/es\/fondo-de-emergencia-para-gaza\/","title":{"rendered":"Fondo de Emergencia para Gaza"},"content":{"rendered":"\t\t<div data-elementor-type=\"page\" data-elementor-id=\"918\" class=\"elementor elementor-918\" data-elementor-post-type=\"page\">\n\t\t\t\t<div class=\"elementor-element elementor-element-e288fe5 e-flex e-con-boxed e-con e-parent\" data-id=\"e288fe5\" data-element_type=\"container\" data-e-type=\"container\" data-settings=\"{&quot;background_background&quot;:&quot;classic&quot;,&quot;jet_parallax_layout_list&quot;:[]}\">\n\t\t\t\t\t<div class=\"e-con-inner\">\n\t\t\t\t<div class=\"elementor-element elementor-element-4a3f316 elementor-widget elementor-widget-heading\" data-id=\"4a3f316\" data-element_type=\"widget\" data-e-type=\"widget\" data-widget_type=\"heading.default\">\n\t\t\t\t\t<p class=\"elementor-heading-title elementor-size-default\">Fondo de emergencia para Gaza<\/p>\t\t\t\t<\/div>\n\t\t\t\t\t<\/div>\n\t\t\t\t<\/div>\n\t\t<div class=\"elementor-element elementor-element-fcf3019 e-flex e-con-boxed e-con e-parent\" data-id=\"fcf3019\" data-element_type=\"container\" data-e-type=\"container\" data-settings=\"{&quot;jet_parallax_layout_list&quot;:[]}\">\n\t\t\t\t\t<div class=\"e-con-inner\">\n\t\t<div class=\"elementor-element elementor-element-ba54cc7 e-con-full e-flex e-con e-child\" data-id=\"ba54cc7\" data-element_type=\"container\" data-e-type=\"container\" data-settings=\"{&quot;jet_parallax_layout_list&quot;:[]}\">\n\t\t\t\t<div class=\"elementor-element elementor-element-2976deb elementor-widget elementor-widget-heading\" data-id=\"2976deb\" data-element_type=\"widget\" data-e-type=\"widget\" data-widget_type=\"heading.default\">\n\t\t\t\t\t<h2 class=\"elementor-heading-title elementor-size-default\">Emergencia humanitaria en Gaza: <br \/>Tu ayuda puede salvar vidas<\/h2>\t\t\t\t<\/div>\n\t\t\t\t<div class=\"elementor-element elementor-element-4bbba35 elementor-widget elementor-widget-text-editor\" data-id=\"4bbba35\" data-element_type=\"widget\" data-e-type=\"widget\" data-widget_type=\"text-editor.default\">\n\t\t\t\t\t\t\t\t\t<p>La Franja de Gaza enfrenta una de las peores crisis humanitarias de la historia reciente. M\u00e1s de 61.000 personas han perdido la vida, y comunidades enteras han quedado completamente arrasadas.<\/p>\n<p>M\u00e1s del 80% de la infraestructura \u2014hospitales, escuelas, viviendas, sistemas de agua y electricidad\u2014 est\u00e1 destruida o gravemente da\u00f1ada. Miles de familias est\u00e1n desplazadas, sin refugio ni acceso a los recursos m\u00e1s b\u00e1sicos. Cada d\u00eda que pasa, la situaci\u00f3n empeora y las necesidades se multiplican.<\/p>\t\t\t\t\t\t\t\t<\/div>\n\t\t\t\t<div class=\"elementor-element elementor-element-c3854f3 elementor-widget elementor-widget-heading\" data-id=\"c3854f3\" data-element_type=\"widget\" data-e-type=\"widget\" data-widget_type=\"heading.default\">\n\t\t\t\t\t<h2 class=\"elementor-heading-title elementor-size-default\">La Fundaci\u00f3n CAPP responde con compromiso y acci\u00f3n<\/h2>\t\t\t\t<\/div>\n\t\t\t\t<div class=\"elementor-element elementor-element-578aa2f elementor-widget elementor-widget-text-editor\" data-id=\"578aa2f\" data-element_type=\"widget\" data-e-type=\"widget\" data-widget_type=\"text-editor.default\">\n\t\t\t\t\t\t\t\t\t<p>Ante esta cat\u00e1strofe, desde la Fundaci\u00f3n CAPP hemos intensificado nuestros esfuerzos para aliviar el sufrimiento de la poblaci\u00f3n de Gaza. Nuestras principales acciones incluyen:<\/p>\n\n<ul>\n \t<li>\n<p>Distribuci\u00f3n de alimentos b\u00e1sicos: Para que nadie pase hambre.<\/p>\n<\/li>\n \t<li>\n<p>Provisi\u00f3n de asistencia m\u00e9dica y medicamentos esenciales: Apoyamos hospitales desbordados y atendemos a heridos.<\/p>\n<\/li>\n \t<li>\n<p>Suministro de agua potable y kits de higiene: Reducimos el riesgo de enfermedades en medio de una crisis sanitaria.<\/p>\n<\/li>\n \t<li>\n<p>Reconstrucci\u00f3n de hogares y refugios: Ayudamos a las familias a recuperar su dignidad y seguridad.<\/p>\n<\/li>\n<\/ul>\t\t\t\t\t\t\t\t<\/div>\n\t\t\t\t<div class=\"elementor-element elementor-element-7a354ca elementor-widget elementor-widget-heading\" data-id=\"7a354ca\" data-element_type=\"widget\" data-e-type=\"widget\" data-widget_type=\"heading.default\">\n\t\t\t\t\t<h2 class=\"elementor-heading-title elementor-size-default\">Gaza nos necesita. T\u00fa puedes marcar la diferencia.<\/h2>\t\t\t\t<\/div>\n\t\t\t\t<div class=\"elementor-element elementor-element-7477d92 elementor-widget elementor-widget-text-editor\" data-id=\"7477d92\" data-element_type=\"widget\" data-e-type=\"widget\" data-widget_type=\"text-editor.default\">\n\t\t\t\t\t\t\t\t\t<p>Dona ahora mismo<br \/>Cada aportaci\u00f3n cuenta. Haz tu donaci\u00f3n a trav\u00e9s de:<\/p><p>Web:\u00a0<a class=\"\" href=\"http:\/\/www.fundcapp.org\/\" target=\"_new\" rel=\"noopener\">www.fundcapp.org<\/a><br \/>Transferencia bancaria:<br \/>La Caixa: ES82 2100 4345 6001 0020 3981<br \/>Sabadell: ES57 0081 5237 5100 0130 3740<br \/>Bizum ONG: 00547<br \/>Concepto: Emergencia Gaza<\/p><p>\u00danete como padrino o socio<br \/>Cont\u00e1ctanos en:\u00a0<a class=\"cursor-pointer\" rel=\"noopener\">info@fundcapp.org<\/a><br \/>Tel\u00e9fono: 963 664 121 \/ 675 010 259<\/p><p><strong>M\u00e1s de 61.000 almas perdidas<\/strong>\u00a0nos exigen no mirar hacia otro lado.<b><\/b>Unidos, podemos aliviar el dolor, reconstruir vidas y devolver la esperanza.<\/p><p>No esperemos m\u00e1s. Gracias por ser parte de esta misi\u00f3n de vida.<\/p><p style=\"text-align: center;\"><strong>Act\u00faa ahora.<\/strong><\/p>\t\t\t\t\t\t\t\t<\/div>\n\t\t\t\t<\/div>\n\t\t<div class=\"elementor-element elementor-element-398aaab e-con-full e-flex e-con e-child\" data-id=\"398aaab\" data-element_type=\"container\" data-e-type=\"container\" data-settings=\"{&quot;jet_parallax_layout_list&quot;:[]}\">\n\t\t\t\t<div class=\"elementor-element elementor-element-a12ae83 elementor-widget elementor-widget-givewp_donation_form\" data-id=\"a12ae83\" data-element_type=\"widget\" data-e-type=\"widget\" data-settings=\"{&quot;display_style&quot;:&quot;onpage&quot;}\" data-widget_type=\"givewp_donation_form.default\">\n\t\t\t\t\t<div class='root-data-givewp-embed' data-form-locale='es_ES' data-form-url='https:\/\/fundcapp.org\/es\/?post_type=give_forms&amp;p=916' data-form-view-url='https:\/\/fundcapp.org\/es\/?givewp-route=donation-form-view&amp;form-id=916' data-src='https:\/\/fundcapp.org\/es\/?givewp-route=donation-form-view&amp;form-id=916' data-givewp-embed-id='give-form-shortcode-1' data-form-format='onpage' data-open-form-button='Donar ahora' style='--givewp-primary-color: #669966; --givewp-secondary-color: #f49420;'><\/div>\t\t\t\t<\/div>\n\t\t\t\t<div class=\"elementor-element elementor-element-420c6f2 elementor-align-center elementor-widget elementor-widget-button\" data-id=\"420c6f2\" data-element_type=\"widget\" data-e-type=\"widget\" data-widget_type=\"button.default\">\n\t\t\t\t\t\t\t\t\t\t<a class=\"elementor-button elementor-button-link elementor-size-sm\" href=\"https:\/\/fundcapp.org\/es\/solicitud-certificado-para-la-renta\/\">\n\t\t\t\t\t\t<span class=\"elementor-button-content-wrapper\">\n\t\t\t\t\t\t\t\t\t<span class=\"elementor-button-text\">Quiero desgravar mi donaci\u00f3n en la renta<\/span>\n\t\t\t\t\t<\/span>\n\t\t\t\t\t<\/a>\n\t\t\t\t\t\t\t\t<\/div>\n\t\t\t\t<div class=\"elementor-element elementor-element-61981f8 elementor-widget elementor-widget-image\" data-id=\"61981f8\" data-element_type=\"widget\" data-e-type=\"widget\" data-widget_type=\"image.default\">\n\t\t\t\t\t\t\t\t\t\t\t\t\t\t\t<img fetchpriority=\"high\" decoding=\"async\" width=\"800\" height=\"1000\" src=\"https:\/\/fundcapp.org\/es\/wp-content\/uploads\/2026\/02\/gazasemuere.jpg\" class=\"attachment-large size-large wp-image-927\" alt=\"\" srcset=\"https:\/\/fundcapp.org\/es\/wp-content\/uploads\/2026\/02\/gazasemuere.jpg 800w, https:\/\/fundcapp.org\/es\/wp-content\/uploads\/2026\/02\/gazasemuere-240x300.jpg 240w, https:\/\/fundcapp.org\/es\/wp-content\/uploads\/2026\/02\/gazasemuere-768x960.jpg 768w\" sizes=\"(max-width: 800px) 100vw, 800px\" \/>\t\t\t\t\t\t\t\t\t\t\t\t\t\t\t<\/div>\n\t\t\t\t<\/div>\n\t\t\t\t\t<\/div>\n\t\t\t\t<\/div>\n\t\t<div class=\"elementor-element elementor-element-d7ba473 e-flex e-con-boxed e-con e-parent\" data-id=\"d7ba473\" data-element_type=\"container\" data-e-type=\"container\" data-settings=\"{&quot;jet_parallax_layout_list&quot;:[]}\">\n\t\t\t\t\t<div class=\"e-con-inner\">\n\t\t\t\t<div class=\"elementor-element elementor-element-fa6d904 elementor--h-position-center elementor--v-position-middle elementor-arrows-position-inside elementor-pagination-position-inside elementor-widget elementor-widget-slides\" data-id=\"fa6d904\" data-element_type=\"widget\" data-e-type=\"widget\" data-settings=\"{&quot;navigation&quot;:&quot;both&quot;,&quot;autoplay&quot;:&quot;yes&quot;,&quot;pause_on_hover&quot;:&quot;yes&quot;,&quot;pause_on_interaction&quot;:&quot;yes&quot;,&quot;autoplay_speed&quot;:5000,&quot;infinite&quot;:&quot;yes&quot;,&quot;transition&quot;:&quot;slide&quot;,&quot;transition_speed&quot;:500}\" data-widget_type=\"slides.default\">\n\t\t\t\t\t\t\t\t\t\t<div class=\"elementor-slides-wrapper elementor-main-swiper swiper\" role=\"region\" aria-roledescription=\"carousel\" aria-label=\"Slides\" dir=\"ltr\" data-animation=\"fadeInUp\">\n\t\t\t\t<div class=\"swiper-wrapper elementor-slides\">\n\t\t\t\t\t\t\t\t\t\t<div class=\"elementor-repeater-item-4b0cd8e swiper-slide\" role=\"group\" aria-roledescription=\"slide\"><div class=\"swiper-slide-bg\" role=\"img\" aria-label=\"Emergencia en Gaza\"><\/div><div class=\"swiper-slide-inner\" ><div class=\"swiper-slide-contents\"><\/div><\/div><\/div><div class=\"elementor-repeater-item-668e42a swiper-slide\" role=\"group\" aria-roledescription=\"slide\"><div class=\"swiper-slide-bg\" role=\"img\" aria-label=\"Emergencia en Gaza\"><\/div><div class=\"swiper-slide-inner\" ><div class=\"swiper-slide-contents\"><\/div><\/div><\/div><div class=\"elementor-repeater-item-153c861 swiper-slide\" role=\"group\" aria-roledescription=\"slide\"><div class=\"swiper-slide-bg\" role=\"img\" aria-label=\"Emergencia en Gaza\"><\/div><div class=\"swiper-slide-inner\" ><div class=\"swiper-slide-contents\"><\/div><\/div><\/div><div class=\"elementor-repeater-item-656c9dd swiper-slide\" role=\"group\" aria-roledescription=\"slide\"><div class=\"swiper-slide-bg\" role=\"img\" aria-label=\"Emergencia en Gaza\"><\/div><div class=\"swiper-slide-inner\" ><div class=\"swiper-slide-contents\"><\/div><\/div><\/div><div class=\"elementor-repeater-item-3521f5a swiper-slide\" role=\"group\" aria-roledescription=\"slide\"><div class=\"swiper-slide-bg\" role=\"img\" aria-label=\"Emergencia en Gaza\"><\/div><div class=\"swiper-slide-inner\" ><div class=\"swiper-slide-contents\"><\/div><\/div><\/div><div class=\"elementor-repeater-item-2044a76 swiper-slide\" role=\"group\" aria-roledescription=\"slide\"><div class=\"swiper-slide-bg\" role=\"img\" aria-label=\"Emergencia en Gaza\"><\/div><div class=\"swiper-slide-inner\" ><div class=\"swiper-slide-contents\"><\/div><\/div><\/div><div class=\"elementor-repeater-item-ae88ef8 swiper-slide\" role=\"group\" aria-roledescription=\"slide\"><div class=\"swiper-slide-bg\" role=\"img\" aria-label=\"Emergencia en Gaza\"><\/div><div class=\"swiper-slide-inner\" ><div class=\"swiper-slide-contents\"><\/div><\/div><\/div><div class=\"elementor-repeater-item-7b3884a swiper-slide\" role=\"group\" aria-roledescription=\"slide\"><div class=\"swiper-slide-bg\" role=\"img\" aria-label=\"Emergencia en Gaza\"><\/div><div class=\"swiper-slide-inner\" ><div class=\"swiper-slide-contents\"><\/div><\/div><\/div><div class=\"elementor-repeater-item-7a5fc48 swiper-slide\" role=\"group\" aria-roledescription=\"slide\"><div class=\"swiper-slide-bg\" role=\"img\" aria-label=\"Emergencia en Gaza\"><\/div><div class=\"swiper-slide-inner\" ><div class=\"swiper-slide-contents\"><\/div><\/div><\/div><div class=\"elementor-repeater-item-208e9e6 swiper-slide\" role=\"group\" aria-roledescription=\"slide\"><div class=\"swiper-slide-bg\" role=\"img\" aria-label=\"Emergencia en Gaza\"><\/div><div class=\"swiper-slide-inner\" ><div class=\"swiper-slide-contents\"><\/div><\/div><\/div><div class=\"elementor-repeater-item-fe315c3 swiper-slide\" role=\"group\" aria-roledescription=\"slide\"><div class=\"swiper-slide-bg\" role=\"img\" aria-label=\"Emergencia en Gaza\"><\/div><div class=\"swiper-slide-inner\" ><div class=\"swiper-slide-contents\"><\/div><\/div><\/div><div class=\"elementor-repeater-item-67cbd58 swiper-slide\" role=\"group\" aria-roledescription=\"slide\"><div class=\"swiper-slide-bg\" role=\"img\" aria-label=\"Emergencia en Gaza\"><\/div><div class=\"swiper-slide-inner\" ><div class=\"swiper-slide-contents\"><\/div><\/div><\/div>\t\t\t\t<\/div>\n\t\t\t\t\t\t\t\t\t\t\t\t\t\t\t<div class=\"elementor-swiper-button elementor-swiper-button-prev\" role=\"button\" tabindex=\"0\" aria-label=\"Previous slide\">\n\t\t\t\t\t\t\t<svg aria-hidden=\"true\" class=\"e-font-icon-svg e-eicon-chevron-left\" viewBox=\"0 0 1000 1000\" xmlns=\"http:\/\/www.w3.org\/2000\/svg\"><path d=\"M646 125C629 125 613 133 604 142L308 442C296 454 292 471 292 487 292 504 296 521 308 533L604 854C617 867 629 875 646 875 663 875 679 871 692 858 704 846 713 829 713 812 713 796 708 779 692 767L438 487 692 225C700 217 708 204 708 187 708 171 704 154 692 142 675 129 663 125 646 125Z\"><\/path><\/svg>\t\t\t\t\t\t<\/div>\n\t\t\t\t\t\t<div class=\"elementor-swiper-button elementor-swiper-button-next\" role=\"button\" tabindex=\"0\" aria-label=\"Next slide\">\n\t\t\t\t\t\t\t<svg aria-hidden=\"true\" class=\"e-font-icon-svg e-eicon-chevron-right\" viewBox=\"0 0 1000 1000\" xmlns=\"http:\/\/www.w3.org\/2000\/svg\"><path d=\"M696 533C708 521 713 504 713 487 713 471 708 454 696 446L400 146C388 133 375 125 354 125 338 125 325 129 313 142 300 154 292 171 292 187 292 204 296 221 308 233L563 492 304 771C292 783 288 800 288 817 288 833 296 850 308 863 321 871 338 875 354 875 371 875 388 867 400 854L696 533Z\"><\/path><\/svg>\t\t\t\t\t\t<\/div>\n\t\t\t\t\t\t\t\t\t\t\t\t\t\t\t\t<div class=\"swiper-pagination\"><\/div>\n\t\t\t\t\t\t\t\t\t\t\t\t<\/div>\n\t\t\t\t\t\t\t\t<\/div>\n\t\t\t\t<div class=\"elementor-element elementor-element-d2c1c05 elementor-align-center elementor-widget elementor-widget-button\" data-id=\"d2c1c05\" data-element_type=\"widget\" data-e-type=\"widget\" data-widget_type=\"button.default\">\n\t\t\t\t\t\t\t\t\t\t<a class=\"elementor-button elementor-button-link elementor-size-sm\" href=\"https:\/\/fundcapp.org\/es\/wp-content\/uploads\/2025\/07\/no-fono-768x291.png\" target=\"_blank\">\n\t\t\t\t\t\t<span class=\"elementor-button-content-wrapper\">\n\t\t\t\t\t\t<span class=\"elementor-button-icon\">\n\t\t\t\t<svg aria-hidden=\"true\" class=\"e-font-icon-svg e-far-play-circle\" viewBox=\"0 0 512 512\" xmlns=\"http:\/\/www.w3.org\/2000\/svg\"><path d=\"M371.7 238l-176-107c-15.8-8.8-35.7 2.5-35.7 21v208c0 18.4 19.8 29.8 35.7 21l176-101c16.4-9.1 16.4-32.8 0-42zM504 256C504 119 393 8 256 8S8 119 8 256s111 248 248 248 248-111 248-248zm-448 0c0-110.5 89.5-200 200-200s200 89.5 200 200-89.5 200-200 200S56 366.5 56 256z\"><\/path><\/svg>\t\t\t<\/span>\n\t\t\t\t\t\t\t\t\t<span class=\"elementor-button-text\">Ver \u00faltimos videos de la campa\u00f1a de emergencia<\/span>\n\t\t\t\t\t<\/span>\n\t\t\t\t\t<\/a>\n\t\t\t\t\t\t\t\t<\/div>\n\t\t\t\t<div class=\"elementor-element elementor-element-7891e70 elementor-widget elementor-widget-heading\" data-id=\"7891e70\" data-element_type=\"widget\" data-e-type=\"widget\" data-widget_type=\"heading.default\">\n\t\t\t\t\t<h2 class=\"elementor-heading-title elementor-size-default\">\u00daltimas estad\u00edsticas en Gaza<\/h2>\t\t\t\t<\/div>\n\t\t<div class=\"elementor-element elementor-element-f1c6a5a e-con-full e-flex e-con e-child\" data-id=\"f1c6a5a\" data-element_type=\"container\" data-e-type=\"container\" data-settings=\"{&quot;jet_parallax_layout_list&quot;:[]}\">\n\t\t\t\t<div class=\"elementor-element elementor-element-2be5c09 elementor-widget elementor-widget-counter\" data-id=\"2be5c09\" data-element_type=\"widget\" data-e-type=\"widget\" data-widget_type=\"counter.default\">\n\t\t\t\t\t\t\t<div class=\"elementor-counter\">\n\t\t\t<div class=\"elementor-counter-title\">Personas asesinadas<\/div>\t\t\t<div class=\"elementor-counter-number-wrapper\">\n\t\t\t\t<span class=\"elementor-counter-number-prefix\"><\/span>\n\t\t\t\t<span class=\"elementor-counter-number\" data-duration=\"2000\" data-to-value=\"67.173\" data-from-value=\"0\" data-delimiter=\",\">0<\/span>\n\t\t\t\t<span class=\"elementor-counter-number-suffix\"><\/span>\n\t\t\t<\/div>\n\t\t<\/div>\n\t\t\t\t\t\t<\/div>\n\t\t\t\t<div class=\"elementor-element elementor-element-29c50f9 elementor-widget elementor-widget-counter\" data-id=\"29c50f9\" data-element_type=\"widget\" data-e-type=\"widget\" data-widget_type=\"counter.default\">\n\t\t\t\t\t\t\t<div class=\"elementor-counter\">\n\t\t\t<div class=\"elementor-counter-title\">Ni\u00f1os asesinados<\/div>\t\t\t<div class=\"elementor-counter-number-wrapper\">\n\t\t\t\t<span class=\"elementor-counter-number-prefix\"><\/span>\n\t\t\t\t<span class=\"elementor-counter-number\" data-duration=\"2000\" data-to-value=\"25000\" data-from-value=\"0\" data-delimiter=\".\">0<\/span>\n\t\t\t\t<span class=\"elementor-counter-number-suffix\"><\/span>\n\t\t\t<\/div>\n\t\t<\/div>\n\t\t\t\t\t\t<\/div>\n\t\t\t\t<div class=\"elementor-element elementor-element-947de85 elementor-widget elementor-widget-counter\" data-id=\"947de85\" data-element_type=\"widget\" data-e-type=\"widget\" data-widget_type=\"counter.default\">\n\t\t\t\t\t\t\t<div class=\"elementor-counter\">\n\t\t\t<div class=\"elementor-counter-title\">Mujeres asesinadas<\/div>\t\t\t<div class=\"elementor-counter-number-wrapper\">\n\t\t\t\t<span class=\"elementor-counter-number-prefix\"><\/span>\n\t\t\t\t<span class=\"elementor-counter-number\" data-duration=\"2000\" data-to-value=\"17000\" data-from-value=\"0\" data-delimiter=\".\">0<\/span>\n\t\t\t\t<span class=\"elementor-counter-number-suffix\"><\/span>\n\t\t\t<\/div>\n\t\t<\/div>\n\t\t\t\t\t\t<\/div>\n\t\t\t\t<\/div>\n\t\t<div class=\"elementor-element elementor-element-31508c3 e-con-full e-flex e-con e-child\" data-id=\"31508c3\" data-element_type=\"container\" data-e-type=\"container\" data-settings=\"{&quot;jet_parallax_layout_list&quot;:[]}\">\n\t\t\t\t<div class=\"elementor-element elementor-element-8ea391e elementor-widget elementor-widget-counter\" data-id=\"8ea391e\" data-element_type=\"widget\" data-e-type=\"widget\" data-widget_type=\"counter.default\">\n\t\t\t\t\t\t\t<div class=\"elementor-counter\">\n\t\t\t<div class=\"elementor-counter-title\">Her\u00eddos<\/div>\t\t\t<div class=\"elementor-counter-number-wrapper\">\n\t\t\t\t<span class=\"elementor-counter-number-prefix\"><\/span>\n\t\t\t\t<span class=\"elementor-counter-number\" data-duration=\"2000\" data-to-value=\"169780\" data-from-value=\"0\" data-delimiter=\".\">0<\/span>\n\t\t\t\t<span class=\"elementor-counter-number-suffix\"><\/span>\n\t\t\t<\/div>\n\t\t<\/div>\n\t\t\t\t\t\t<\/div>\n\t\t\t\t<div class=\"elementor-element elementor-element-f9c0a91 elementor-widget elementor-widget-counter\" data-id=\"f9c0a91\" data-element_type=\"widget\" data-e-type=\"widget\" data-widget_type=\"counter.default\">\n\t\t\t\t\t\t\t<div class=\"elementor-counter\">\n\t\t\t<div class=\"elementor-counter-title\">Personas perdidas<\/div>\t\t\t<div class=\"elementor-counter-number-wrapper\">\n\t\t\t\t<span class=\"elementor-counter-number-prefix\"><\/span>\n\t\t\t\t<span class=\"elementor-counter-number\" data-duration=\"2000\" data-to-value=\"15000\" data-from-value=\"0\" data-delimiter=\".\">0<\/span>\n\t\t\t\t<span class=\"elementor-counter-number-suffix\"><\/span>\n\t\t\t<\/div>\n\t\t<\/div>\n\t\t\t\t\t\t<\/div>\n\t\t\t\t<div class=\"elementor-element elementor-element-078bcb4 elementor-widget elementor-widget-counter\" data-id=\"078bcb4\" data-element_type=\"widget\" data-e-type=\"widget\" data-widget_type=\"counter.default\">\n\t\t\t\t\t\t\t<div class=\"elementor-counter\">\n\t\t\t<div class=\"elementor-counter-title\">Personas desplazadas<\/div>\t\t\t<div class=\"elementor-counter-number-wrapper\">\n\t\t\t\t<span class=\"elementor-counter-number-prefix\"><\/span>\n\t\t\t\t<span class=\"elementor-counter-number\" data-duration=\"2000\" data-to-value=\"1900000\" data-from-value=\"0\" data-delimiter=\".\">0<\/span>\n\t\t\t\t<span class=\"elementor-counter-number-suffix\"><\/span>\n\t\t\t<\/div>\n\t\t<\/div>\n\t\t\t\t\t\t<\/div>\n\t\t\t\t<\/div>\n\t\t\t\t\t<\/div>\n\t\t\t\t<\/div>\n\t\t\t\t<section class=\"elementor-section elementor-top-section elementor-element elementor-element-5954f48 elementor-section-boxed elementor-section-height-default elementor-section-height-default\" data-id=\"5954f48\" data-element_type=\"section\" data-e-type=\"section\" data-settings=\"{&quot;jet_parallax_layout_list&quot;:[]}\">\n\t\t\t\t\t\t<div class=\"elementor-container elementor-column-gap-default\">\n\t\t\t\t\t<div class=\"elementor-column elementor-col-100 elementor-top-column elementor-element elementor-element-92a927d\" data-id=\"92a927d\" data-element_type=\"column\" data-e-type=\"column\">\n\t\t\t<div class=\"elementor-widget-wrap elementor-element-populated\">\n\t\t\t\t\t\t<div class=\"elementor-element elementor-element-b382997 elementor-widget elementor-widget-givewp_campaign_donations\" data-id=\"b382997\" data-element_type=\"widget\" data-e-type=\"widget\" data-widget_type=\"givewp_campaign_donations.default\">\n\t\t\t\t\t<div\n    class=\"givewp-campaign-donations-block\"    style=\"--givewp-primary-color: #27ae60; --givewp-secondary-color: #f29718;\">\n    <div class=\"givewp-campaign-donations-block__header\">\n        <h2 class=\"givewp-campaign-donations-block__title\">Donaciones recientes<\/h2>\n            <\/div>\n\n            <div class=\"givewp-campaign-donations-block__empty-state\">\n            <h3 class=\"givewp-campaign-donations-block__empty-title\">\n                Cada campa\u00f1a empieza con una donaci\u00f3n.            <\/h3>\n            <p class=\"givewp-campaign-donations-block__empty-description\">\n                \u00a1S\u00e9 quien lo haga realidad!            <\/p>\n\n            <div class=\"givewp-campaign-donations-block__empty-icon\">\n                <img decoding=\"async\"\n                    src=\"https:\/\/fundcapp.org\/es\/wp-content\/plugins\/give\/src\/Campaigns\/Blocks\/CampaignDonations\/resources\/icons\/empty-state.svg\"\n                    alt=\"Empty state icon\"\n                \/>\n            <\/div>\n\n                            <div class=\"givewp-campaign-donations-block__empty-button\">\n                    <button type=\"button\" class=\"givewp-donation-form-modal__open\">S\u00e9 el primero<\/button>                <\/div>\n                    <\/div>\n    <\/div>\n\t\t\t\t<\/div>\n\t\t\t\t\t<\/div>\n\t\t<\/div>\n\t\t\t\t\t<\/div>\n\t\t<\/section>\n\t\t\t\t<\/div>\n\t\t","protected":false},"excerpt":{"rendered":"<p>Fondo de emergencia para Gaza Emergencia humanitaria en Gaza: Tu ayuda puede salvar vidas La Franja de Gaza enfrenta una de las peores crisis humanitarias de la historia reciente. M\u00e1s de 61.000 personas han perdido la vida, y comunidades enteras han quedado completamente arrasadas. M\u00e1s del 80% de la infraestructura \u2014hospitales, escuelas, viviendas, sistemas de &#8230; <a title=\"Fondo de Emergencia para Gaza\" class=\"read-more\" href=\"https:\/\/fundcapp.org\/es\/fondo-de-emergencia-para-gaza\/\" aria-label=\"Leer m\u00e1s sobre Fondo de Emergencia para Gaza\">Leer m\u00e1s<\/a><\/p>\n","protected":false},"author":1,"featured_media":0,"parent":0,"menu_order":0,"comment_status":"closed","ping_status":"closed","template":"elementor_header_footer","meta":{"give_campaign_id":8,"footnotes":""},"class_list":["post-918","page","type-page","status-publish"],"campaignId":"8","_links":{"self":[{"href":"https:\/\/fundcapp.org\/es\/wp-json\/wp\/v2\/pages\/918","targetHints":{"allow":["GET"]}}],"collection":[{"href":"https:\/\/fundcapp.org\/es\/wp-json\/wp\/v2\/pages"}],"about":[{"href":"https:\/\/fundcapp.org\/es\/wp-json\/wp\/v2\/types\/page"}],"author":[{"embeddable":true,"href":"https:\/\/fundcapp.org\/es\/wp-json\/wp\/v2\/users\/1"}],"replies":[{"embeddable":true,"href":"https:\/\/fundcapp.org\/es\/wp-json\/wp\/v2\/comments?post=918"}],"version-history":[{"count":6,"href":"https:\/\/fundcapp.org\/es\/wp-json\/wp\/v2\/pages\/918\/revisions"}],"predecessor-version":[{"id":1125,"href":"https:\/\/fundcapp.org\/es\/wp-json\/wp\/v2\/pages\/918\/revisions\/1125"}],"wp:attachment":[{"href":"https:\/\/fundcapp.org\/es\/wp-json\/wp\/v2\/media?parent=918"}],"curies":[{"name":"wp","href":"https:\/\/api.w.org\/{rel}","templated":true}]}}