{"id":984,"date":"2026-03-25T11:01:44","date_gmt":"2026-03-25T10:01:44","guid":{"rendered":"https:\/\/fundcapp.org\/es\/?page_id=984"},"modified":"2026-03-25T11:06:29","modified_gmt":"2026-03-25T10:06:29","slug":"fondo-para-huerfanos","status":"publish","type":"page","link":"https:\/\/fundcapp.org\/es\/fondo-para-huerfanos\/","title":{"rendered":"Fondo para hu\u00e9rfanos"},"content":{"rendered":"\t\t<div data-elementor-type=\"wp-page\" data-elementor-id=\"984\" class=\"elementor elementor-984\" data-elementor-post-type=\"page\">\n\t\t\t\t<div class=\"elementor-element elementor-element-cb56bc1 e-flex e-con-boxed e-con e-parent\" data-id=\"cb56bc1\" data-element_type=\"container\" data-e-type=\"container\" data-settings=\"{&quot;jet_parallax_layout_list&quot;:[]}\">\n\t\t\t\t\t<div class=\"e-con-inner\">\n\t\t<div class=\"elementor-element elementor-element-5858237 e-con-full e-flex e-con e-child\" data-id=\"5858237\" data-element_type=\"container\" data-e-type=\"container\" data-settings=\"{&quot;jet_parallax_layout_list&quot;:[]}\">\n\t\t\t\t<div class=\"elementor-element elementor-element-95cfa08 elementor-widget elementor-widget-text-editor\" data-id=\"95cfa08\" data-element_type=\"widget\" data-e-type=\"widget\" data-widget_type=\"text-editor.default\">\n\t\t\t\t\t\t\t\t\t<p>Partiendo de la certeza que tenemos de que a muchas personas les gustar\u00eda <strong><a href=\"https:\/\/fundcapp.org\/es\/?page_id=1941\">apadrinar a un hu\u00e9rfano<\/a> <\/strong>o una hu\u00e9rfana en Palestina, pero que no pueden hacerlo por un motivo u otro, hemos creado el Fondo Para <strong>Hu\u00e9rfanos<\/strong> para que todas esas personas puedan colaborar peri\u00f3dica o eventualmente.<\/p><p>La recaudaci\u00f3n de este fondo servir\u00e1 para financiar, total o parcialmente, proyectos a favor de los <strong>hu\u00e9rfanos<\/strong> palestinos con el fin de mejorar su nivel de vida y ayudarles a seguir estudiando para un futuro mejor.<\/p><p>Gracias, de antemano, a todas y todos.<\/p>\t\t\t\t\t\t\t\t<\/div>\n\t\t\t\t<div class=\"elementor-element elementor-element-ccea13a elementor-widget elementor-widget-video\" data-id=\"ccea13a\" data-element_type=\"widget\" data-e-type=\"widget\" data-settings=\"{&quot;youtube_url&quot;:&quot;https:\\\/\\\/youtu.be\\\/geiTXQ1EKmo&quot;,&quot;autoplay&quot;:&quot;yes&quot;,&quot;video_type&quot;:&quot;youtube&quot;,&quot;controls&quot;:&quot;yes&quot;}\" data-widget_type=\"video.default\">\n\t\t\t\t\t\t\t<div class=\"elementor-wrapper elementor-open-inline\">\n\t\t\t<div class=\"elementor-video\"><\/div>\t\t<\/div>\n\t\t\t\t\t\t<\/div>\n\t\t\t\t<div class=\"elementor-element elementor-element-371c13d elementor-widget elementor-widget-video\" data-id=\"371c13d\" data-element_type=\"widget\" data-e-type=\"widget\" data-settings=\"{&quot;youtube_url&quot;:&quot;https:\\\/\\\/www.youtube.com\\\/watch?v=M8WvrpCJd0s&quot;,&quot;autoplay&quot;:&quot;yes&quot;,&quot;video_type&quot;:&quot;youtube&quot;,&quot;controls&quot;:&quot;yes&quot;}\" data-widget_type=\"video.default\">\n\t\t\t\t\t\t\t<div class=\"elementor-wrapper elementor-open-inline\">\n\t\t\t<div class=\"elementor-video\"><\/div>\t\t<\/div>\n\t\t\t\t\t\t<\/div>\n\t\t\t\t<\/div>\n\t\t<div class=\"elementor-element elementor-element-2b5a884 e-con-full e-flex e-con e-child\" data-id=\"2b5a884\" data-element_type=\"container\" data-e-type=\"container\" data-settings=\"{&quot;jet_parallax_layout_list&quot;:[]}\">\n\t\t\t\t<\/div>\n\t\t\t\t\t<\/div>\n\t\t\t\t<\/div>\n\t\t<div class=\"elementor-element elementor-element-d80ac26 e-flex e-con-boxed e-con e-parent\" data-id=\"d80ac26\" data-element_type=\"container\" data-e-type=\"container\" data-settings=\"{&quot;jet_parallax_layout_list&quot;:[]}\">\n\t\t\t\t\t<div class=\"e-con-inner\">\n\t\t\t\t\t<\/div>\n\t\t\t\t<\/div>\n\t\t\t\t<\/div>\n\t\t","protected":false},"excerpt":{"rendered":"<p>Partiendo de la certeza que tenemos de que a muchas personas les gustar\u00eda apadrinar a un hu\u00e9rfano o una hu\u00e9rfana en Palestina, pero que no pueden hacerlo por un motivo u otro, hemos creado el Fondo Para Hu\u00e9rfanos para que todas esas personas puedan colaborar peri\u00f3dica o eventualmente. La recaudaci\u00f3n de este fondo servir\u00e1 para &#8230; <a title=\"Fondo para hu\u00e9rfanos\" class=\"read-more\" href=\"https:\/\/fundcapp.org\/es\/fondo-para-huerfanos\/\" aria-label=\"Leer m\u00e1s sobre Fondo para hu\u00e9rfanos\">Leer m\u00e1s<\/a><\/p>\n","protected":false},"author":3,"featured_media":0,"parent":0,"menu_order":0,"comment_status":"closed","ping_status":"closed","template":"","meta":{"give_campaign_id":0,"footnotes":""},"class_list":["post-984","page","type-page","status-publish"],"campaignId":"","_links":{"self":[{"href":"https:\/\/fundcapp.org\/es\/wp-json\/wp\/v2\/pages\/984","targetHints":{"allow":["GET"]}}],"collection":[{"href":"https:\/\/fundcapp.org\/es\/wp-json\/wp\/v2\/pages"}],"about":[{"href":"https:\/\/fundcapp.org\/es\/wp-json\/wp\/v2\/types\/page"}],"author":[{"embeddable":true,"href":"https:\/\/fundcapp.org\/es\/wp-json\/wp\/v2\/users\/3"}],"replies":[{"embeddable":true,"href":"https:\/\/fundcapp.org\/es\/wp-json\/wp\/v2\/comments?post=984"}],"version-history":[{"count":4,"href":"https:\/\/fundcapp.org\/es\/wp-json\/wp\/v2\/pages\/984\/revisions"}],"predecessor-version":[{"id":988,"href":"https:\/\/fundcapp.org\/es\/wp-json\/wp\/v2\/pages\/984\/revisions\/988"}],"wp:attachment":[{"href":"https:\/\/fundcapp.org\/es\/wp-json\/wp\/v2\/media?parent=984"}],"curies":[{"name":"wp","href":"https:\/\/api.w.org\/{rel}","templated":true}]}}